{"id":108,"date":"2014-10-13T12:22:16","date_gmt":"2014-10-13T12:22:16","guid":{"rendered":"http:\/\/nanoss.apps-1and1.net\/?page_id=108"},"modified":"2024-12-22T08:49:12","modified_gmt":"2024-12-22T07:49:12","slug":"kontakt","status":"publish","type":"page","link":"https:\/\/nanoss.de\/de\/kontakt\/","title":{"rendered":"Kontakt"},"content":{"rendered":"<p><a href=\"\/wp-content\/uploads\/2014\/10\/kontakt.jpg\" rel=\"lightbox[108]\"><img loading=\"lazy\" class=\"alignnone wp-image-175\" src=\"\/wp-content\/uploads\/2014\/10\/kontakt.jpg\" alt=\"kontakt\" width=\"266\" height=\"177\" srcset=\"https:\/\/nanoss.de\/wp-content\/uploads\/2014\/10\/kontakt.jpg 200w, https:\/\/nanoss.de\/wp-content\/uploads\/2014\/10\/kontakt-150x99.jpg 150w\" sizes=\"(max-width: 266px) 100vw, 266px\" \/><\/a><\/p>\n\n\n<!-- Fast Secure Contact Form plugin 4.0.52 - begin - FastSecureContactForm.com -->\r\n<div style=\"clear:both;\"><\/div>\n<p>Bitte hinterlassen Sie uns Ihre Kontaktdaten und Ihre Nachricht. Wir werden uns so schnell wie m\u00f6glich um Ihre Anfrage k\u00fcmmern.<\/p>\r\n<div id=\"FSContact4\" style=\"width:99%; max-width:600px;\">\r\n<form action=\"\/de\/wp-json\/wp\/v2\/pages\/108#FSContact4\" id=\"fscf_form4\" method=\"post\">\r\n\n<div id=\"fscf_required4\">\n  <span style=\"text-align:left;\">*<\/span> <span style=\"text-align:left;\">Bitte f\u00fcllen Sie alle Felder sorgf\u00e4ltig aus.<\/span>\n<\/div>\n\n\n<div id=\"fscf_div_clear4_0\" style=\"clear:both;\">\n  <div id=\"fscf_div_field4_0\" style=\"clear:left; float:left; width:99%; max-width:550px; margin-right:10px;\">\r\n    <div style=\"text-align:left; padding-top:5px;\">\n      <label style=\"text-align:left;\" for=\"fscf_name4\">Name:<span style=\"text-align:left;\">*<\/span><\/label>\n    <\/div>\r\n    <div style=\"text-align:left;\">\r\n      <input style=\"text-align:left; margin:0; width:99%; max-width:350px;\" type=\"text\" id=\"fscf_name4\" name=\"full_name\" value=\"\"  \/>\r\n    <\/div>\r\n  <\/div>\n<\/div>\n\n<div id=\"fscf_div_clear4_1\" style=\"clear:both;\">\n  <div id=\"fscf_div_field4_1\" style=\"clear:left; float:left; width:99%; max-width:550px; margin-right:10px;\">\n    <div style=\"text-align:left; padding-top:5px;\">\n      <label style=\"text-align:left;\" for=\"fscf_email4\">E-Mail Adresse:<span style=\"text-align:left;\">*<\/span><\/label>\n    <\/div>\n    <div style=\"text-align:left;\">\n      <input style=\"text-align:left; margin:0; width:99%; max-width:350px;\" type=\"text\" id=\"fscf_email4\" name=\"email\" value=\"\"  \/>\n    <\/div>\n  <\/div>\n<\/div>\n\n<div id=\"fscf_div_clear4_3\" style=\"clear:both;\">\n  <div id=\"fscf_div_field4_3\" style=\"clear:left; float:left; width:99%; max-width:550px; margin-right:10px;\">\n    <div style=\"text-align:left; padding-top:5px;\">\n      <label style=\"text-align:left;\" for=\"fscf_field4_3\">Ihre Nachricht:<span style=\"text-align:left;\">*<\/span><\/label>\n    <\/div>\n    <div style=\"text-align:left;\">\n      <textarea style=\"text-align:left; margin:0; width:99%; max-width:350px; height:120px;\" id=\"fscf_field4_3\" name=\"message\" cols=\"30\" rows=\"10\" ><\/textarea>\n    <\/div>\n  <\/div>\n<\/div>\n\n<div id=\"fscf_div_clear4_4\" style=\"clear:both;\">\n  <div id=\"fscf_div_field4_4\" style=\"clear:left; float:left; width:99%; max-width:550px; margin-right:10px;\">\n    <div  id=\"fscf_label4_4\" style=\"text-align:left; padding-top:5px;\">\n    <\/div>\n    <div style=\"text-align:left;\">\n      <span><input type=\"checkbox\" style=\"width:13px;\" id=\"fscf_field4_4\" name=\"Ich-habe-die-Datenschutzerklarung-zur-Ke\" value=\"1\" \/> <label style=\"display:inline;\" for=\"fscf_field4_4\">Ich stimme zu, dass meine Angaben aus dem Kontaktformular zur Beantwortung meiner Anfrage erhoben und verarbeitet werden. Die Daten werden nach abgeschlossener Bearbeitung Ihrer Anfrage gel\u00f6scht. Hinweis: Sie k\u00f6nnen Ihre Einwilligung jederzeit f\u00fcr die Zukunft widerrufen.<span style=\"text-align:left;\">*<\/span><\/label><\/span>\n    <\/div>\n\n    <div style=\"clear:both;\"><\/div>\n<li><a href=\"https:\/\/nanoss.de\/de\/haftungsausschluss\/\" target=\"_blank\">Hinweis: Detaillierte Informationen zum Umgang mit Nutzerdaten finden Sie in unserer\r\nDatenschutzerkl\u00e4rung<\/a> <\/li>\n\n  <\/div>\n<\/div>\r\n<div style=\"clear:both;\"><\/div>\n\n<div style=\"text-align:left; padding-top:5px;\">\n<\/div>\n<div id=\"fscf_recaptcha4\"><\/div>\n\n<div id=\"fscf_submit_div4\" style=\"text-align:left; clear:both; padding-top:15px;\">\r\n\t\t<input type=\"submit\" id=\"fscf_submit4\" style=\"cursor:pointer; margin:0;\" value=\"Absenden\"  onclick=\"this.disabled=true; this.value='Ihre Anfrage wird gesendet ...'; this.form.submit();\" \/> \n<\/div>\n\n<input type=\"hidden\" name=\"fscf_submitted\" value=\"0\" \/>\n<input type=\"hidden\" name=\"fs_postonce_4\" value=\"85df30f163d3cb3a8b06866f311c110b,1775518173\" \/>\n<input type=\"hidden\" name=\"si_contact_action\" value=\"send\" \/>\n<input type=\"hidden\" name=\"form_id\" value=\"4\" \/>\n<input type=\"hidden\" name=\"mailto_id\" value=\"1\" \/>\n\n<\/form>\n<\/div>\r\n<div style=\"clear:both;\"><\/div>\n\n<!-- Fast Secure Contact Form plugin 4.0.52 - end - FastSecureContactForm.com -->\n\n<p>&nbsp;<\/p>\n<p><!-- [bestwebsoft_contact_form] --><\/p>\n<p><!-- <code>[wd_contact_form id=\"10\"]<\/code> --><\/p>","protected":false},"excerpt":{"rendered":"<p>&nbsp;<\/p>\n<p class=\"continue-reading-button\"> <a class=\"continue-reading-link\" href=\"https:\/\/nanoss.de\/de\/kontakt\/\">Continue reading<i class=\"crycon-right-dir\"><\/i><\/a><\/p>\n","protected":false},"author":1,"featured_media":0,"parent":0,"menu_order":0,"comment_status":"closed","ping_status":"closed","template":"templates\/template-onecolumn.php","meta":[],"_links":{"self":[{"href":"https:\/\/nanoss.de\/de\/wp-json\/wp\/v2\/pages\/108"}],"collection":[{"href":"https:\/\/nanoss.de\/de\/wp-json\/wp\/v2\/pages"}],"about":[{"href":"https:\/\/nanoss.de\/de\/wp-json\/wp\/v2\/types\/page"}],"author":[{"embeddable":true,"href":"https:\/\/nanoss.de\/de\/wp-json\/wp\/v2\/users\/1"}],"replies":[{"embeddable":true,"href":"https:\/\/nanoss.de\/de\/wp-json\/wp\/v2\/comments?post=108"}],"version-history":[{"count":40,"href":"https:\/\/nanoss.de\/de\/wp-json\/wp\/v2\/pages\/108\/revisions"}],"predecessor-version":[{"id":4854,"href":"https:\/\/nanoss.de\/de\/wp-json\/wp\/v2\/pages\/108\/revisions\/4854"}],"wp:attachment":[{"href":"https:\/\/nanoss.de\/de\/wp-json\/wp\/v2\/media?parent=108"}],"curies":[{"name":"wp","href":"https:\/\/api.w.org\/{rel}","templated":true}]}}