{"id":113,"date":"2014-10-13T12:24:17","date_gmt":"2014-10-13T12:24:17","guid":{"rendered":"http:\/\/nanoss.apps-1and1.net\/?page_id=113"},"modified":"2022-04-05T12:37:26","modified_gmt":"2022-04-05T10:37:26","slug":"news","status":"publish","type":"page","link":"https:\/\/nanoss.de\/de\/news\/","title":{"rendered":"News"},"content":{"rendered":"<p><\/p>\n<h2><strong>2021: Nanoss startet strategische Kooperation in der Entwicklung von diagnostischen Implantaten zur Behandlung von Kongestiver Herzinsuffizienz (CHF)<\/strong><\/h2>\n<p><img loading=\"lazy\" class=\"alignright wp-image-4829\" src=\"https:\/\/nanoss.de\/wp-content\/uploads\/2022\/04\/Fotolia_49061106_XS.jpg\" alt=\"\" width=\"167\" height=\"223\" srcset=\"https:\/\/nanoss.de\/wp-content\/uploads\/2022\/04\/Fotolia_49061106_XS.jpg 300w, https:\/\/nanoss.de\/wp-content\/uploads\/2022\/04\/Fotolia_49061106_XS-225x300.jpg 225w, https:\/\/nanoss.de\/wp-content\/uploads\/2022\/04\/Fotolia_49061106_XS-113x150.jpg 113w\" sizes=\"(max-width: 167px) 100vw, 167px\" \/><\/p>\n<p>Nanoss hat eine strategische Zusammenarbeit mit internationalen Experten zur Entwicklung neuartiger diagnostischer Implantate und Verfahren f\u00fcr die Behandlung von Patienten mit Herzinsuffizienz-Erkrankung begonnen.<\/p>\n<p>Im Zuge der langfristig ausgelegte Gemeinschaftsentwicklung, an der mehrere interdisziplin\u00e4re Partner aus Industrie, Medizin und Forschung beteiligt sind, werden in den kommenden Jahren innovative Technologien bereitgestellt, die die Heim\u00fcberwachung der Krankheit mit neuen telemedizinischen Ans\u00e4tzen b\u00fcndeln und verbesserte begleitende Therapieformen bereitstellen werden.<\/p>\n<p>Dr. Alexander Kaya, Gesch\u00e4ftsf\u00fchrer der NanoScale Systems, Nanoss GmbH sagte: &#8222;Kongestive Herzinsuffizienz ist die fortschreitende Schw\u00e4chung des Herzmuskels, die durch eine Vielzahl von Ursachen, insbesondere Herzinfarkt, Bluthochdruck und Herzmuskelentz\u00fcndung (Myokarditis) auftreten kann&#8220;.<\/p>\n<p>Herzinsuffizienz ist durch hohe Sterblichkeit, h\u00e4ufige Krankenhausaufenthalte und eine erhebliche Beeintr\u00e4chtigung der Lebensqualit\u00e4t gekennzeichnet. Neun Millionen Todesf\u00e4lle allein in Europa werden jedes Jahr auf diese Krankheit zur\u00fcckgef\u00fchrt.<\/p>\n<p>\u201eDie M\u00f6glichkeit bestimmte Vitaldaten, wie den Herzinnendruck, t\u00e4glich zu Hause zu \u00fcberwachen und unter \u00e4rztlicher Aufsicht telemetrisch zu bewerten, k\u00f6nnte eine fr\u00fchzeitige Warnung, oft viele Wochen vor einer sich abzeichnenden akuten Herzinsuffizienz (Dekompensation) erm\u00f6glichen\u201c, sagte Kaya.<\/p>\n<p>Die heutigen Goldstandard-Methoden zur exakten und routinem\u00e4\u00dfigen Bewertung des Herzinnendrucks erfordern sich wiederholende invasive oder chirurgische Eingriffe (z. B. eine Herzkatheteruntersuchung) und sind mit gesundheitlichen Risiken f\u00fcr den Patienten verbunden. Sie sind daher f\u00fcr den t\u00e4glichen Einsatz ungeeignet.<\/p>\n<p>\u201eWir haben diese neuartige Entwicklung ins Leben gerufen, um die gravierenden Nachteile der derzeitigen invasiven \u00dcberwachungstechniken in Bezug auf die Patientensicherheit zu verbessern. Unsere mobile Sensorik- und Kommunikationsplattform ist so konzipiert, dass sie mit minimal-invasiven Techniken langfristig implantiert wird und eine kontinuierliche Echtzeit\u00fcberwachung des Herzinnendrucks und anderer h\u00e4modynamischer Vitalparameter \u00fcber mehrere Jahre erm\u00f6glicht. Unter Einsatz neuer Fertigungsmethoden der Mikrosystemtechnik, Nanotechnologie und medizinisch bew\u00e4hrter Materialien k\u00f6nnen wir die Miniaturisierung der Sensoren weiter erh\u00f6hen und dabei den hohen physiologischen Anforderungen an die Sensoren, wie geringe Baugr\u00f6\u00dfe, Biokompatibilit\u00e4t, Langlebigkeit und Patientensicherheit gerecht werden\u201c so Kaya weiter.<\/p>\n<p>Die kontinuierliche \u00dcberwachung des Blutdrucks im Inneren des Herzens ist entscheidend f\u00fcr die fr\u00fchzeitige Vorhersage einer Herzinsuffizienz. Auf Grundlage zuverl\u00e4ssiger physiologischer Daten in Verbindung mit einem proaktiven Patientenmanagement k\u00f6nnen die Folgen der Erkrankung, sofern sie rechtzeitig erkannt wird, reduziert und die Wahrscheinlichkeit einer Krankenhauseinweisung verringert werden, wie zahlreiche klinische Studien aus Europa und Nordamerika belegen.<\/p>\n<p>Das \u00fcber mehrere Jahre angelegte Entwicklungsprojekt wird vom deutschen Bundesministerium f\u00fcr Bildung und Forschung (BMBF) gef\u00f6rdert.<\/p>\n<p>_________________________________________________________________________________________________________________<\/p>\n<p>&nbsp;<\/p>\n<h2><strong>16.03.2017: Die Hessische Ministerin f\u00fcr Bundes- und Europaangelegenheiten Lucia Puttrich im Gespr\u00e4ch mit der Nanoss GmbH \u00fcber den Forschungsstandort Hessen<br \/>\n<\/strong><\/h2>\n<div id=\"attachment_4670\" style=\"width: 200px\" class=\"wp-caption alignright\"><img aria-describedby=\"caption-attachment-4670\" loading=\"lazy\" class=\"wp-image-4670\" src=\"https:\/\/nanoss.de\/wp-content\/uploads\/2017\/03\/Lucia_Puttrich-mit-Wappen.jpg\" width=\"190\" height=\"189\" srcset=\"https:\/\/nanoss.de\/wp-content\/uploads\/2017\/03\/Lucia_Puttrich-mit-Wappen.jpg 664w, https:\/\/nanoss.de\/wp-content\/uploads\/2017\/03\/Lucia_Puttrich-mit-Wappen-150x150.jpg 150w, https:\/\/nanoss.de\/wp-content\/uploads\/2017\/03\/Lucia_Puttrich-mit-Wappen-300x298.jpg 300w, https:\/\/nanoss.de\/wp-content\/uploads\/2017\/03\/Lucia_Puttrich-mit-Wappen-151x150.jpg 151w\" sizes=\"(max-width: 190px) 100vw, 190px\" \/><p id=\"caption-attachment-4670\" class=\"wp-caption-text\">Lucia Puttrich, Hessische Landesministerin f\u00fcr Bundes- und Europaangelegenheiten<\/p><\/div>\n<p>Staatsministerin Lucia Puttrich sprach am Donnerstag mit der NanoScale Systems, Nanoss GmbH \u00fcber das Europ\u00e4ische F\u00f6rderprogramm <strong>Horizont 2020<\/strong>. Bei dem Gespr\u00e4ch ging es u.a. um neue Verfahren zur Verbesserung der Behandlungsm\u00f6glichkeiten von Herzinsuffizienz.<\/p>\n<p>\u201eVon hessischen Innovationen profitieren nicht nur die Region, sondern auch Deutschland und Europa nachhaltig.\u201c, sagte Lucia Puttrich bei ihrem Besuch in Darmstadt. Das gro\u00dfe innovative Potenzial kleiner und mittelst\u00e4ndischer Unternehmen zeige deren gro\u00dfe Bedeutung f\u00fcr den Forschungs- und Entwicklungsstandort Hessen.<\/p>\n<p>Die Nanoss GmbH entwickelt extrem miniaturisierte Sensoren, die zur kontinuierlichen Blutdruckmessung im K\u00f6rper zum Einsatz kommen werden und besonders hohe Anforderungen an minimale Invasivit\u00e4t, Biokompatibilit\u00e4t und Energieeffizienz stellen.<\/p>\n<p>Dr. Alexander Kaya, Gesch\u00e4ftsf\u00fchrer NanoScale Systems, Nanoss GmbH sagte: \u201eSensoren, die im K\u00f6rper die Langzeit\u00fcberwachung von wichtigen Lebensfunktionen \u00fcbernehmen, z\u00e4hlen nun seit mehr als zwei Jahrzehnten zu den gr\u00f6\u00dften ungel\u00f6sten Herausforderungen in der Medizintechnik. Erst durch die Kombination ausgekl\u00fcgelter Technologien und den Zusammenschluss multidisziplin\u00e4r arbeitender Experten werden echte Erneuerungen geschaffen, die den Patienten eine bestm\u00f6gliche und schonende Therapie erm\u00f6glichen werden.<\/p>\n<h4><a href=\"https:\/\/europanetzwerk.hessen.de\/pressemitteilungen\/europaministerin-puttrich-besucht-zwei-unternehmen-darmstadt\" target=\"_blank\" rel=\"noopener\"><strong>Lesen Sie hier den vollst\u00e4ndigen Artikel<\/strong><\/a><\/h4>\n<p><a href=\"https:\/\/europanetzwerk.hessen.de\/pressemitteilungen\/europaministerin-puttrich-besucht-zwei-unternehmen-darmstadt\">https:\/\/europanetzwerk.hessen.de\/pressemitteilungen\/europaministerin-puttrich-besucht-zwei-unternehmen-darmstadt<\/a><\/p>\n<p>&nbsp;<\/p>\n<p>_______________________________________________________________________________________________________________________<\/p>\n<h2><\/h2>\n<h2><strong>2016: Renommierter Verlag &#8222;<em><span style=\"color: #339966;\">nature<\/span><\/em>&#8220; ver\u00f6ffentlicht wegweisenden Artikel zu <\/strong><strong>nano3DSense-Sensoren in\u00a0September-Ausgabe &#8222;nature communications&#8220;<\/strong><\/h2>\n<h4>Der renommierte Wissenschafts-Verlag \u201c<em><span style=\"color: #339966;\"><strong>nature<\/strong><\/span><\/em>\u201d hat in seiner September-Ausgabe des Journals &#8222;nature communications&#8220; bahnbrechende Ergebnisse auf dem Gebiet Sub-Mikrometer gro\u00dfer Kraftsensoren f\u00fcr die schnelle Nanocharakterisierung und Biosensorik ver\u00f6ffentlicht. Die neuartige <strong>3D Nanodruck-Sensor-Technologie<\/strong> <strong>nano3DSense <\/strong>spielt eine \u00fcberragende Rolle bei der kommerziellen Herstellung kleinster heute bekannter Sensoren zur Kr\u00e4fte- und Druckmessung mit bislang unerreichter Miniaturisierbarkeit, Messgeschwindigkeit und Messgenauigkeit.<\/h4>\n<h4><\/h4>\n<h4><span style=\"color: #000000;\"><em>Nature Communications<\/em> ist ein sogenanntes <\/span>&#8222;peer-reviewed open access scientific&#8220; Journal, das von der einflussreichen<strong> Nature Publishing Group<\/strong> herausgegeben wird. Gem\u00e4\u00df den \u201c<em>Journal Citation Reports (JCR)\u201d<\/em>, besitzt das Journal einen &#8222;impact factor&#8220; von 11.329 (2015). In 2012 wurde <span style=\"color: #000000;\"><em>Nature Communications <\/em><\/span>von JCR auf Rank 3 und von \u201c<em>Scientific Reports\u201d<\/em> auf Rank 8 der <strong>Top 10 multidisziplin\u00e4ren wissenschaftlichen Titel<\/strong> platziert.<\/h4>\n<p>&nbsp;<\/p>\n<h2><strong><a href=\"http:\/\/www.nature.com\/articles\/ncomms12487\" target=\"_blank\" rel=\"noopener\">Lesen Sie den Artikel kostenfrei <\/a><a href=\"http:\/\/www.nature.com\/articles\/ncomms12487\" target=\"_blank\" rel=\"noopener\">online <\/a><a href=\"http:\/\/www.nature.com\/articles\/ncomms12487\" target=\"_blank\" rel=\"noopener\">auf <span style=\"color: #339966;\">nature.com<\/span>: <em>&#8222;Direct-write nanoscale printing of nanogranular tunnelling strain sensors for sub-micrometre cantilevers&#8220;<\/em><\/a><\/strong><\/h2>\n<p><i>(Nature Communications<\/i> <b>7<\/b>, Article\u00a0number:\u00a012487 (2016))<\/p>\n<p>_______________________________________________________________________________________________________________________<\/p>\n<h2><\/h2>\n<h2><strong>2016: Nanoss erh\u00e4lt BMBF-F\u00f6rderung f\u00fcr neue Sensortechnologie<br \/>\n<\/strong><\/h2>\n<h4><img loading=\"lazy\" class=\"alignright size-medium wp-image-3744\" src=\"https:\/\/nanoss.de\/wp-content\/uploads\/2016\/07\/BMBF_3-300x147.png\" alt=\"BMBF_3\" width=\"300\" height=\"147\" srcset=\"https:\/\/nanoss.de\/wp-content\/uploads\/2016\/07\/BMBF_3-300x147.png 300w, https:\/\/nanoss.de\/wp-content\/uploads\/2016\/07\/BMBF_3-250x122.png 250w, https:\/\/nanoss.de\/wp-content\/uploads\/2016\/07\/BMBF_3-150x73.png 150w, https:\/\/nanoss.de\/wp-content\/uploads\/2016\/07\/BMBF_3.png 614w\" sizes=\"(max-width: 300px) 100vw, 300px\" \/><\/h4>\n<h4><strong>Nanoss GmbH startet ein vom BMBF <\/strong>(<strong>\u201cBundesministerium f\u00fcr Bildung und Forschung\u201d) gef\u00f6rdertes Projekt<\/strong> f\u00fcr die Entwicklung von Gassensoren der n\u00e4chsten Generation auf Basis der neuartigen nano3DSense 3D Nanodruck-Technology<\/h4>\n<p><a href=\"https:\/\/www.bmbf.de\/\" target=\"_blank\" rel=\"noopener\"><br \/>\nhttps:\/\/www.bmbf.de\/<\/a><\/p>\n<p>_______________________________________________________________________________________________________________________<\/p>\n<h2><\/h2>\n<h2><strong>2015: Nanoss GmbH gewinnt den begehrten &#8222;TechConnect Innovation Award&#8220; f\u00fcr ma\u00dfgeschneiderte Sensoren<br \/>\n<\/strong><\/h2>\n<h4><strong>TechConnect World Innovation Conference &amp; Expo 2015, June 14-17, 2015, Washington, DC<\/strong><\/h4>\n<p><strong>Nanoss GmbH gewinnt den begehrten &#8222;TechConnect Innovation Award 2015&#8220;<\/strong> f\u00fcr &#8222;Novel 3D-Printing on the Nanoscale for Tailored Sensors and Electronics&#8220;, Washington, DC<\/p>\n<p><img loading=\"lazy\" class=\"alignright wp-image-3728 size-medium\" src=\"https:\/\/nanoss.de\/wp-content\/uploads\/2016\/07\/TechConnect-2015-IMG_0023-225x300.jpg\" alt=\"TechConnect 2015 IMG_0023\" width=\"225\" height=\"300\" srcset=\"https:\/\/nanoss.de\/wp-content\/uploads\/2016\/07\/TechConnect-2015-IMG_0023-225x300.jpg 225w, https:\/\/nanoss.de\/wp-content\/uploads\/2016\/07\/TechConnect-2015-IMG_0023-768x1024.jpg 768w, https:\/\/nanoss.de\/wp-content\/uploads\/2016\/07\/TechConnect-2015-IMG_0023-113x150.jpg 113w, https:\/\/nanoss.de\/wp-content\/uploads\/2016\/07\/TechConnect-2015-IMG_0023.jpg 1536w\" sizes=\"(max-width: 225px) 100vw, 225px\" \/><\/p>\n<p><strong>\u00a0<\/strong><\/p>\n<p><a href=\"http:\/\/www.techconnectworld.com\/World2015\/participate\/innovation\/innovation_awards.html\" target=\"_blank\" rel=\"noopener\">http:\/\/www.techconnectworld.com\/World2015\/participate\/innovation\/innovation_awards.html<\/a><\/p>\n<p>_______________________________________________________________________________________________________________________<\/p>\n<h2><\/h2>\n<h2><\/h2>\n<h2><strong>2015: Nanoss GmbH auf der <\/strong><strong>TechConnect World Innovation Conference &amp; Expo, Washington, DC, 14.-17. Juni<br \/>\n<\/strong><\/h2>\n<h4><strong>Nanoss GmbH auf der TechConnect World Innovation Conference:<\/strong><\/h4>\n<p>Pr\u00e4sentation zum Thema: &#8222;Biotech, Medical &amp; Pharma: Innovation Spotlights: Medical Devices&#8220;<\/p>\n<p><a href=\"http:\/\/www.techconnectworld.com\/World2015\/industry\/BiotechPharma_Industry.html\" target=\"_blank\" rel=\"noopener\">http:\/\/www.techconnectworld.com\/World2015\/industry\/BiotechPharma_Industry.html<\/a><\/p>\n<h4>Ausstellung:<\/h4>\n<p><a href=\"http:\/\/www.techconnectworld.com\/World2015\/exhibitors.html?sort_by=booth_no\" target=\"_blank\" rel=\"noopener\">http:\/\/www.techconnectworld.com\/World2015\/exhibitors.html?sort_by=booth_no<\/a><br \/>\n_______________________________________________________________________________________________________________________<\/p>\n<h2><\/h2>\n<h2><strong>2015: Nanoss GmbH auf der HANNOVER MESSE, Germany, 13.-17. April <\/strong><\/h2>\n<h4><img loading=\"lazy\" class=\"alignright size-medium wp-image-3752\" src=\"https:\/\/nanoss.de\/wp-content\/uploads\/2016\/07\/Logo_VDITZ-300x72.jpg\" alt=\"Logo_VDITZ\" width=\"300\" height=\"72\" srcset=\"https:\/\/nanoss.de\/wp-content\/uploads\/2016\/07\/Logo_VDITZ-300x72.jpg 300w, https:\/\/nanoss.de\/wp-content\/uploads\/2016\/07\/Logo_VDITZ-768x183.jpg 768w, https:\/\/nanoss.de\/wp-content\/uploads\/2016\/07\/Logo_VDITZ-250x60.jpg 250w, https:\/\/nanoss.de\/wp-content\/uploads\/2016\/07\/Logo_VDITZ-150x36.jpg 150w, https:\/\/nanoss.de\/wp-content\/uploads\/2016\/07\/Logo_VDITZ.jpg 900w\" sizes=\"(max-width: 300px) 100vw, 300px\" \/><\/h4>\n<h4><span style=\"text-decoration: underline;\"><a href=\"http:\/\/www.vditz.de\/fileadmin\/media\/publications\/pdf\/Neue_Werkstoffe__Nanotechnologie_-_Made_in_Germany-2015.pdf\" target=\"_blank\" rel=\"noopener\"><strong>Download unseres neuen Firmenprofils<\/strong><\/a><\/span> (in Englisch und Deutsch) \u201cNeue Werkstoffe, Nanotechnologie \u2013 Made in Germany\u201c auf der HANNOVER MESSE 2015, Germany in Kooperation mit dem VDI (Verein Deutscher Ingenieure) und BMBF (Bundesministerium f\u00fcr Bildung und Forschung).<\/h4>\n<h4><img loading=\"lazy\" class=\"alignright size-medium wp-image-3744\" src=\"https:\/\/nanoss.de\/wp-content\/uploads\/2016\/07\/BMBF_3-300x147.png\" alt=\"BMBF_3\" width=\"300\" height=\"147\" srcset=\"https:\/\/nanoss.de\/wp-content\/uploads\/2016\/07\/BMBF_3-300x147.png 300w, https:\/\/nanoss.de\/wp-content\/uploads\/2016\/07\/BMBF_3-250x122.png 250w, https:\/\/nanoss.de\/wp-content\/uploads\/2016\/07\/BMBF_3-150x73.png 150w, https:\/\/nanoss.de\/wp-content\/uploads\/2016\/07\/BMBF_3.png 614w\" sizes=\"(max-width: 300px) 100vw, 300px\" \/><\/h4>\n<h4>Seite 146<\/h4>\n<p>&nbsp;<\/p>\n<p><a href=\"http:\/\/www.vditz.de\/fileadmin\/media\/publications\/pdf\/Neue_Werkstoffe__Nanotechnologie_-_Made_in_Germany-2015.pdf\" target=\"_blank\" rel=\"noopener\">http:\/\/www.vditz.de\/fileadmin\/media\/publications\/pdf\/Neue_Werkstoffe__Nanotechnologie_-_Made_in_Germany-2015.pdf<\/a><\/p>\n<p>_______________________________________________________________________________________________________________________<\/p>\n<h2><\/h2>\n<p>&nbsp;<\/p>\n<p>&nbsp;<\/p>\n<h2><strong>2014: Best Sensor Award 2014 f\u00fcr nano3DSense<\/strong><\/h2>\n<h2><img loading=\"lazy\" class=\"size-medium wp-image-3684 alignright\" src=\"https:\/\/nanoss.de\/wp-content\/uploads\/2016\/07\/sensors-14-01898-ag-300x200.png\" alt=\"sensors-14-01898-ag\" width=\"300\" height=\"200\" srcset=\"https:\/\/nanoss.de\/wp-content\/uploads\/2016\/07\/sensors-14-01898-ag-300x200.png 300w, https:\/\/nanoss.de\/wp-content\/uploads\/2016\/07\/sensors-14-01898-ag-225x150.png 225w, https:\/\/nanoss.de\/wp-content\/uploads\/2016\/07\/sensors-14-01898-ag-150x100.png 150w, https:\/\/nanoss.de\/wp-content\/uploads\/2016\/07\/sensors-14-01898-ag.png 350w\" sizes=\"(max-width: 300px) 100vw, 300px\" \/><\/h2>\n<p><strong>Nanoss GmbH<\/strong> <strong>gewinnt den \u201eBest Sensor Award 2014<\/strong>\u201c des renommierten Magazins \u201eSensors\u201c f\u00fcr \u201eA Tunable Strain Sensor Using Nanogranular Metals\u201c<\/p>\n<p>&nbsp;<\/p>\n<p><a href=\"http:\/\/www.mdpi.com\/1424-8220\/14\/1\/1898\/pdf\" target=\"_blank\" rel=\"noopener\">www.mdpi.com\/1424-8220\/14\/1\/1898\/pdf<\/a><\/p>\n<p>&nbsp;<\/p>\n<p>_______________________________________________________________________________________________________________________<\/p>\n<p>&nbsp;<\/p>\n<h2><strong>2013: Nanoss GmbH startet mit dem FP7 EU-Projekt FALCON die neue Generation von Sensoren f\u00fcr &#8222;Highspeed&#8220;-AFM<\/strong><\/h2>\n<p><img loading=\"lazy\" class=\"wp-image-170 size-full alignright\" src=\"\/wp-content\/uploads\/2014\/10\/Logo-Seventh-Framework-Programme.jpg\" alt=\"Logo Seventh Framework Programme\" width=\"232\" height=\"85\" srcset=\"https:\/\/nanoss.de\/wp-content\/uploads\/2014\/10\/Logo-Seventh-Framework-Programme.jpg 232w, https:\/\/nanoss.de\/wp-content\/uploads\/2014\/10\/Logo-Seventh-Framework-Programme-150x54.jpg 150w\" sizes=\"(max-width: 232px) 100vw, 232px\" \/><\/p>\n<p>&nbsp;<\/p>\n<p><strong>EU-F\u00f6rderpreis f\u00fcr Nanoss GmbH<\/strong>: Nanoss kn\u00fcpft an das erfolgreiche EU-Projekt ALBICAN an und startet das FP7-Nachfolgeprojekt FALCON f\u00fcr die Markteinf\u00fchrungsphase der n\u00e4chsten Generation von selbstauslesenden &#8222;Highspeed&#8220; AFM-Cantilevern.<\/p>\n<p><a href=\"http:\/\/development.freesponsible.biz\" target=\"_blank\" rel=\"noopener\">Projekt Homepage: <\/a><a href=\"http:\/\/falcon.freesponsible.info\/\" target=\"_blank\" rel=\"noopener\">falcon.freesponsible.info<\/a><a href=\"http:\/\/falcon.freesponsible.info\" target=\"_blank\" rel=\"noopener\"><img loading=\"lazy\" class=\"wp-image-169 alignright\" src=\"\/wp-content\/uploads\/2014\/10\/Logo-Falcon.jpg\" alt=\"Logo Falcon\" width=\"227\" height=\"100\" srcset=\"https:\/\/nanoss.de\/wp-content\/uploads\/2014\/10\/Logo-Falcon.jpg 227w, https:\/\/nanoss.de\/wp-content\/uploads\/2014\/10\/Logo-Falcon-150x66.jpg 150w, https:\/\/nanoss.de\/wp-content\/uploads\/2014\/10\/Logo-Falcon-225x100.jpg 225w\" sizes=\"(max-width: 227px) 100vw, 227px\" \/><\/a><\/p>\n<p>&nbsp;<\/p>\n<p>&nbsp;<\/p>\n<p>_______________________________________________________________________________________________________________________<\/p>\n<p>&nbsp;<\/p>\n<h2><strong>2012: Nanoss auf der Sensor &amp; Test, N\u00fcrnberg, Germany, 22.-24. Mai<\/strong><\/h2>\n<p>&nbsp;<\/p>\n<p><strong>Nanoss GmbH auf der Sensor &amp; Test 2012<\/strong> in der \u201eGMA\/ITG-Fachtagung Sensoren und Messsysteme\u201c mit dem eingeladenen Podiumsvortrag \u201eNew pathways for pressure and force sensor systems \u2013 Strain sensing with nanogranular metals\u201c.<\/p>\n<p>&nbsp;<\/p>\n<p><a href=\"http:\/\/www.ama-science.org\/proceedings\/details\/749\" target=\"_blank\" rel=\"noopener\">www.ama-science.org\/proceedings\/details\/749<\/a><\/p>\n<p>_______________________________________________________________________________________________________________________<\/p>\n<p>&nbsp;<\/p>\n<h2><strong>2011:\u00a0nano3DSense startet im FP7 EU-Projekt ALBICAN neue Sensortechnologie<br \/>\n<\/strong><\/h2>\n<p><img loading=\"lazy\" class=\"alignnone wp-image-170 size-full alignright\" src=\"\/wp-content\/uploads\/2014\/10\/Logo-Seventh-Framework-Programme.jpg\" alt=\"Logo Seventh Framework Programme\" width=\"232\" height=\"85\" srcset=\"https:\/\/nanoss.de\/wp-content\/uploads\/2014\/10\/Logo-Seventh-Framework-Programme.jpg 232w, https:\/\/nanoss.de\/wp-content\/uploads\/2014\/10\/Logo-Seventh-Framework-Programme-150x54.jpg 150w\" sizes=\"(max-width: 232px) 100vw, 232px\" \/><\/p>\n<p><strong>EU-F\u00f6rderpreis f\u00fcr Nanoss GmbH<\/strong>: Die\u00a0<a title=\"nano3DSense auf einen Blick: Branchen \u00fcbergreifende Technologieplattform\" href=\"\/de\/nano3sense-endecken\/\">nano3DSense<\/a> &#8211; Sensorik-Plattform h\u00e4lt Einzug in die Rasterkraftmikroskopie (AFM): Nanoss startet erfolgreich das FP7 EU-Projekt ALBICAN f\u00fcr die Entwicklung von neuartigen selbstauslesenden (&#8222;self-sensing&#8220;) Cantilevern im Einsatz f\u00fcr ultraschnelle Rasterkraftmikroskopie sowie f\u00fcr Bio- und Life Science Anwendungen.<\/p>\n<p>&nbsp;<\/p>\n<h4><span style=\"text-decoration: underline;\"><a href=\"https:\/\/nanoss.de\/wp-content\/uploads\/2016\/07\/albican-high-res.pdf\">Download article: Introducing novel Atomic Force Microscopy (AFM) with 3D nanoprinting.<\/a><\/span><\/h4>\n<p><a href=\"http:\/\/development.freesponsible.biz\/\"><img loading=\"lazy\" class=\"wp-image-168 size-full alignright\" src=\"\/wp-content\/uploads\/2014\/10\/Logo-albican.jpg\" alt=\"Logo albican\" width=\"194\" height=\"86\" srcset=\"https:\/\/nanoss.de\/wp-content\/uploads\/2014\/10\/Logo-albican.jpg 194w, https:\/\/nanoss.de\/wp-content\/uploads\/2014\/10\/Logo-albican-150x66.jpg 150w\" sizes=\"(max-width: 194px) 100vw, 194px\" \/><\/a><\/p>\n<p><a href=\"http:\/\/development.freesponsible.biz\" target=\"_blank\" rel=\"noopener\">Projekt Homepage: http:\/\/development.freesponsible.biz<\/a><\/p>\n<p>&nbsp;<\/p>\n<p>&nbsp;<\/p>\n<p>&nbsp;<\/p>\n<p>&nbsp;<\/p>\n<p>_______________________________________________________________________________________________________________________<\/p>\n<p>_______________________________________________________________________________________________________________________<\/p>","protected":false},"excerpt":{"rendered":"<p>2021: Nanoss startet strategische Kooperation in der Entwicklung von diagnostischen Implantaten zur Behandlung von Kongestiver Herzinsuffizienz (CHF) Nanoss hat eine strategische Zusammenarbeit mit internationalen Experten zur Entwicklung neuartiger diagnostischer Implantate und Verfahren f\u00fcr die Behandlung von Patienten mit Herzinsuffizienz-Erkrankung begonnen. Im Zuge der langfristig ausgelegte Gemeinschaftsentwicklung, an der mehrere interdisziplin\u00e4re \u2026<\/p>\n<p class=\"continue-reading-button\"> <a class=\"continue-reading-link\" href=\"https:\/\/nanoss.de\/de\/news\/\">Continue reading<i class=\"crycon-right-dir\"><\/i><\/a><\/p>\n","protected":false},"author":1,"featured_media":0,"parent":0,"menu_order":0,"comment_status":"closed","ping_status":"closed","template":"","meta":[],"_links":{"self":[{"href":"https:\/\/nanoss.de\/de\/wp-json\/wp\/v2\/pages\/113"}],"collection":[{"href":"https:\/\/nanoss.de\/de\/wp-json\/wp\/v2\/pages"}],"about":[{"href":"https:\/\/nanoss.de\/de\/wp-json\/wp\/v2\/types\/page"}],"author":[{"embeddable":true,"href":"https:\/\/nanoss.de\/de\/wp-json\/wp\/v2\/users\/1"}],"replies":[{"embeddable":true,"href":"https:\/\/nanoss.de\/de\/wp-json\/wp\/v2\/comments?post=113"}],"version-history":[{"count":261,"href":"https:\/\/nanoss.de\/de\/wp-json\/wp\/v2\/pages\/113\/revisions"}],"predecessor-version":[{"id":4842,"href":"https:\/\/nanoss.de\/de\/wp-json\/wp\/v2\/pages\/113\/revisions\/4842"}],"wp:attachment":[{"href":"https:\/\/nanoss.de\/de\/wp-json\/wp\/v2\/media?parent=113"}],"curies":[{"name":"wp","href":"https:\/\/api.w.org\/{rel}","templated":true}]}}