{"id":1762,"date":"2014-12-19T20:18:30","date_gmt":"2014-12-19T19:18:30","guid":{"rendered":"http:\/\/nanoss.apps-1and1.net\/?page_id=1762"},"modified":"2024-12-22T08:48:01","modified_gmt":"2024-12-22T07:48:01","slug":"vorwort","status":"publish","type":"page","link":"https:\/\/nanoss.de\/de\/vorwort\/","title":{"rendered":"Gru\u00dfwort der Gesch\u00e4ftsf\u00fchrung"},"content":{"rendered":"<p>&nbsp;<\/p>\n<h1>Sehr geehrte Gesch\u00e4ftspartnerin,\u00a0\u00a0\u00a0\u00a0\u00a0\u00a0\u00a0\u00a0\u00a0\u00a0\u00a0\u00a0\u00a0\u00a0\u00a0\u00a0\u00a0\u00a0\u00a0\u00a0\u00a0\u00a0\u00a0\u00a0\u00a0\u00a0\u00a0\u00a0\u00a0\u00a0\u00a0\u00a0\u00a0\u00a0\u00a0\u00a0\u00a0\u00a0\u00a0\u00a0\u00a0\u00a0\u00a0\u00a0\u00a0\u00a0\u00a0\u00a0\u00a0\u00a0\u00a0\u00a0\u00a0\u00a0\u00a0\u00a0\u00a0\u00a0\u00a0\u00a0\u00a0\u00a0\u00a0\u00a0\u00a0\u00a0\u00a0\u00a0\u00a0\u00a0\u00a0\u00a0\u00a0\u00a0\u00a0\u00a0 sehr geehrter Gesch\u00e4ftspartner,<\/h1>\n<p>&nbsp;<\/p>\n<div id=\"attachment_1781\" style=\"width: 313px\" class=\"wp-caption alignright\"><a href=\"\/wp-content\/uploads\/2014\/12\/AlexanderKaya3.jpg\" rel=\"lightbox[1762]\"><img aria-describedby=\"caption-attachment-1781\" loading=\"lazy\" class=\"wp-image-1781\" src=\"\/wp-content\/uploads\/2014\/12\/AlexanderKaya3.jpg\" alt=\"\" width=\"303\" height=\"214\" srcset=\"https:\/\/nanoss.de\/wp-content\/uploads\/2014\/12\/AlexanderKaya3.jpg 342w, https:\/\/nanoss.de\/wp-content\/uploads\/2014\/12\/AlexanderKaya3-300x212.jpg 300w, https:\/\/nanoss.de\/wp-content\/uploads\/2014\/12\/AlexanderKaya3-211x150.jpg 211w, https:\/\/nanoss.de\/wp-content\/uploads\/2014\/12\/AlexanderKaya3-150x106.jpg 150w\" sizes=\"(max-width: 303px) 100vw, 303px\" \/><\/a><p id=\"caption-attachment-1781\" class=\"wp-caption-text\">Dr. Alexander Kaya, Gesch\u00e4ftsf\u00fchrer &amp; Gr\u00fcnder<\/p><\/div>\n<p style=\"text-align: justify;\"><span style=\"color: #003366;\"><strong>seit mehr als f\u00fcnf Jahrzenten<\/strong><\/span> wird die Mikrosystem- und Halbleitertechnik, wie wir sie heute bei der Herstellung von medizinischen mikroelektronischen Bauteilen kennen, durch den sogenannten \u201eTop-Down\u201c-Ansatz bestimmt. Der Bedarf an immer h\u00f6herem Durchsatz bei kosteng\u00fcnstigen St\u00fcckzahlen ist dabei kontinuierlich gestiegen und hat unser Leben entscheidend ver\u00e4ndert.<\/p>\n<p style=\"text-align: justify;\"><span style=\"color: #003366;\"><strong>Mit einem weitreichenden Nachteil f\u00fcr die kommenden Jahre:<\/strong><\/span> Mehr als 250 aufwendige und fehleranf\u00e4llige Prozessschritte aus der Reinraumtechnik, von der Idee bis zum fertigen Produkt, sind erforderlich geworden, um ausgefeilte Mikrokomponenten, wie <strong>medizinische, biologische oder chemische Sensoren<\/strong>, in garantierter Qualit\u00e4t und Menge bereitzustellen. Gleichzeitig sto\u00dfen die traditionellen Verfahren aus der heutigen Mikrosystemtechnik jetzt schon an ihre physikalischen Grenzen, wenn es darum geht, mit den deutlich gestiegenen Anforderungen an\u00a0<strong>Miniaturisierbarkeit <\/strong>und <strong>bestm\u00f6glicher Adaptivit\u00e4t (Biokompatibilit\u00e4t)<\/strong> in der Medizintechnik mitzuhalten.<\/p>\n<h2><strong>Unsere Kunden suchen nach neuen L\u00f6sungen und flexiblen Herstellungsverfahren, die sich schnell und einfach an komplizierte Anforderungen in F&amp;E, Rapid Prototyping und Produktion anpassen lassen<\/strong>.<\/h2>\n<p>&nbsp;<\/p>\n<p><span style=\"color: #003366;\"><strong style=\"text-align: justify;\">Die NanoScale Systems (Nanoss) GmbH<\/strong><\/span> nutzt einen radikalen Innovationsansatz, um diesen neuen Herausforderungen mit Spitzenleistung zu begegnen und wagt den n\u00e4chsten Schritt in die Miniaturisierung: mit unserem neuen <strong>3D-Nanodruckverfahren <a title=\"nano3DSense auf einen Blick: Branchen \u00fcbergreifende Technologieplattform\" href=\"\/de\/nano3sense-endecken\/\">nano3DSense<\/a><\/strong> verschieben wir die traditionellen Grenzen von Miniaturisierbarkeit, Pr\u00e4zision und Adaptivit\u00e4t erneut. Dabei verabschieden wir uns gleichzeitig vom klassischen Silizium, das weitreichend heute als tr\u00e4ges Basismaterial der Mikrosystemtechnik und Flaschenhals beim Design von neuen herausfordernden medizischen Sensorl\u00f6sungen gilt. Mit der patentierten\u00a0<a title=\"nano3DSense auf einen Blick: Branchen \u00fcbergreifende Technologieplattform\" href=\"\/de\/nano3sense-endecken\/\">nano3DSense<\/a> \u2013 Technologie haben wir erfolgreich erstmals einen Weg eingeschlagen, der die seit Jahrzehnten klaffende L\u00fccke zwischen preissensiblem Hochdurchsatz (Top-Down) und individuell zugeschnittenen L\u00f6sungen <strong>optimal und mit Mehrwert<\/strong> schlie\u00dft.<\/p>\n<p style=\"text-align: justify;\">Im Unterschied zu den klassischen Verfahren ist <a title=\"nano3DSense auf einen Blick: Branchen \u00fcbergreifende Technologieplattform\" href=\"\/de\/nano3sense-endecken\/\">nano3DSense<sup>TM<\/sup><\/a>, \u00fcber die letzten f\u00fcnf Jahrzehnte hinweg betrachtet, ein <strong>revolution\u00e4rer Einzelschrittprozess<\/strong>, der es erlaubt, komplexe und teure Reinraumprozesse, wie Masken- und Siliziumtechnologien, komplett zu umgehen. Stattdessen erfolgt der Mikrostrukturierungsprozess bei\u00a0<a title=\"nano3DSense auf einen Blick: Branchen \u00fcbergreifende Technologieplattform\" href=\"\/de\/nano3sense-endecken\/\">nano3DSense<sup>TM<\/sup><\/a> nur noch durch einen einzigen dedizierten Bearbeitungsschritt, dem innovativen 3D-Nanodruckverfahren, mit dem sich auch schwierige Sensorik-Anforderungen flexibel und einfach umsetzen lassen. Nanometergenau, schnell und preiswert.<\/p>\n<p style=\"text-align: justify;\">Der neue 3D-Nanodruck mit\u00a0<a title=\"nano3DSense auf einen Blick: Branchen \u00fcbergreifende Technologieplattform\" href=\"\/de\/nano3sense-endecken\/\">nano3DSense<sup>TM<\/sup><\/a> kommt z.B. bei <strong>leistungsf\u00e4higen ma\u00dfgeschneiderten Sensoren<\/strong> zum Einsatz und definiert die Messlatte in der <strong>medizinischen Messtechnik<\/strong> neu:\u00a0Ultra-kompakte Sensoren mit vielseitigen Anwendungsm\u00f6glichkeiten werden, dank des neuen hochaufl\u00f6senden Verfahrens, <strong>erstmals mit Nanometerpr\u00e4zision<\/strong> auf jede Unterlage oder jedes biokompatible Material direkt aufgedruckt. Ob f\u00fcr <strong>Druck- Kraft oder Dehnungsmessungen<\/strong> f\u00fcr Ihre herausragenden medizinischen Anwendungen, wir garantieren h\u00f6chstm\u00f6gliche <strong>Flexibilit\u00e4t<\/strong>, wenn es um den schnellen Vorsto\u00df in unbekanntes Terrain und wegweisende L\u00f6sungen in F&amp;E und Produktion geht.<\/p>\n<p>Ob bei der Erschlie\u00dfung neuer biokompatibler medizinischer Sensoren f\u00fcr <strong>Implantate, Sonden und Katheter<\/strong> zur Blutdruck- und Kraftmessung im K\u00f6rper. Bei der Bestreitung neuer Wege in der proteinbasierten, mikrobiologischen oder chemischen Analytik im &#8222;<strong>Point of Care (POC)<\/strong>&#8222;-Bereich, z.B. beim <strong>Label freien Nachweis von Antik\u00f6rpern und anderen Substanzen in Echtzeit<\/strong> oder f\u00fcr die kompakte und schnelle <strong>Rasterkraftmikroskopie (AFM)<\/strong>, beispielsweise f\u00fcr die schwierige Zell-Analytik und Kraftspektroskopie in Life Science:<\/p>\n<p style=\"text-align: justify;\">Wir betreten mit Ihnen gemeinsam Neuland, wenn es um die Umsetzung Ihrer Ideen in der Mikro- und Nanowelt geht.<\/p>\n<p>&nbsp;<\/p>\n<p style=\"text-align: justify;\"><span style=\"color: #003366;\"><strong>Kontaktieren Sie mich, wenn ich Ihnen weiterhelfen kann.<\/strong><\/span><\/p>\n<p>&nbsp;<\/p>\n<p><a href=\"\/wp-content\/uploads\/2014\/12\/Unterschrift.jpg\" rel=\"lightbox[1762]\"><img loading=\"lazy\" class=\"alignleft wp-image-1786\" src=\"\/wp-content\/uploads\/2014\/12\/Unterschrift-1024x150.jpg\" alt=\"\" width=\"362\" height=\"77\" \/><\/a><\/p>\n<p>&nbsp;<\/p>\n<p>&nbsp;<\/p>\n<p>Gesch\u00e4ftsf\u00fchrer und Gr\u00fcnder, NanoScale Systems GmbH<\/p>\n<div id=\"balloon_parent_div_ab\" class=\"kisb\" style=\"visibility: hidden; position: absolute; left: 664px; top: 369px;\">\n<div class=\"kl_abmenu\">Zu Anti-Banner hinzuf\u00fcgen<\/div>\n<\/div>\n<p><\/p>","protected":false},"excerpt":{"rendered":"<p>&nbsp; Sehr geehrte Gesch\u00e4ftspartnerin,\u00a0\u00a0\u00a0\u00a0\u00a0\u00a0\u00a0\u00a0\u00a0\u00a0\u00a0\u00a0\u00a0\u00a0\u00a0\u00a0\u00a0\u00a0\u00a0\u00a0\u00a0\u00a0\u00a0\u00a0\u00a0\u00a0\u00a0\u00a0\u00a0\u00a0\u00a0\u00a0\u00a0\u00a0\u00a0\u00a0\u00a0\u00a0\u00a0\u00a0\u00a0\u00a0\u00a0\u00a0\u00a0\u00a0\u00a0\u00a0\u00a0\u00a0\u00a0\u00a0\u00a0\u00a0\u00a0\u00a0\u00a0\u00a0\u00a0\u00a0\u00a0\u00a0\u00a0\u00a0\u00a0\u00a0\u00a0\u00a0\u00a0\u00a0\u00a0\u00a0\u00a0\u00a0\u00a0\u00a0 sehr geehrter Gesch\u00e4ftspartner, &nbsp; seit mehr als f\u00fcnf Jahrzenten wird die Mikrosystem- und Halbleitertechnik, wie wir sie heute bei der Herstellung von medizinischen mikroelektronischen Bauteilen kennen, durch den sogenannten \u201eTop-Down\u201c-Ansatz bestimmt. Der Bedarf an immer h\u00f6herem Durchsatz bei kosteng\u00fcnstigen St\u00fcckzahlen ist dabei kontinuierlich gestiegen und hat \u2026<\/p>\n<p class=\"continue-reading-button\"> <a class=\"continue-reading-link\" href=\"https:\/\/nanoss.de\/de\/vorwort\/\">Continue reading<i class=\"crycon-right-dir\"><\/i><\/a><\/p>\n","protected":false},"author":1,"featured_media":0,"parent":0,"menu_order":0,"comment_status":"closed","ping_status":"closed","template":"","meta":[],"_links":{"self":[{"href":"https:\/\/nanoss.de\/de\/wp-json\/wp\/v2\/pages\/1762"}],"collection":[{"href":"https:\/\/nanoss.de\/de\/wp-json\/wp\/v2\/pages"}],"about":[{"href":"https:\/\/nanoss.de\/de\/wp-json\/wp\/v2\/types\/page"}],"author":[{"embeddable":true,"href":"https:\/\/nanoss.de\/de\/wp-json\/wp\/v2\/users\/1"}],"replies":[{"embeddable":true,"href":"https:\/\/nanoss.de\/de\/wp-json\/wp\/v2\/comments?post=1762"}],"version-history":[{"count":399,"href":"https:\/\/nanoss.de\/de\/wp-json\/wp\/v2\/pages\/1762\/revisions"}],"predecessor-version":[{"id":4853,"href":"https:\/\/nanoss.de\/de\/wp-json\/wp\/v2\/pages\/1762\/revisions\/4853"}],"wp:attachment":[{"href":"https:\/\/nanoss.de\/de\/wp-json\/wp\/v2\/media?parent=1762"}],"curies":[{"name":"wp","href":"https:\/\/api.w.org\/{rel}","templated":true}]}}