{"id":2,"date":"2014-09-10T12:46:52","date_gmt":"2014-09-10T12:46:52","guid":{"rendered":"http:\/\/nanoss.apps-1and1.net\/?page_id=2"},"modified":"2017-06-20T12:28:44","modified_gmt":"2017-06-20T10:28:44","slug":"nano3sense-endecken","status":"publish","type":"page","link":"https:\/\/nanoss.de\/de\/nano3dsense-auf-einen-blick-branchen-uebergreifende-technologieplattform\/","title":{"rendered":"nano3DSense auf einen Blick"},"content":{"rendered":"<p><\/p>\n<h1>Branchen\u00fcbergreifende Technologieplattform<\/h1>\n<h3 style=\"text-align: justify;\">Die Herausforderungen in der heutigen Messtechnik<\/h3>\n<p style=\"text-align: justify;\">Zahlreiche Mess- und Nachweisverfahren in Life Sciences, Medizintechnik, Analytik, Diagnostik sowie Mikro- und Molekularbiologie greifen auf einfache <strong>Kraft-, Druck- oder Dehnungsmessungen<\/strong> zur\u00fcck. Ob z.B. in der biologischen oder chemischen Analytik, im Antik\u00f6rper- oder Proteinnachweis, Zell-Analytik, Kraftspektroskopie oder bei Biokompatibilit\u00e4t medizinischer Ger\u00e4te:\u00a0Miniaturisierung und Adaptivit\u00e4t stehen an erster Stelle, wenn es um Erschlie\u00dfung von Neuland in der Mikrowelt geht.<\/p>\n<p style=\"text-align: justify;\"><a href=\"\/wp-content\/uploads\/2015\/01\/NanoWorld.jpg\" rel=\"lightbox[2]\"><img loading=\"lazy\" class=\"aligncenter wp-image-2618\" src=\"\/wp-content\/uploads\/2015\/01\/NanoWorld.jpg\" alt=\"NanoWorld\" width=\"577\" height=\"256\" \/><\/a><\/p>\n<h3 style=\"text-align: justify;\">Revolution bei Miniaturisierung und Adaptivit\u00e4t<\/h3>\n<p style=\"text-align: justify;\"><a title=\"nano3DSense auf einen Blick: Branchen \u00fcbergreifende Technologieplattform\" href=\"\/de\/nano3sense-endecken\/\">nano3DSense<\/a> wurde f\u00fcr diesen Zweck von Grund auf neu entwickelt: Im ersten <a title=\"Nanos3DSense\u2122: Der erste 3D-Drucker mit Nanometer-Pr\u00e4zision\" href=\"\/de\/nanos3dsense-additiver-3d-nanoprinter-fuer-druckbare-sensoren\/\">3D-Druck-Verfahren<\/a> der Welt mit <strong>echter Nanometeraufl\u00f6sung<\/strong> haben wir eine leistungsf\u00e4hige Basis und technologie\u00fcbergreifende Plattform mit h\u00f6chstm\u00f6glicher Pr\u00e4zision und Flexibilit\u00e4t bzw.\u00a0Adaptivit\u00e4t f\u00fcr Ihre herausragenden medizinischen Messaufgaben mit innovativen Anwendungsm\u00f6glichkeiten geschaffen.<\/p>\n<p style=\"text-align: justify;\">Viele neue Ideen, z.B.beim labelfreien Antik\u00f6rpernachweis, medizinische Drucksensoren und hochaufl\u00f6sende Kraftsensoren (z.B. f\u00fcr die\u00a0<a title=\"Rasterkraftmikroskopie (AFM)\" href=\"\/de\/ultraschnelle-rasterkraftmikroskopie-afm\/\">Rasterkraftmikroskopie (AFM)<\/a>)\u00a0wurden f\u00fcr unsere Kunden bereits erfolgreich mit\u00a0<a title=\"nano3DSense auf einen Blick: Branchen \u00fcbergreifende Technologieplattform\" href=\"\/de\/nano3sense-endecken\/\">nano3DSense<\/a>\u00a0 umgesetzt, die traditionell nicht mehr zu l\u00f6sen sind. Die Nanoss GmbH hat hier Pionierarbeit geleistet, um selbst unter extremen Anforderungen an die Messumgebung optimale L\u00f6sungen anzubieten.<\/p>\n<p style=\"text-align: justify;\"><img loading=\"lazy\" class=\"aligncenter wp-image-4291 size-medium\" src=\"https:\/\/nanoss.de\/wp-content\/uploads\/2016\/09\/Our-Strenghts-Deutsch-258x300.jpg\" alt=\"our-strenghts-deutsch\" width=\"258\" height=\"300\" srcset=\"https:\/\/nanoss.de\/wp-content\/uploads\/2016\/09\/Our-Strenghts-Deutsch-258x300.jpg 258w, https:\/\/nanoss.de\/wp-content\/uploads\/2016\/09\/Our-Strenghts-Deutsch-768x894.jpg 768w, https:\/\/nanoss.de\/wp-content\/uploads\/2016\/09\/Our-Strenghts-Deutsch-880x1024.jpg 880w, https:\/\/nanoss.de\/wp-content\/uploads\/2016\/09\/Our-Strenghts-Deutsch-129x150.jpg 129w, https:\/\/nanoss.de\/wp-content\/uploads\/2016\/09\/Our-Strenghts-Deutsch.jpg 1133w\" sizes=\"(max-width: 258px) 100vw, 258px\" \/><\/p>\n<h3 style=\"text-align: justify;\">Durch den Designvorteil neue Ma\u00dfst\u00e4be in Industrie und F&amp;E<\/h3>\n<p style=\"text-align: justify;\">Dabei setzen wir neue Ma\u00dfst\u00e4be, wenn es um konkurrenzlos starke Miniaturisierbarkeit und Flexibilit\u00e4t beim Design von neuen Sensorsystem geht. Selbst unter schwierigen Bedingungen an die Material- und Messumgebung. Denn unsere Sensoren passen sich &#8211; im Unterschied zu den traditionellen Sensoren &#8211; den Messanforderungen an. Und nicht umgekehrt!<\/p>\n<p style=\"text-align: justify;\">Ob f\u00fcr Kraft-, Druck-, Beschleunigungs- oder Drehmomentmessung, z.B. f\u00fcr die Medizintechnik, Diagnostik, Analytik, Robotik, Luft-, Raumfahrt- und Automobilindustrie.\u00a0Eine einzige Technologieplattform bietet Ihnen multifunktionale L\u00f6sungen, sowohl in Industrie als auch bei anspruchsvollen F&amp;E-Aufgaben, wenn kompromisslose Anforderungen an Pr\u00e4zision und Adaptivit\u00e4t gestellt werden. Informieren Sie sich \u00fcber die vielf\u00e4ltigen Einsatzm\u00f6glichkeiten der <a title=\"nano3DSense auf einen Blick: Branchen \u00fcbergreifende Technologieplattform\" href=\"\/de\/nano3sense-endecken\/\">nano3DSense<\/a> &#8211; Technologie auch f\u00fcr Ihre neuen Applikationsideen.<\/p>\n<h4><a title=\"Was wir f\u00fcr Sie tun k\u00f6nnen\" href=\"\/de\/was-wir-fuer-sie-tun-koennen\/\">Wir beraten und unterst\u00fctzen Sie bei der Migration bestehender Sensorsysteme und begleiten Sie bei der Realisierung Ihrer eigenen Ideen von der ersten Planung bis zum fertigen Produkt.<\/a><\/h4>\n<p>&nbsp;<\/p>\n<p>&nbsp;<\/p>\n<p><img loading=\"lazy\" class=\"aligncenter size-large wp-image-4292\" src=\"https:\/\/nanoss.de\/wp-content\/uploads\/2016\/09\/nano3DSense-Platform-3-Pillars-Deutsch-876x1024.jpg\" alt=\"nano3dsense-platform-3-pillars-deutsch\" width=\"876\" height=\"1024\" srcset=\"https:\/\/nanoss.de\/wp-content\/uploads\/2016\/09\/nano3DSense-Platform-3-Pillars-Deutsch-876x1024.jpg 876w, https:\/\/nanoss.de\/wp-content\/uploads\/2016\/09\/nano3DSense-Platform-3-Pillars-Deutsch-257x300.jpg 257w, https:\/\/nanoss.de\/wp-content\/uploads\/2016\/09\/nano3DSense-Platform-3-Pillars-Deutsch-768x898.jpg 768w, https:\/\/nanoss.de\/wp-content\/uploads\/2016\/09\/nano3DSense-Platform-3-Pillars-Deutsch-128x150.jpg 128w, https:\/\/nanoss.de\/wp-content\/uploads\/2016\/09\/nano3DSense-Platform-3-Pillars-Deutsch.jpg 1105w\" sizes=\"(max-width: 876px) 100vw, 876px\" \/><\/p>\n<h3>Lesen Sie weiter:<\/h3>\n<h4 class=\"entry-title\"><\/h4>\n<p>&nbsp;<\/p>\n<h4 class=\"entry-title\"><a title=\"Nanos3DSense\u2122 auf einen Blick: Branchen \u00fcbergreifende Technologieplattform\" href=\"\/de\/nano3sense-endecken\/\"><span style=\"color: #808080;\">nano3DSense auf einen Blick<\/span><\/a><\/h4>\n<h4><a title=\"Top Down vs. Bottom Up\" href=\"\/de\/nano3sense-endeckentop-down-vs-bottom-up\/\">\u00a0\u00a0\u00a0\u00a0 <strong>&gt; Top Down vs. Bottom-Up<\/strong><\/a><\/h4>\n<h4><span style=\"color: #808080;\"><a style=\"color: #808080;\" title=\"Nanos3DSense\u2122: Der erste 3D-Drucker mit Nanometer-Pr\u00e4zision\" href=\"\/de\/nanos3dsense-additiver-3d-nanoprinter-fuer-druckbare-sensoren\/\">3D-Nanodrucker<\/a><\/span><\/h4>\n<h4><span style=\"color: #808080;\"><a style=\"color: #808080;\" title=\"Nanos3DSense\u2122-Sensorprinzip\" href=\"\/de\/a-new-leaf-das-nanos3dsense-sensorprinzip\/\">nano3DSense-Sensorprinzip<\/a><\/span><\/h4>\n<h4><span style=\"color: #808080;\"><a style=\"color: #808080;\" title=\"Spezifikationen\" href=\"\/de\/spezifikationen\/\">Spezifikationen<\/a><\/span><\/h4>\n<h4><span style=\"color: #808080;\"><a style=\"color: #808080;\" title=\"FAQ: Nanos3DSense\u2122\" href=\"\/de\/faq-nanos3dsense\/\">FAQ: nano3DSense<\/a><\/span><\/h4>\n<p>&nbsp;<\/p>","protected":false},"excerpt":{"rendered":"<p>Branchen\u00fcbergreifende Technologieplattform Die Herausforderungen in der heutigen Messtechnik Zahlreiche Mess- und Nachweisverfahren in Life Sciences, Medizintechnik, Analytik, Diagnostik sowie Mikro- und Molekularbiologie greifen auf einfache Kraft-, Druck- oder Dehnungsmessungen zur\u00fcck. Ob z.B. in der biologischen oder chemischen Analytik, im Antik\u00f6rper- oder Proteinnachweis, Zell-Analytik, Kraftspektroskopie oder bei Biokompatibilit\u00e4t medizinischer Ger\u00e4te:\u00a0Miniaturisierung und \u2026<\/p>\n<p class=\"continue-reading-button\"> <a class=\"continue-reading-link\" href=\"https:\/\/nanoss.de\/de\/nano3dsense-auf-einen-blick-branchen-uebergreifende-technologieplattform\/\">Continue reading<i class=\"crycon-right-dir\"><\/i><\/a><\/p>\n","protected":false},"author":1,"featured_media":0,"parent":0,"menu_order":0,"comment_status":"closed","ping_status":"closed","template":"","meta":[],"_links":{"self":[{"href":"https:\/\/nanoss.de\/de\/wp-json\/wp\/v2\/pages\/2"}],"collection":[{"href":"https:\/\/nanoss.de\/de\/wp-json\/wp\/v2\/pages"}],"about":[{"href":"https:\/\/nanoss.de\/de\/wp-json\/wp\/v2\/types\/page"}],"author":[{"embeddable":true,"href":"https:\/\/nanoss.de\/de\/wp-json\/wp\/v2\/users\/1"}],"replies":[{"embeddable":true,"href":"https:\/\/nanoss.de\/de\/wp-json\/wp\/v2\/comments?post=2"}],"version-history":[{"count":219,"href":"https:\/\/nanoss.de\/de\/wp-json\/wp\/v2\/pages\/2\/revisions"}],"predecessor-version":[{"id":4715,"href":"https:\/\/nanoss.de\/de\/wp-json\/wp\/v2\/pages\/2\/revisions\/4715"}],"wp:attachment":[{"href":"https:\/\/nanoss.de\/de\/wp-json\/wp\/v2\/media?parent=2"}],"curies":[{"name":"wp","href":"https:\/\/api.w.org\/{rel}","templated":true}]}}