{"id":245,"date":"2014-10-15T12:25:30","date_gmt":"2014-10-15T10:25:30","guid":{"rendered":"http:\/\/nanoss.apps-1and1.net\/?page_id=245"},"modified":"2018-05-20T13:55:58","modified_gmt":"2018-05-20T11:55:58","slug":"anfahrt","status":"publish","type":"page","link":"https:\/\/nanoss.de\/de\/anfahrt\/","title":{"rendered":"Anfahrt"},"content":{"rendered":"<p>Der Firmensitz der NanoScale Systems, Nanoss GmbH befindet sich im Westen von Darmstadt und ist u.\u00a0a. bequem mit der Bahn zu erreichen.<\/p>\n<p><strong>Mit dem Zug<\/strong>, den S-Bahn-Linien S3 und S4 des RMV (Rhein-Main-Verkehrsverbund) oder mit der Buslinie F bis Darmstadt Hauptbahnhof, Fussweg zum TIZ, Robert-Bosch-Stra\u00dfe 7: etwa 5 Minuten.<\/p>\n<p><strong>Mit den Stra\u00dfenbahnlinien<\/strong> 4, 5 und 9 Haltestelle \u201eMozartturm\u201c, mit einem anschlie\u00dfenden Fu\u00dfweg von etwa 6 Minuten.<\/p>\n<p><strong>Mit dem Auto<\/strong> \u00fcber die Autobahnen A5 oder A67 bis Darmst\u00e4dter Kreuz, dann Richtung Stadtmitte, rechts halten in die Ausfahrt Eifelring. Folgen Sie dem Stra\u00dfenverlauf f\u00fcr ca. 700\u00a0m und biegen dann rechts in die Maria-Goeppert-Stra\u00dfe, nach weiteren 200\u00a0m biegen Sie links in die Robert-Bosch-Stra\u00dfe und passieren die ESOC. Parkpl\u00e4tze finden Sie im nahegelegenen P+R Parkhaus am Hauptbahnhof.<\/p>\n<p>Von dort sind es nur noch wenige Gehminuten zu unseren B\u00fcror\u00e4umen im TIZ (Technologie- und Innovationszentrum). Dort finden Sie uns in der 3. Etage, Geb\u00e4udeteil A.<\/p>\n<p>[googlerouteplaner=1]<\/p>\n<p>[nav2me id=1]<\/p>","protected":false},"excerpt":{"rendered":"<p>Der Firmensitz der NanoScale Systems, Nanoss GmbH befindet sich im Westen von Darmstadt und ist u.\u00a0a. bequem mit der Bahn zu erreichen. Mit dem Zug, den S-Bahn-Linien S3 und S4 des RMV (Rhein-Main-Verkehrsverbund) oder mit der Buslinie F bis Darmstadt Hauptbahnhof, Fussweg zum TIZ, Robert-Bosch-Stra\u00dfe 7: etwa 5 Minuten. Mit \u2026<\/p>\n<p class=\"continue-reading-button\"> <a class=\"continue-reading-link\" href=\"https:\/\/nanoss.de\/de\/anfahrt\/\">Continue reading<i class=\"crycon-right-dir\"><\/i><\/a><\/p>\n","protected":false},"author":1,"featured_media":0,"parent":0,"menu_order":0,"comment_status":"closed","ping_status":"closed","template":"","meta":[],"_links":{"self":[{"href":"https:\/\/nanoss.de\/de\/wp-json\/wp\/v2\/pages\/245"}],"collection":[{"href":"https:\/\/nanoss.de\/de\/wp-json\/wp\/v2\/pages"}],"about":[{"href":"https:\/\/nanoss.de\/de\/wp-json\/wp\/v2\/types\/page"}],"author":[{"embeddable":true,"href":"https:\/\/nanoss.de\/de\/wp-json\/wp\/v2\/users\/1"}],"replies":[{"embeddable":true,"href":"https:\/\/nanoss.de\/de\/wp-json\/wp\/v2\/comments?post=245"}],"version-history":[{"count":18,"href":"https:\/\/nanoss.de\/de\/wp-json\/wp\/v2\/pages\/245\/revisions"}],"predecessor-version":[{"id":4756,"href":"https:\/\/nanoss.de\/de\/wp-json\/wp\/v2\/pages\/245\/revisions\/4756"}],"wp:attachment":[{"href":"https:\/\/nanoss.de\/de\/wp-json\/wp\/v2\/media?parent=245"}],"curies":[{"name":"wp","href":"https:\/\/api.w.org\/{rel}","templated":true}]}}