{"id":2593,"date":"2015-01-14T10:59:20","date_gmt":"2015-01-14T09:59:20","guid":{"rendered":"http:\/\/nanoss.eu\/?page_id=2593"},"modified":"2017-06-20T12:00:34","modified_gmt":"2017-06-20T10:00:34","slug":"rapid-prototyping","status":"publish","type":"page","link":"https:\/\/nanoss.de\/de\/rapid-prototyping-fuer-mikroelektronik\/","title":{"rendered":"Rapid Prototyping (Prototypenentwicklung)"},"content":{"rendered":"<p>&nbsp;<\/p>\n<h3>Die historischen H\u00fcrden umgehen<\/h3>\n<p><a title=\"nano3DSense auf einen Blick: Branchen \u00fcbergreifende Technologieplattform\" href=\"\/de\/nano3sense-endecken\/\">nano3DSense<\/a> bietet einzigartige M\u00f6glichkeiten f\u00fcr die schnelle Prototypenentwicklung (Rapid Prototyping) von elektronischen Schaltkreisen und MEMS\/NEMS Anwendungen jeglicher Art. Gerade wenn es darum geht, eine neue Sensorik-Idee, von Anfang bis Ende, schnell umzusetzen, bringen konventionelle Reinraumtechniken, wie die Maskenlithographie, erhebliche Nachteile mit sich. Z.B. durch lange Wartezeiten von oft mehreren Wochen und erhebliche Mehrkosten: Jedes Mal, wenn sich das Sensor-Design auch nur geringf\u00fcgig \u00e4ndert, z.B. um eine Optimierung vorzunehmen, m\u00fcssen neue Masken gefertigt und die mikroelektronischen Komponenten mit komplizierten Verfahren, wie die UV-Belichtung und Lift-Off-Techniken, auf Silizium neu aufgebracht werden. Bis zur Serienreife einer neuen Produktidee sind aber oft viele solcher Iterationsschritte erforderlich.<\/p>\n<p>Mit <a title=\"nano3DSense auf einen Blick: Branchen \u00fcbergreifende Technologieplattform\" href=\"\/de\/nano3sense-endecken\/\">nano3DSense<\/a> drucken Sie Ihre Sensoren, elektrischen Schaltkreise oder mechanischen Aktuatoren, unter Umgehung dieser l\u00e4stigen Zwischenschritte, ganz einfach und flexibel auf Ihr Produkt oder die gew\u00fcnschte Unterlage f\u00fcr Ihre Testzwecke auf. Der Sensor ist dort anschlie\u00dfend sofort einsatzbereit f\u00fcr die Messung.<\/p>\n<h3>In nur vier Schritten zum Ziel<\/h3>\n<p>In Kombination mit dem FIB-Schneiden (engl. \u201eFocused Ion Beam\u201c-Cutting) sind Sie sogar v\u00f6llig unabh\u00e4ngig vom endg\u00fcltigen Layout des Schaltkreises. Die elektronische Verdrahtung der Sensoren auf dem integrierten Chip kann mit Hilfe eines fokussierten Ionenstrahls ebenfalls v\u00f6llig flexibel den jeweiligen Erfordernissen angepasst werden, so dass Sie sich vorneherein nicht f\u00fcr ein endg\u00fcltiges Design entscheiden m\u00fcssen.<\/p>\n<p>Die Abbildung illustriert den Rapid-Prototyping-Prozess mit <a title=\"nano3DSense auf einen Blick: Branchen \u00fcbergreifende Technologieplattform\" href=\"\/de\/nano3sense-endecken\/\">nano3DSense<\/a> und dem FIB-Schneiden in vier Schritten:<\/p>\n<ol>\n<li>Die Abbildung zeigt als Beispiel einen Mikrochip mit vorstrukturierten Goldkontakten<\/li>\n<li>Mit Hilfe des FIB-Schneidens soll im Zentrum der Goldkontakte ein dediziertes Layout f\u00fcr die Leiterbahnen erstellt werden. Durch den fokussierten Ionenstrahl wird das Goldmaterial innerhalb von Sekunden nanometergenau abgetragen, bis das gew\u00fcnschte Layout freigelegt ist.<\/li>\n<li>Im n\u00e4chsten Schritt wird im Zentrum der freigelegten Leiterbahn mit einem CAD-Programm das Sensor-Design definiert.<\/li>\n<li><a title=\"nano3DSense auf einen Blick: Branchen \u00fcbergreifende Technologieplattform\" href=\"\/de\/nano3sense-endecken\/\">nano3DSense<\/a> \u00fcbernimmt den Rest durch Aufdrucken des kraftsensorischen Nanomaterials auf die gew\u00fcnschte Stelle, oft innerhalb nur einer einzigen Minute.<\/li>\n<\/ol>\n<p>&nbsp;<\/p>\n<p><a href=\"\/wp-content\/uploads\/2015\/01\/FIB-Cutting2.jpg\" rel=\"lightbox[2593]\"><img loading=\"lazy\" class=\"aligncenter size-large wp-image-3418\" src=\"\/wp-content\/uploads\/2015\/01\/FIB-Cutting2-870x1024.jpg\" alt=\"FIB-Cutting2\" width=\"870\" height=\"1024\" srcset=\"https:\/\/nanoss.de\/wp-content\/uploads\/2015\/01\/FIB-Cutting2-870x1024.jpg 870w, https:\/\/nanoss.de\/wp-content\/uploads\/2015\/01\/FIB-Cutting2-255x300.jpg 255w, https:\/\/nanoss.de\/wp-content\/uploads\/2015\/01\/FIB-Cutting2-127x150.jpg 127w, https:\/\/nanoss.de\/wp-content\/uploads\/2015\/01\/FIB-Cutting2.jpg 939w\" sizes=\"(max-width: 870px) 100vw, 870px\" \/><\/a><\/p>\n<p>&nbsp;<\/p>\n<h3>Sensor-Design nach Ma\u00df<\/h3>\n<p>Die Nanoss GmbH bietet f\u00fcr Ihre F&amp;E-Projekte, umfangreiche und ausgefeilte Dienstleistungen, um Ihre Ideen schnell und kosteng\u00fcnstig umzusetzen. Dabei profitieren Sie, neben der unschlagbaren Flexibilit\u00e4t beim\u00a0Rapid Prototyping, auch von den vielen neuen Vorteilen der neuen Sensortechnologie, wie z.B. der Nanometer genauen Fertigung von Sensorkomponenten, der Unabh\u00e4ngigkeit von der Sensorunterlage bzw. dem Unterlagenmaterial sowie die uneingeschr\u00e4nkte Freiheit in 3D, die es erm\u00f6glicht, den Sensor jeder Unterlagengeometrie nahtlos und pr\u00e4zise anzupassen<\/p>\n<p>Gleichg\u00fcltig wie Sie sich entscheiden: ob Sie die sp\u00e4tere Serienproduktion auf Basis von <a title=\"nano3DSense auf einen Blick: Branchen \u00fcbergreifende Technologieplattform\" href=\"\/de\/nano3sense-endecken\/\">nano3DSense<\/a> durch einen voll automatisierten Batch-Prozess vornehmen m\u00f6chten oder eine andere Sensortechnologie, wie z.B. Piezoresistoren, bevorzugen:<\/p>\n<p>Mit <a title=\"nano3DSense auf einen Blick: Branchen \u00fcbergreifende Technologieplattform\" href=\"\/de\/nano3sense-endecken\/\">nano3DSense<\/a> und der einzigartigen Rapid-Prototyping-Technologie nehmen Sie eine wichtige Abk\u00fcrzung von der Planung bis zur Produktreife.<\/p>\n<p>&nbsp;<\/p>\n<div id=\"attachment_3581\" style=\"width: 682px\" class=\"wp-caption aligncenter\"><a href=\"https:\/\/nanoss.de\/wp-content\/uploads\/2015\/03\/Rapid-Prototyping-Diagramm.jpg\" rel=\"lightbox[2593]\"><img aria-describedby=\"caption-attachment-3581\" loading=\"lazy\" class=\"wp-image-3581\" src=\"https:\/\/nanoss.de\/wp-content\/uploads\/2015\/03\/Rapid-Prototyping-Diagramm-1024x586.jpg\" alt=\"_____________________________________________________________________\" width=\"672\" height=\"559\" \/><\/a><p id=\"caption-attachment-3581\" class=\"wp-caption-text\">A Monolytic Rapid Prototyping Tool for MEMS\/NEMS<\/p><\/div>\n<p>&nbsp;<\/p>\n<p>&nbsp;<\/p>\n<h4><a title=\"Kontakt\" href=\"\/de\/kontakt\/\"><strong>Kontaktieren Sie uns:<\/strong> wir gehen individuell auf Ihre Ideen ein und beraten Sie gezielt \u00fcber die Einsatzm\u00f6glichkeiten der neuen Rapid-Prototyping-Technologie.<\/a><\/h4>\n<h4><strong><a title=\"Demonstrator anfordern\" href=\"\/de\/testmuster-bestellen\/\">Oder fordern Sie gleich einen Demonstrator an und testen Sie nano3DSense auf Herz und Nieren.<\/a><\/strong><\/h4>\n<p>&nbsp;<\/p>\n<h3>Lesen Sie weiter:<\/h3>\n<p>&nbsp;<\/p>\n<h4><span style=\"color: #808080;\"><a style=\"color: #808080;\" title=\"Was wir f\u00fcr Sie tun k\u00f6nnen\" href=\"\/de\/was-wir-fuer-sie-tun-koennen\/\">Was wir f\u00fcr Sie tun k\u00f6nnen<\/a><\/span><\/h4>\n<h4><span style=\"color: #808080;\"><a style=\"color: #808080;\" title=\"Ma\u00dfgeschneiderten Kundenl\u00f6sungen\" href=\"\/de\/massgeschneiderten-kundenloesungen\/\">Ma\u00dfgeschneiderte Kundenl\u00f6sungen im Dienste der Medizin<\/a><\/span><\/h4>\n<h4><span style=\"color: #808080;\"><a style=\"color: #808080;\" title=\"Medizintechnik\" href=\"\/de\/enabling-technology-fuer-drucksensoren-in-der-medizintechnik\/\">Medizinische Sensoren f\u00fcr Implantate und Katheter<\/a><\/span><\/h4>\n<h4><span style=\"color: #808080;\"><a style=\"color: #808080;\" title=\"Antik\u00f6rpernachweis\" href=\"\/de\/label-freier-antikoerpernachweis-in-echtzeit\/\">Biosensoren und &#8222;Point of Care POC&#8220;<\/a><\/span><\/h4>\n<h4><span style=\"color: #808080;\"><a style=\"color: #808080;\" title=\"Ma\u00dfgeschneiderte Kraft- und Dehnungssensoren f\u00fcr MEMS\/NEMS\" href=\"net\/ultrakompakte-kraftsensoren-fuer-memsnems\/\">MEMS\/NEMS-Sensoren<\/a><\/span><\/h4>\n<h4><span style=\"color: #808080;\"><a style=\"color: #808080;\" title=\"Rasterkraftmikroskopie (AFM)\" href=\"\/de\/ultraschnelle-rasterkraftmikroskopie-afm\/\">Ultrakompakte Kraftsensoren<\/a><\/span><\/h4>\n<h4><span style=\"color: #808080;\"><a style=\"color: #808080;\" title=\"Rapid Prototyping f\u00fcr Mikroelektronik\" href=\"\/de\/rapid-prototyping-fuer-mikroelektronik\/\">Rapid Prototyping (Prototypenentwicklung)<\/a><\/span><\/h4>\n<h4><\/h4>\n<p>&nbsp;<\/p>","protected":false},"excerpt":{"rendered":"<p>&nbsp; Die historischen H\u00fcrden umgehen nano3DSense bietet einzigartige M\u00f6glichkeiten f\u00fcr die schnelle Prototypenentwicklung (Rapid Prototyping) von elektronischen Schaltkreisen und MEMS\/NEMS Anwendungen jeglicher Art. Gerade wenn es darum geht, eine neue Sensorik-Idee, von Anfang bis Ende, schnell umzusetzen, bringen konventionelle Reinraumtechniken, wie die Maskenlithographie, erhebliche Nachteile mit sich. Z.B. durch lange \u2026<\/p>\n<p class=\"continue-reading-button\"> <a class=\"continue-reading-link\" href=\"https:\/\/nanoss.de\/de\/rapid-prototyping-fuer-mikroelektronik\/\">Continue reading<i class=\"crycon-right-dir\"><\/i><\/a><\/p>\n","protected":false},"author":1,"featured_media":0,"parent":0,"menu_order":0,"comment_status":"closed","ping_status":"closed","template":"","meta":[],"_links":{"self":[{"href":"https:\/\/nanoss.de\/de\/wp-json\/wp\/v2\/pages\/2593"}],"collection":[{"href":"https:\/\/nanoss.de\/de\/wp-json\/wp\/v2\/pages"}],"about":[{"href":"https:\/\/nanoss.de\/de\/wp-json\/wp\/v2\/types\/page"}],"author":[{"embeddable":true,"href":"https:\/\/nanoss.de\/de\/wp-json\/wp\/v2\/users\/1"}],"replies":[{"embeddable":true,"href":"https:\/\/nanoss.de\/de\/wp-json\/wp\/v2\/comments?post=2593"}],"version-history":[{"count":94,"href":"https:\/\/nanoss.de\/de\/wp-json\/wp\/v2\/pages\/2593\/revisions"}],"predecessor-version":[{"id":4703,"href":"https:\/\/nanoss.de\/de\/wp-json\/wp\/v2\/pages\/2593\/revisions\/4703"}],"wp:attachment":[{"href":"https:\/\/nanoss.de\/de\/wp-json\/wp\/v2\/media?parent=2593"}],"curies":[{"name":"wp","href":"https:\/\/api.w.org\/{rel}","templated":true}]}}