{"id":289,"date":"2014-10-15T14:35:14","date_gmt":"2014-10-15T14:35:14","guid":{"rendered":"http:\/\/nanoss.apps-1and1.net\/?page_id=289"},"modified":"2024-12-22T08:37:18","modified_gmt":"2024-12-22T07:37:18","slug":"impressum","status":"publish","type":"page","link":"https:\/\/nanoss.de\/de\/impressum\/","title":{"rendered":"Impressum und Haftungsausschluss"},"content":{"rendered":"<p><\/p>\n<h2>Angaben gem\u00e4\u00df \u00a7 5 TMG:<\/h2>\n<p>NanoScale Systems, Nanoss GmbH<br \/>\nRobert-Bosch-Str. 7<br \/>\nTechnologie- u. Innovationszentrum (TIZ)<br \/>\n64293 Darmstadt<\/p>\n<h2>Vertreten durch:<\/h2>\n<p>    NanoScale Systems, Nanoss GmbH, Gesch\u00e4ftsf\u00fchrer Dr. Alexander Kaya<\/p>\n<h2>Kontakt:<\/h2>\n<p>Telefon: +49 6151-6 67 40 37<br \/>\nTelefax: +49 6151-6 67 40 39\n<\/p>\n<h4><a title=\"Contact\" href=\"\/en\/contact\/\"><strong>Please contact us<\/a><\/h4>\n<h2>Registereintrag:<\/h2>\n<p>Eintragung im Handelsregister. <br \/>\nRegistergericht:Amtsgericht Darmstadt <br \/>\nRegisternummer: HR 9455<\/p>\n<h2>Umsatzsteuer:<\/h2>\n<p>Umsatzsteuer-Identifikationsnummer gem\u00e4\u00df \u00a727 a Umsatzsteuergesetz:<br \/>\nDE 241287721<\/p>\n<h2>Verantwortlich f\u00fcr den Inhalt nach \u00a7 55 Abs. 2 RStV:<\/h2>\n<p>NanoScale Systems, Nanoss GmbH<br \/>\nDr. Alexander Kaya<br \/>\nRobert-Bosch-Str. 7<br \/>\n64293 Darmstadt\n<\/p>\n<h2>Streitschlichtung<\/h2>\n<p>Wir sind nicht bereit oder verpflichtet, an Streitbeilegungsverfahren vor einer Verbraucherschlichtungsstelle teilzunehmen.<\/p>\n<h3>Haftung f\u00fcr Inhalte<\/h3>\n<p>Als Diensteanbieter sind wir gem\u00e4\u00df \u00a7 7 Abs.1 TMG f\u00fcr eigene Inhalte auf diesen Seiten nach den allgemeinen Gesetzen verantwortlich. Nach \u00a7\u00a7 8 bis 10 TMG sind wir als Diensteanbieter jedoch nicht verpflichtet, \u00fcbermittelte oder gespeicherte fremde Informationen zu \u00fcberwachen oder nach Umst\u00e4nden zu forschen, die auf eine rechtswidrige T\u00e4tigkeit hinweisen.<\/p>\n<p>Verpflichtungen zur Entfernung oder Sperrung der Nutzung von Informationen nach den allgemeinen Gesetzen bleiben hiervon unber\u00fchrt. Eine diesbez\u00fcgliche Haftung ist jedoch erst ab dem Zeitpunkt der Kenntnis einer konkreten Rechtsverletzung m\u00f6glich. Bei Bekanntwerden von entsprechenden Rechtsverletzungen werden wir diese Inhalte umgehend entfernen.<\/p>\n<h3>Haftung f\u00fcr Links<\/h3>\n<p>Unser Angebot enth\u00e4lt Links zu externen Websites Dritter, auf deren Inhalte wir keinen Einfluss haben. Deshalb k\u00f6nnen wir f\u00fcr diese fremden Inhalte auch keine Gew\u00e4hr \u00fcbernehmen. F\u00fcr die Inhalte der verlinkten Seiten ist stets der jeweilige Anbieter oder Betreiber der Seiten verantwortlich. Die verlinkten Seiten wurden zum Zeitpunkt der Verlinkung auf m\u00f6gliche Rechtsverst\u00f6\u00dfe \u00fcberpr\u00fcft. Rechtswidrige Inhalte waren zum Zeitpunkt der Verlinkung nicht erkennbar.<\/p>\n<p>Eine permanente inhaltliche Kontrolle der verlinkten Seiten ist jedoch ohne konkrete Anhaltspunkte einer Rechtsverletzung nicht zumutbar. Bei Bekanntwerden von Rechtsverletzungen werden wir derartige Links umgehend entfernen.<\/p>\n<h3>Urheberrecht<\/h3>\n<p>Die durch die Seitenbetreiber erstellten Inhalte und Werke auf diesen Seiten unterliegen dem deutschen Urheberrecht. Die Vervielf\u00e4ltigung, Bearbeitung, Verbreitung und jede Art der Verwertung au\u00dferhalb der Grenzen des Urheberrechtes bed\u00fcrfen der schriftlichen Zustimmung des jeweiligen Autors bzw. Erstellers. Downloads und Kopien dieser Seite sind nur f\u00fcr den privaten, nicht kommerziellen Gebrauch gestattet.<\/p>\n<p>Soweit die Inhalte auf dieser Seite nicht vom Betreiber erstellt wurden, werden die Urheberrechte Dritter beachtet. Insbesondere werden Inhalte Dritter als solche gekennzeichnet. Sollten Sie trotzdem auf eine Urheberrechtsverletzung aufmerksam werden, bitten wir um einen entsprechenden Hinweis. Bei Bekanntwerden von Rechtsverletzungen werden wir derartige Inhalte umgehend entfernen.<\/p>\n<p>&nbsp;<\/p>\n<h4>Bildnachweis<\/h4>\n<p>3d rendered illustration of an artificial diss<br \/>\nID: 50961923<br \/>\n\u00a9 Sebastian Kaulitzki &#8211; Fotolia.com<br \/>\nSeite: Medizinische Sensoren<\/p>\n<p>3d rendered illustration of a shoulder replacement<br \/>\nID: 50007998<br \/>\n\u00a9 Sebastian Kaulitzki &#8211; Fotolia.com<br \/>\nSeite: Medizinische Sensoren<\/p>\n<p>Surgeon Inserting Tube Into Patient During Surgery<br \/>\nID: 12968870<br \/>\n\u00a9 Monkey Business &#8211; Fotolia.com<br \/>\nSeite: Startseite, Medizinische Sensoren<\/p>\n<p>Reinraum Elektronik<br \/>\nID: 43681278<br \/>\n\u00a9 Gerhard Seybert &#8211; Fotolia.com<br \/>\nSeite: Ma\u00dfgeschneiderten Kundenl\u00f6sungen<\/p>\n<p>Engineer in clean suit holding silicon wafer in clean room<br \/>\nID: 44857396<br \/>\n\u00a9 Juice Images &#8211; Fotolia.com<br \/>\nSeite: Was wir f\u00fcr Sie tun k\u00f6nnen<\/p>\n<p>Benzene molecular structure on white background<br \/>\nID: 60792076<br \/>\n\u00a9 ollaweila &#8211; Fotolia.com<br \/>\nSeite: Startseite, Ma\u00dfgeschneiderte Kraft- und Dehnungssensoren f\u00fcr MEMS\/NEMS, Ma\u00dfgeschneiderten Kundenl\u00f6sungen, nano3DSense \u2013 Sensorprinzip<\/p>\n<p>Structural formulas and chemical model of benzene molecule<br \/>\nID: 65701142<br \/>\n\u00a9 logos2012 &#8211; Fotolia.com<br \/>\nSeite: Startseite, Ma\u00dfgeschneiderte Kraft- und Dehnungssensoren f\u00fcr MEMS\/NEMS, Ma\u00dfgeschneiderten Kundenl\u00f6sungen, nano3DSense \u2013 Sensorprinzip<\/p>\n<p>balls concept<br \/>\nID: 33101226<br \/>\n\u00a9 laska_love &#8211; Fotolia.com<br \/>\nSeite: Ma\u00dfgeschneiderte Kraft- und Dehnungssensoren f\u00fcr MEMS\/NEMS<\/p>\n<p>Carbon Nanotube<br \/>\nID: 42016721<br \/>\n\u00a9 ag visuell &#8211; Fotolia.com<br \/>\nSeite: Ma\u00dfgeschneiderte Kraft- und Dehnungssensoren f\u00fcr MEMS\/NEMS<\/p>\n<p>blue green scientific background with molecular structure, Medizinische Sensoren<br \/>\nID: 21320270<br \/>\n\u00a9 Ekaterina Shilova &#8211; Fotolia.com<br \/>\nSeite: Ma\u00dfgeschneiderte Kraft- und Dehnungssensoren f\u00fcr MEMS\/NEMS<\/p>\n<p>Struktur &#8211; isoliert &#8211; 3D Render<br \/>\nID: 59723802<br \/>\n\u00a9 fotoliaxrender &#8211; Fotolia.com<br \/>\nSeite: Ma\u00dfgeschneiderten Kundenl\u00f6sungen<\/p>\n<p>3d stucture<br \/>\nID: 41819703<br \/>\n\u00a9 igor kisselev &#8211; Fotolia.com<br \/>\nSeite: Startseite, Ma\u00dfgeschneiderte Kraft- und Dehnungssensoren f\u00fcr MEMS\/NEMS<\/p>\n<p>Microplate for ELISA with HIV abbreviation<br \/>\nID: 46724077<br \/>\n\u00a9 fotoblin &#8211; Fotolia.com<br \/>\nSeite: Medizinische Sensoren<\/p>\n<p>Herzkatheter &#8211; Einf\u00fchren in die Aterie 1<br \/>\nID: 26577271<br \/>\n\u00a9 psdesign1 &#8211; Fotolia.com<br \/>\nSeite: Startseite, Medizinische Sensoren<\/p>\n<p>x-rayed chest<br \/>\nID: 1854869<br \/>\n\u00a9 Dario Sabljak &#8211; Fotolia.com<br \/>\nSeite: Startseite, Medizinische Sensoren<\/p>\n<p>honey cellular background<br \/>\nID: 6865272<br \/>\n\u00a9 Yang MingQi &#8211; Fotolia.com<br \/>\nSeite: Ma\u00dfgeschneiderte Kraft- und Dehnungssensoren f\u00fcr MEMS\/NEMS<\/p>\n<p>scientist working at the laboratory<br \/>\nID: 36584385<br \/>\n\u00a9 Alexander Raths &#8211; Fotolia.com<br \/>\nSeite: Startseite<\/p>\n<p>Endoscopic biopsy<br \/>\nID: 20699617<br \/>\n\u00a9 Max Tactic &#8211; Fotolia.com<br \/>\nSeite: Medizinische Sensoren<\/p>\n<p>Gitter<br \/>\nID: 61964184<br \/>\n\u00a9 \u00e4ggkopp &#8211; Fotolia.com<br \/>\nSeite: Startseite<\/p>\n<p>Close-up of partner<br \/>\nID: 4357343<br \/>\n\u00a9 pressmaster &#8211; Fotolia.com<br \/>\nSeite: Kontakt<\/p>\n<p>DNA<br \/>\nID: 22970473<br \/>\n\u00a9 ktsdesign &#8211; Fotolia.com<br \/>\nSeite: nano3DSense auf einen Blick: Branchen \u00fcbergreifende Technologieplattform, FAQ: nano3DSense<\/p>\n<p>virus<br \/>\nID: 1627499<br \/>\n\u00a9 Sebastian Kaulitzki &#8211; Fotolia.com<br \/>\nSeite: nano3DSense auf einen Blick: Branchen \u00fcbergreifende Technologieplattform, FAQ: nano3DSense<\/p>\n<p>coli bakterien<br \/>\nID: 2895015<br \/>\n\u00a9 Sebastian Kaulitzki &#8211; Fotolia.com<br \/>\nSeite: nano3DSense auf einen Blick: Branchen \u00fcbergreifende Technologieplattform, FAQ: nano3DSense<\/p>\n<p>Microscope<br \/>\nID: 67648589<br \/>\n\u00a9 DragonImages &#8211; Fotolia.com<br \/>\nFAQ: nano3DSense<\/p>\n<p>Silicon wafer with processor cores isolated on white background<br \/>\nID: 79874698<br \/>\n\u00a9 Oleksiy Mark\/Shutterstock.com<br \/>\nSeite: Spezifikationen<\/p>\n<p>White box at automated production line at modern factory, people working in background<br \/>\nID: 90590038<br \/>\n\u00a9 Zurijeta\/Shutterstock.com<br \/>\nSeite: nano3DSense-Produktbrosch\u00fcre<\/p>\n<p>group of scientists working at the laboratory<br \/>\nID: 61876537<br \/>\n\u00a9 Alexander Raths\/Shutterstock.com<br \/>\nSeite: Karriere<\/p>\n<p>Monoclonal antibody (Immunoglobulin G, IgG2a, mAb) molecule, chemical structure. Most current biotech drugs are monoclonal antibodies. Atoms as spheres, conventional atom coloring, H atoms omitted.<br \/>\nID: 102810104<br \/>\n\u00a9 molekuul.be\/Shutterstock.com<br \/>\nSeite: Antik\u00f6rpernachweis<\/p>\n<p>Maschine des Rasterelektronenmikroskops (SEM) im cleanroom<br \/>\nID: 1152169<br \/>\n\u00a9 WH CHOW\/Shutterstock.com<br \/>\nSeite: nano3DSense: Der erste 3D-Drucker in konkurrenzloser Nanometer-Pr\u00e4zision<\/p>\n<p><\/p>","protected":false},"excerpt":{"rendered":"<p>Angaben gem\u00e4\u00df \u00a7 5 TMG: NanoScale Systems, Nanoss GmbH Robert-Bosch-Str. 7 Technologie- u. Innovationszentrum (TIZ) 64293 Darmstadt Vertreten durch: NanoScale Systems, Nanoss GmbH, Gesch\u00e4ftsf\u00fchrer Dr. Alexander Kaya Kontakt: Telefon: +49 6151-6 67 40 37 Telefax: +49 6151-6 67 40 39 Please contact us Registereintrag: Eintragung im Handelsregister. Registergericht:Amtsgericht Darmstadt Registernummer: \u2026<\/p>\n<p class=\"continue-reading-button\"> <a class=\"continue-reading-link\" href=\"https:\/\/nanoss.de\/de\/impressum\/\">Continue reading<i class=\"crycon-right-dir\"><\/i><\/a><\/p>\n","protected":false},"author":1,"featured_media":0,"parent":0,"menu_order":0,"comment_status":"closed","ping_status":"closed","template":"","meta":[],"_links":{"self":[{"href":"https:\/\/nanoss.de\/de\/wp-json\/wp\/v2\/pages\/289"}],"collection":[{"href":"https:\/\/nanoss.de\/de\/wp-json\/wp\/v2\/pages"}],"about":[{"href":"https:\/\/nanoss.de\/de\/wp-json\/wp\/v2\/types\/page"}],"author":[{"embeddable":true,"href":"https:\/\/nanoss.de\/de\/wp-json\/wp\/v2\/users\/1"}],"replies":[{"embeddable":true,"href":"https:\/\/nanoss.de\/de\/wp-json\/wp\/v2\/comments?post=289"}],"version-history":[{"count":33,"href":"https:\/\/nanoss.de\/de\/wp-json\/wp\/v2\/pages\/289\/revisions"}],"predecessor-version":[{"id":4849,"href":"https:\/\/nanoss.de\/de\/wp-json\/wp\/v2\/pages\/289\/revisions\/4849"}],"wp:attachment":[{"href":"https:\/\/nanoss.de\/de\/wp-json\/wp\/v2\/media?parent=289"}],"curies":[{"name":"wp","href":"https:\/\/api.w.org\/{rel}","templated":true}]}}