{"id":476,"date":"2014-11-13T16:20:29","date_gmt":"2014-11-13T15:20:29","guid":{"rendered":"http:\/\/nanoss.apps-1and1.net\/?page_id=476"},"modified":"2017-06-20T13:00:31","modified_gmt":"2017-06-20T11:00:31","slug":"nanos3dsense-produktbroschuere","status":"publish","type":"page","link":"https:\/\/nanoss.de\/de\/nano3dsense-produktbroschure\/","title":{"rendered":"nano3DSense-Produktbrosch\u00fcre"},"content":{"rendered":"<p><\/p>\n<div class=\"issuuembed\" style=\"width: 270px; height: 191px;\" data-configid=\"14833611\/10598996\"><\/div>\n<p><script src=\"\/\/e.issuu.com\/embed.js\" async=\"true\" type=\"text\/javascript\"><\/script><\/p>\n<p>Bl\u00e4ttern Sie online in unsere neuen <a title=\"nano3DSense auf einen Blick: Branchen \u00fcbergreifende Technologieplattform\" href=\"\/de\/nano3sense-endecken\/\">nano3DSense<\/a> &#8211; Produktbrosch\u00fcre. Klicken Sie einfach auf die\u00a0Animation und Sie erhalten eine gr\u00f6\u00dfere Ansicht. Zum Bl\u00e4ttern k\u00f6nnen Sie auch die Vor- und Zur\u00fcckpfeiltasten auf Ihrer Tastatur benutzen.<\/p>\n<p>Oder nutzen Sie unseren Direktlink, um das PDF der <a title=\"nano3DSense auf einen Blick: Branchen \u00fcbergreifende Technologieplattform\" href=\"\/de\/nano3sense-endecken\/\">nano3DSense<\/a> &#8211; Produktbrosch\u00fcre zu laden.<\/p>\n<h2><a href=\"https:\/\/nanoss.de\/wp-content\/uploads\/2015\/01\/Bahnbrechender-3D-Druck-mit-nano3DSense_Produkt_Broschuere_Deutsch_Jan2015_1.pdf\">Download der nano3DSense-Produktbrosch\u00fcre<\/a><\/h2>\n<p>&nbsp;<\/p>\n<p>&nbsp;<\/p>\n<p>&nbsp;<\/p>","protected":false},"excerpt":{"rendered":"<p>Bl\u00e4ttern Sie online in unsere neuen nano3DSense &#8211; Produktbrosch\u00fcre. Klicken Sie einfach auf die\u00a0Animation und Sie erhalten eine gr\u00f6\u00dfere Ansicht. Zum Bl\u00e4ttern k\u00f6nnen Sie auch die Vor- und Zur\u00fcckpfeiltasten auf Ihrer Tastatur benutzen. Oder nutzen Sie unseren Direktlink, um das PDF der nano3DSense &#8211; Produktbrosch\u00fcre zu laden. Download der nano3DSense-Produktbrosch\u00fcre \u2026<\/p>\n<p class=\"continue-reading-button\"> <a class=\"continue-reading-link\" href=\"https:\/\/nanoss.de\/de\/nano3dsense-produktbroschure\/\">Continue reading<i class=\"crycon-right-dir\"><\/i><\/a><\/p>\n","protected":false},"author":1,"featured_media":0,"parent":0,"menu_order":0,"comment_status":"closed","ping_status":"closed","template":"","meta":[],"_links":{"self":[{"href":"https:\/\/nanoss.de\/de\/wp-json\/wp\/v2\/pages\/476"}],"collection":[{"href":"https:\/\/nanoss.de\/de\/wp-json\/wp\/v2\/pages"}],"about":[{"href":"https:\/\/nanoss.de\/de\/wp-json\/wp\/v2\/types\/page"}],"author":[{"embeddable":true,"href":"https:\/\/nanoss.de\/de\/wp-json\/wp\/v2\/users\/1"}],"replies":[{"embeddable":true,"href":"https:\/\/nanoss.de\/de\/wp-json\/wp\/v2\/comments?post=476"}],"version-history":[{"count":27,"href":"https:\/\/nanoss.de\/de\/wp-json\/wp\/v2\/pages\/476\/revisions"}],"predecessor-version":[{"id":4719,"href":"https:\/\/nanoss.de\/de\/wp-json\/wp\/v2\/pages\/476\/revisions\/4719"}],"wp:attachment":[{"href":"https:\/\/nanoss.de\/de\/wp-json\/wp\/v2\/media?parent=476"}],"curies":[{"name":"wp","href":"https:\/\/api.w.org\/{rel}","templated":true}]}}