{"id":51,"date":"2014-10-13T11:08:16","date_gmt":"2014-10-13T11:08:16","guid":{"rendered":"http:\/\/nanoss.apps-1and1.net\/?page_id=51"},"modified":"2017-06-20T11:58:38","modified_gmt":"2017-06-20T09:58:38","slug":"nanos3dsense-additiver-3d-nanoprinter-fuer-druckbare-sensoren","status":"publish","type":"page","link":"https:\/\/nanoss.de\/de\/nano3dsense-der-erste-3d-drucker-in-konkurrenzloser-nanometer-praezision\/","title":{"rendered":"nano3DSense: Der erste 3D-Druck mit echter Nanometer-Pr\u00e4zision"},"content":{"rendered":"<p><\/p>\n<h3>Wie der neue 3D-Nanodruck f\u00fcr die Sensorfertigung funktioniert<\/h3>\n<p>Durch die konsequente Abkehr von traditionellen Verfahren der Halbleiter- und Siliziumtechnik (wie Lithografie-Masken, Lacke und Reinraum) wird es mit\u00a0<a title=\"nano3DSense auf einen Blick: Branchen \u00fcbergreifende Technologieplattform\" href=\"\/de\/nano3sense-endecken\/\">nano3DSense<\/a> erstmals m\u00f6glich, aufwendige und teure Prozesse bei der Fertigung von mikroelektronischen Komponenten, wie Sensoren, zu umgehen und den gesamten Herstellungsprozess zu revolutionieren.<\/p>\n<p>Dabei werden unsere Mikrokomponenten, <strong>als Weltneuheit<\/strong>, in einem <strong>einzigartigen Bearbeitungsschritt dreidimensional (3D) und nanometergenau<\/strong> auf die kundenspezifische Unterlage aufgedruckt und stehen dort, z.B. zur Kr\u00e4fte- oder Druckmessung jeglicher Art, sofort zur Verf\u00fcgung.<\/p>\n<p>Im Gegensatz zu konventionellen Lithographieverfahren wird das Design, auch von ausgefeilten Sensor-Systemen, erheblich vereinfacht und verbessert. Mehr als 250 komplexe Prozessschritte aus der Reinraumtechnik werden dabei, dank des neuen 3D-Nanodrucks, kompromisslos ersetzt. Gleichzeitig wird der gesamte Herstellungszyklus vom &#8211; CAD-Design bis zum fertigen Produkt &#8211; grundlegend vereinfacht und um ein Vielfaches beschleunigt.<\/p>\n<p>&nbsp;<\/p>\n\n\t\t<!-- MasterSlider -->\n\t\t<div id=\"P_MS69d659d4b8a2b\" class=\"master-slider-parent msl ms-parent-id-27\" style=\"max-width:800px;\">\n\n\t\t\t\n\t\t\t<!-- MasterSlider Main -->\n\t\t\t<div id=\"MS69d659d4b8a2b\" class=\"master-slider ms-skin-light-3\" >\n\t\t\t\t \t\t\t\t \n\t\t\t\t<div  class=\"ms-slide\" data-delay=\"5\" data-fill-mode=\"fit\"  >\n\t\t\t\t\t<img src=\"https:\/\/nanoss.de\/wp-content\/plugins\/master-slider\/public\/assets\/css\/blank.gif\" alt=\"\" title=\"\" data-src=\"https:\/\/nanoss.de\/wp-content\/uploads\/2015\/01\/PrintedSensor.jpg\" \/>\n\n\t\t\t\t\t<div class=\"ms-info\"><h2 style=\"text-align: center;\"><strong>Klicken Sie auf das Bild, um eine Echtzeit-Demo des 3D-Nanodrucks mittels nano3DSense zu sehen<br \/><\/strong><\/h2><\/div>\n\n\n\t<img class=\"ms-thumb\" src=\"https:\/\/nanoss.de\/wp-content\/uploads\/2015\/01\/PrintedSensor-100x80.jpg\" alt=\"\" \/>\n\t<div class=\"ms-thumb\" ><div class=\"ms-tab-context\"><div class=&quot;ms-tab-context&quot;><\/div><\/div>\n<\/div>\n\t<a href=\"\/\/www.youtube.com\/embed\/ouM_wm0jsaE?feature=player_detailpage\" data-type=\"video\"><\/a>\n\t\t\t\t<\/div>\n\t\t\t\t<div  class=\"ms-slide\" data-delay=\"10\" data-fill-mode=\"fit\"  >\n\t\t\t\t\t<img src=\"https:\/\/nanoss.de\/wp-content\/plugins\/master-slider\/public\/assets\/css\/blank.gif\" alt=\"\" title=\"\" data-src=\"https:\/\/nanoss.de\/wp-content\/uploads\/2015\/01\/3D-Nanodrucker.jpg\" \/>\n\n\t\t\t\t\t<div class=\"ms-info\"><h2 style=\"text-align: center;\"><strong>3D-Nanodruck im modernen Elektronenmikroskop (SEM)<\/strong><\/h2><\/div>\n\n\n\t<img class=\"ms-thumb\" src=\"https:\/\/nanoss.de\/wp-content\/uploads\/2015\/01\/3D-Nanodrucker-100x80.jpg\" alt=\"\" \/>\n\t<div class=\"ms-thumb\" ><div class=\"ms-tab-context\"><div class=&quot;ms-tab-context&quot;><\/div><\/div>\n<\/div>\n\t\t\t\t<\/div>\n\t\t\t\t<div  class=\"ms-slide\" data-delay=\"3\" data-fill-mode=\"fit\"  >\n\t\t\t\t\t<img src=\"https:\/\/nanoss.de\/wp-content\/plugins\/master-slider\/public\/assets\/css\/blank.gif\" alt=\"\" title=\"\" data-src=\"https:\/\/nanoss.de\/wp-content\/uploads\/2015\/01\/EBID-Principle1.jpg\" \/>\n\n\t\t\t\t\t<div class=\"ms-info\"><h2 style=\"text-align: center;\">Funktionsweise des 3D-Nanodruckers mit Elektronenstrahl, Gas Injektionssystem (GIS) und Prekursor<\/h2><\/div>\n\n\n\t<img class=\"ms-thumb\" src=\"https:\/\/nanoss.de\/wp-content\/uploads\/2015\/01\/EBID-Principle1-100x80.jpg\" alt=\"\" \/>\n\t<div class=\"ms-thumb\" ><div class=\"ms-tab-context\"><div class=&quot;ms-tab-context&quot;><\/div><\/div>\n<\/div>\n\t\t\t\t<\/div>\n\t\t\t\t<div  class=\"ms-slide\" data-delay=\"3\" data-fill-mode=\"fit\"  >\n\t\t\t\t\t<img src=\"https:\/\/nanoss.de\/wp-content\/plugins\/master-slider\/public\/assets\/css\/blank.gif\" alt=\"\" title=\"\" data-src=\"https:\/\/nanoss.de\/wp-content\/uploads\/2015\/01\/Sensors-on-IC1.jpg\" \/>\n\n\t\t\t\t\t<div class=\"ms-info\"><h2 style=\"text-align: center;\">Sensoren werden flexibel und mit hochst m\u00f6glicher Pr\u00e4zision \u00fcberall auf dem integrierten Chip direkt aufgedruckt<\/h2><\/div>\n\n\n\t<img class=\"ms-thumb\" src=\"https:\/\/nanoss.de\/wp-content\/uploads\/2015\/01\/Sensors-on-IC1-100x80.jpg\" alt=\"\" \/>\n\t<div class=\"ms-thumb\" ><div class=\"ms-tab-context\"><div class=&quot;ms-tab-context&quot;><\/div><\/div>\n<\/div>\n\t\t\t\t<\/div>\n\t\t\t\t<div  class=\"ms-slide\" data-delay=\"3\" data-fill-mode=\"fit\"  >\n\t\t\t\t\t<img src=\"https:\/\/nanoss.de\/wp-content\/plugins\/master-slider\/public\/assets\/css\/blank.gif\" alt=\"\" title=\"\" data-src=\"https:\/\/nanoss.de\/wp-content\/uploads\/2015\/01\/Rapid-Prototyping-on-Chip1.jpg\" \/>\n\n\t\t\t\t\t<div class=\"ms-info\"><h2 style=\"text-align: center;\">Rapid Prototyping: Der Sensor kann mit h\u00f6chst m\u00f6glicher Pr\u00e4zision auf fast jede Oberfl\u00e4che oder jedes Material direkt appliziert werden.<\/h2><\/div>\n\n\n\t<img class=\"ms-thumb\" src=\"https:\/\/nanoss.de\/wp-content\/uploads\/2015\/01\/Rapid-Prototyping-on-Chip1-100x80.jpg\" alt=\"\" \/>\n\t<div class=\"ms-thumb\" ><div class=\"ms-tab-context\"><div class=&quot;ms-tab-context&quot;><\/div><\/div>\n<\/div>\n\t\t\t\t<\/div>\n\t\t\t\t<div  class=\"ms-slide\" data-delay=\"3\" data-fill-mode=\"fit\"  >\n\t\t\t\t\t<img src=\"https:\/\/nanoss.de\/wp-content\/plugins\/master-slider\/public\/assets\/css\/blank.gif\" alt=\"\" title=\"\" data-src=\"https:\/\/nanoss.de\/wp-content\/uploads\/2015\/01\/EBID_Force_strain1.jpg\" \/>\n\n\t\t\t\t\t<div class=\"ms-info\"><h2 style=\"text-align: center;\">Kraft- Druck- und Dehnungsmessungen mit gr\u00f6\u00dftm\u00f6glicher Aufl\u00f6sung auf jeder Unterlage<\/h2><\/div>\n\n\n\t<img class=\"ms-thumb\" src=\"https:\/\/nanoss.de\/wp-content\/uploads\/2015\/01\/EBID_Force_strain1-100x80.jpg\" alt=\"\" \/>\n\t<div class=\"ms-thumb\" ><div class=\"ms-tab-context\"><div class=&quot;ms-tab-context&quot;><\/div><\/div>\n<\/div>\n\t\t\t\t<\/div>\n\t\t\t\t<div  class=\"ms-slide\" data-delay=\"3\" data-fill-mode=\"fit\"  >\n\t\t\t\t\t<img src=\"https:\/\/nanoss.de\/wp-content\/plugins\/master-slider\/public\/assets\/css\/blank.gif\" alt=\"\" title=\"\" data-src=\"https:\/\/nanoss.de\/wp-content\/uploads\/2015\/01\/Sensor_Free_Choice2.jpg\" \/>\n\n\t\t\t\t\t<div class=\"ms-info\"><h2 style=\"text-align: center;\">Freie Wahl von Sensorform und -gr\u00f6\u00dfe in nur wenigen Sekunden<\/h2><\/div>\n\n\n\t<img class=\"ms-thumb\" src=\"https:\/\/nanoss.de\/wp-content\/uploads\/2015\/01\/Sensor_Free_Choice2-100x80.jpg\" alt=\"\" \/>\n\t<div class=\"ms-thumb\" ><div class=\"ms-tab-context\"><div class=&quot;ms-tab-context&quot;><\/div><\/div>\n<\/div>\n\t\t\t\t<\/div>\n\t\t\t\t<div  class=\"ms-slide\" data-delay=\"3\" data-fill-mode=\"fit\"  >\n\t\t\t\t\t<img src=\"https:\/\/nanoss.de\/wp-content\/plugins\/master-slider\/public\/assets\/css\/blank.gif\" alt=\"\" title=\"\" data-src=\"https:\/\/nanoss.de\/wp-content\/uploads\/2015\/01\/2DLitho1.jpg\" \/>\n\n\t\t\t\t\t<div class=\"ms-info\"><h2 style=\"text-align: center;\">nano3DSense ist ein Masken- und Silizium freier Lithographieprozess mit gr\u00f6\u00dftm\u00f6glicher Flexibilit\u00e4t, der weder Reinraum- noch Siliziumtechnik erfordert<\/h2><\/div>\n\n\n\t<img class=\"ms-thumb\" src=\"https:\/\/nanoss.de\/wp-content\/uploads\/2015\/01\/2DLitho1-100x80.jpg\" alt=\"\" \/>\n\t<div class=\"ms-thumb\" ><div class=\"ms-tab-context\"><div class=&quot;ms-tab-context&quot;><\/div><\/div>\n<\/div>\n\t\t\t\t<\/div>\n\t\t\t\t<div  class=\"ms-slide\" data-delay=\"3\" data-fill-mode=\"fit\"  >\n\t\t\t\t\t<img src=\"https:\/\/nanoss.de\/wp-content\/plugins\/master-slider\/public\/assets\/css\/blank.gif\" alt=\"\" title=\"\" data-src=\"https:\/\/nanoss.de\/wp-content\/uploads\/2015\/01\/True3D1.jpg\" \/>\n\n\t\t\t\t\t<div class=\"ms-info\"><h2 style=\"text-align: center;\">3D-Druck mit echter Nanometer-Aufl\u00f6sung<\/h2><\/div>\n\n\n\t<img class=\"ms-thumb\" src=\"https:\/\/nanoss.de\/wp-content\/uploads\/2015\/01\/True3D1-100x80.jpg\" alt=\"\" \/>\n\t<div class=\"ms-thumb\" ><div class=\"ms-tab-context\"><div class=&quot;ms-tab-context&quot;><\/div><\/div>\n<\/div>\n\t\t\t\t<\/div>\n\t\t\t\t<div  class=\"ms-slide\" data-delay=\"3\" data-fill-mode=\"fit\"  >\n\t\t\t\t\t<img src=\"https:\/\/nanoss.de\/wp-content\/plugins\/master-slider\/public\/assets\/css\/blank.gif\" alt=\"\" title=\"\" data-src=\"https:\/\/nanoss.de\/wp-content\/uploads\/2015\/01\/Batch-Production2.jpg\" \/>\n\n\t\t\t\t\t<div class=\"ms-info\"><h2 style=\"text-align: center;\">nano3DSense ist voll automatisierbar und erm\u00f6glicht schnelle Serienfertigung selbst auf Wafer-Ebene<\/h2><\/div>\n\n\n\t<img class=\"ms-thumb\" src=\"https:\/\/nanoss.de\/wp-content\/uploads\/2015\/01\/Batch-Production2-100x80.jpg\" alt=\"\" \/>\n\t<div class=\"ms-thumb\" ><div class=\"ms-tab-context\"><div class=&quot;ms-tab-context&quot;><\/div><\/div>\n<\/div>\n\t\t\t\t<\/div>\n\n\t\t\t<\/div>\n\t\t\t<!-- END MasterSlider Main -->\n\n\t\t\t \n\t\t<\/div>\n\t\t<!-- END MasterSlider -->\n\n\t\t<script>\n\t\t(function ( $ ) {\n\t\t\t\"use strict\";\n\n\t\t\t$(function () {\n\t\t\t\tvar masterslider_8a2b = new MasterSlider();\n\n\t\t\t\t\/\/ slider controls\n\t\t\t\tmasterslider_8a2b.control('arrows'     ,{ autohide:true, overVideo:true  });\n\t\t\t\tmasterslider_8a2b.control('thumblist'  ,{ autohide:true, overVideo:true, dir:'h', speed:17, inset:false, arrows:false, hover:false, customClass:'', align:'bottom',type:'thumbs', margin:10, width:100, height:80, space:5, fillMode:'center'  });\n\t\t\t\tmasterslider_8a2b.control('slideinfo'  ,{ autohide:false, overVideo:true, dir:'h', align:'top',inset:false , margin:1   });\n\t\t\t\t\/\/ slider setup\n\t\t\t\tmasterslider_8a2b.setup(\"MS69d659d4b8a2b\", {\n\t\t\t\t\t\twidth           : 800,\n\t\t\t\t\t\theight          : 480,\n\t\t\t\t\t\tminHeight       : 0,\n\t\t\t\t\t\tspace           : 0,\n\t\t\t\t\t\tstart           : 1,\n\t\t\t\t\t\tgrabCursor      : true,\n\t\t\t\t\t\tswipe           : true,\n\t\t\t\t\t\tmouse           : true,\n\t\t\t\t\t\tlayout          : \"boxed\",\n\t\t\t\t\t\twheel           : false,\n\t\t\t\t\t\tautoplay        : true,\n\t\t\t\t\t\tinstantStartLayers:false,\n\t\t\t\t\t\tloop            : true,\n\t\t\t\t\t\tshuffle         : false,\n\t\t\t\t\t\tpreload         : 0,\n\t\t\t\t\t\theightLimit     : true,\n\t\t\t\t\t\tautoHeight      : false,\n\t\t\t\t\t\tsmoothHeight    : true,\n\t\t\t\t\t\tendPause        : false,\n\t\t\t\t\t\toverPause       : true,\n\t\t\t\t\t\tfillMode        : \"fill\",\n\t\t\t\t\t\tcenterControls  : true,\n\t\t\t\t\t\tstartOnAppear   : false,\n\t\t\t\t\t\tlayersMode      : \"center\",\n\t\t\t\t\t\thideLayers      : false,\n\t\t\t\t\t\tfullscreenMargin: 0,\n\t\t\t\t\t\tspeed           : 5,\n\t\t\t\t\t\tdir             : \"h\",\n\t\t\t\t\t\tparallaxMode    : 'swipe',\n\t\t\t\t\t\tview            : \"fade\"\n\t\t\t\t});\n\n\t\t\t\t\n\t\t\t\twindow.masterslider_instances = window.masterslider_instances || [];\n\t\t\t\twindow.masterslider_instances.push( masterslider_8a2b );\n\t\t\t });\n\n\t\t})(jQuery);\n\t\t<\/script>\n\n\n<p>&nbsp;<\/p>\n<h3>Nanometer-Pr\u00e4zision f\u00fcr Serienfertigung und Rapid Prototyping<\/h3>\n<p>Der 3D-Nanodruck\u00a0mit\u00a0<a title=\"nano3DSense auf einen Blick: Branchen \u00fcbergreifende Technologieplattform\" href=\"\/de\/nano3sense-endecken\/\">nano3DSense<\/a> kommt in <strong>modernen Elektronenmikroskopen (SEM)<\/strong> zum Einsatz. Dort steht im <strong>Hochvakuum<\/strong> ein stark geb\u00fcndelter Elektronenstrahl mit nur <strong>wenigen Nanometern Durchmesser<\/strong> f\u00fcr den Druckprozess zur Verf\u00fcgung. Er \u00fcbernimmt den Herstellungsprozess Schicht f\u00fcr Schicht. Dabei erreichen wir unschlagbar kleine Abmessungen, die es erlauben, im Bedarfsfall sogar\u00a0Sensorgr\u00f6\u00dfen bis <strong>unterhalb 10 Nanometer<\/strong> zu erzielen. Und dies auf nahezu allen Materialoberfl\u00e4chen (siehe Video oben).<\/p>\n<p>Die wegweisende Flexibilit\u00e4t des Verfahrens erlaubt es dabei, z.B. hoch spezialisierte und schnell anpassbare Produktionsserien bereitzustellen, die auch bei kleinen St\u00fcckzahlen profitabel arbeiten oder ma\u00dfgeschneiderte \u201eRapid Prototyping\u201c-W\u00fcnsche in F&amp;E f\u00fcr unsere Kunden kosteng\u00fcnstig und\u00a0konkurrenzlos schnell umzusetzen.<\/p>\n<p>&nbsp;<\/p>\n<h3>Starten Sie das Video f\u00fcr eine Echtzeit-Demonstration der Sensorherstellung mittels 3D Nanodruck <a title=\"nano3DSense auf einen Blick: Branchen \u00fcbergreifende Technologieplattform\" href=\"\/de\/nano3sense-endecken\/\">nano3DSense<\/a><\/h3>\n\n\t\t<!-- MasterSlider -->\n\t\t<div id=\"P_MS69d659d4b9618\" class=\"master-slider-parent msl ms-parent-id-47\" style=\"max-width:1000px;\">\n\n\t\t\t\n\t\t\t<!-- MasterSlider Main -->\n\t\t\t<div id=\"MS69d659d4b9618\" class=\"master-slider ms-skin-default\" >\n\t\t\t\t \t\t\t\t \n\t\t\t\t<div  class=\"ms-slide\" data-delay=\"3\" data-fill-mode=\"fit\"  >\n\t\t\t\t\t<img src=\"https:\/\/nanoss.de\/wp-content\/plugins\/master-slider\/public\/assets\/css\/blank.gif\" alt=\"\" title=\"\" data-src=\"https:\/\/nanoss.de\/wp-content\/uploads\/2015\/01\/PrintedSensor.jpg\" \/>\n\n\n\t<div class=\"ms-thumb\" ><div class=\"ms-tab-context\"><div class=&quot;ms-tab-context&quot;><\/div><\/div>\n<\/div>\n\t<a href=\"\/\/www.youtube.com\/embed\/ouM_wm0jsaE?feature=player_detailpage\" data-type=\"video\"><\/a>\n\t\t\t\t<\/div>\n\n\t\t\t<\/div>\n\t\t\t<!-- END MasterSlider Main -->\n\n\t\t\t \n\t\t<\/div>\n\t\t<!-- END MasterSlider -->\n\n\t\t<script>\n\t\t(function ( $ ) {\n\t\t\t\"use strict\";\n\n\t\t\t$(function () {\n\t\t\t\tvar masterslider_9618 = new MasterSlider();\n\n\t\t\t\t\/\/ slider controls\n\n\t\t\t\t\/\/ slider setup\n\t\t\t\tmasterslider_9618.setup(\"MS69d659d4b9618\", {\n\t\t\t\t\t\twidth           : 1000,\n\t\t\t\t\t\theight          : 500,\n\t\t\t\t\t\tminHeight       : 0,\n\t\t\t\t\t\tspace           : 0,\n\t\t\t\t\t\tstart           : 1,\n\t\t\t\t\t\tgrabCursor      : true,\n\t\t\t\t\t\tswipe           : true,\n\t\t\t\t\t\tmouse           : true,\n\t\t\t\t\t\tlayout          : \"boxed\",\n\t\t\t\t\t\twheel           : false,\n\t\t\t\t\t\tautoplay        : false,\n\t\t\t\t\t\tinstantStartLayers:false,\n\t\t\t\t\t\tloop            : false,\n\t\t\t\t\t\tshuffle         : false,\n\t\t\t\t\t\tpreload         : 0,\n\t\t\t\t\t\theightLimit     : true,\n\t\t\t\t\t\tautoHeight      : false,\n\t\t\t\t\t\tsmoothHeight    : true,\n\t\t\t\t\t\tendPause        : false,\n\t\t\t\t\t\toverPause       : true,\n\t\t\t\t\t\tfillMode        : \"fill\",\n\t\t\t\t\t\tcenterControls  : true,\n\t\t\t\t\t\tstartOnAppear   : false,\n\t\t\t\t\t\tlayersMode      : \"center\",\n\t\t\t\t\t\thideLayers      : false,\n\t\t\t\t\t\tfullscreenMargin: 0,\n\t\t\t\t\t\tspeed           : 20,\n\t\t\t\t\t\tdir             : \"h\",\n\t\t\t\t\t\tparallaxMode    : 'swipe',\n\t\t\t\t\t\tview            : \"basic\"\n\t\t\t\t});\n\n\t\t\t\t\n\t\t\t\twindow.masterslider_instances = window.masterslider_instances || [];\n\t\t\t\twindow.masterslider_instances.push( masterslider_9618 );\n\t\t\t });\n\n\t\t})(jQuery);\n\t\t<\/script>\n\n\n<p>&nbsp;<\/p>\n<h3>\u00a0Lesen Sie weiter:<\/h3>\n<p>&nbsp;<\/p>\n<h4 class=\"entry-title\"><a title=\"Nanos3DSense\u2122 auf einen Blick: Branchen \u00fcbergreifende Technologieplattform\" href=\"\/de\/nano3sense-endecken\/\"><span style=\"color: #808080;\">nano3DSense auf einen Blick<\/span><\/a><\/h4>\n<h4><span style=\"color: #808080;\"><a style=\"color: #808080;\" title=\"Top Down vs. Bottom Up\" href=\"\/de\/nano3sense-endeckentop-down-vs-bottom-up\/\">Top Down vs. Bottom-Up<\/a><\/span><\/h4>\n<h4><span style=\"color: #999999;\"><a style=\"color: #999999;\" title=\"Nanos3DSense\u2122: Der erste 3D-Drucker mit Nanometer-Pr\u00e4zision\" href=\"\/de\/nanos3dsense-additiver-3d-nanoprinter-fuer-druckbare-sensoren\/\">\u00a03D-Nanodrucker<\/a><\/span><\/h4>\n<h4><span style=\"color: #808080;\"><a style=\"color: #808080;\" title=\"Nanos3DSense\u2122-Sensorprinzip\" href=\"\/de\/a-new-leaf-das-nanos3dsense-sensorprinzip\/\">\u00a0\u00a0\u00a0\u00a0 <\/a><strong><a title=\"Nanos3DSense\u2122-Sensorprinzip\" href=\"\/de\/a-new-leaf-das-nanos3dsense-sensorprinzip\/\">&gt; nano3DSense-Sensorprinzip<\/a><\/strong><\/span><\/h4>\n<h4><span style=\"color: #808080;\"><a style=\"color: #808080;\" title=\"Spezifikationen\" href=\"\/de\/spezifikationen\/\">Spezifikationen<\/a><\/span><\/h4>\n<h4><span style=\"color: #808080;\"><a style=\"color: #808080;\" title=\"FAQ: Nanos3DSense\u2122\" href=\"\/de\/faq-nanos3dsense\/\">FAQ: nano3DSense<\/a><\/span><\/h4>\n<p>&nbsp;<\/p>","protected":false},"excerpt":{"rendered":"<p>Wie der neue 3D-Nanodruck f\u00fcr die Sensorfertigung funktioniert Durch die konsequente Abkehr von traditionellen Verfahren der Halbleiter- und Siliziumtechnik (wie Lithografie-Masken, Lacke und Reinraum) wird es mit\u00a0nano3DSense erstmals m\u00f6glich, aufwendige und teure Prozesse bei der Fertigung von mikroelektronischen Komponenten, wie Sensoren, zu umgehen und den gesamten Herstellungsprozess zu revolutionieren. Dabei \u2026<\/p>\n<p class=\"continue-reading-button\"> <a class=\"continue-reading-link\" href=\"https:\/\/nanoss.de\/de\/nano3dsense-der-erste-3d-drucker-in-konkurrenzloser-nanometer-praezision\/\">Continue reading<i class=\"crycon-right-dir\"><\/i><\/a><\/p>\n","protected":false},"author":1,"featured_media":0,"parent":0,"menu_order":0,"comment_status":"closed","ping_status":"closed","template":"","meta":[],"_links":{"self":[{"href":"https:\/\/nanoss.de\/de\/wp-json\/wp\/v2\/pages\/51"}],"collection":[{"href":"https:\/\/nanoss.de\/de\/wp-json\/wp\/v2\/pages"}],"about":[{"href":"https:\/\/nanoss.de\/de\/wp-json\/wp\/v2\/types\/page"}],"author":[{"embeddable":true,"href":"https:\/\/nanoss.de\/de\/wp-json\/wp\/v2\/users\/1"}],"replies":[{"embeddable":true,"href":"https:\/\/nanoss.de\/de\/wp-json\/wp\/v2\/comments?post=51"}],"version-history":[{"count":168,"href":"https:\/\/nanoss.de\/de\/wp-json\/wp\/v2\/pages\/51\/revisions"}],"predecessor-version":[{"id":4702,"href":"https:\/\/nanoss.de\/de\/wp-json\/wp\/v2\/pages\/51\/revisions\/4702"}],"wp:attachment":[{"href":"https:\/\/nanoss.de\/de\/wp-json\/wp\/v2\/media?parent=51"}],"curies":[{"name":"wp","href":"https:\/\/api.w.org\/{rel}","templated":true}]}}