{"id":54,"date":"2014-10-13T11:22:55","date_gmt":"2014-10-13T11:22:55","guid":{"rendered":"http:\/\/nanoss.apps-1and1.net\/?page_id=54"},"modified":"2017-06-20T11:57:16","modified_gmt":"2017-06-20T09:57:16","slug":"a-new-leaf-das-nanos3dsense-sensorprinzip","status":"publish","type":"page","link":"https:\/\/nanoss.de\/de\/nano3dsense-sensorprinzip\/","title":{"rendered":"Das neue nano3DSense &#8211; Sensorprinzip"},"content":{"rendered":"<p><\/p>\n<h3>Ein neues Kapitel in der medizinischen Sensorik<\/h3>\n<p>Bei\u00a0<a title=\"nano3DSense auf einen Blick: Branchen \u00fcbergreifende Technologieplattform\" href=\"\/de\/nano3sense-endecken\/\">nano3DSense<\/a> kommt als Weltneuheit f\u00fcr Ihre medizinischen Anwendungen ein radikal erneuertes Sensorprinzip mit stark verbesserten Eigenschaften gegen\u00fcber konventionellen Verfahren zum Einsatz. Erstmals werden zur <strong>Messung von mechanischen Grundgr\u00f6\u00dfen, wie Kraft, Druck oder Dehnung<\/strong> ultra-kompakte Sensoren aus <strong><em>nanokristallinen<\/em> <\/strong><em><strong>Verbundmaterialien<\/strong>,<\/em> sogenannte<strong><em> Nanocomposite<\/em>s<\/strong>, eingesetzt. Neben verbesserten Leistungseigenschaften, z.B. bei Messaufl\u00f6sung und Langzeitstabilit\u00e4t, haben wir auch das Einsatzspektrum der Sensorik bei medizinischen Anwendungen grundlegend neu definiert.<\/p>\n<p>&nbsp;<\/p>\n<div id=\"attachment_2658\" style=\"width: 303px\" class=\"wp-caption aligncenter\"><a href=\"\/wp-content\/uploads\/2015\/01\/EBID-Tip.jpg\" rel=\"lightbox[54]\"><img aria-describedby=\"caption-attachment-2658\" loading=\"lazy\" class=\"wp-image-2658\" src=\"\/wp-content\/uploads\/2015\/01\/EBID-Tip.jpg\" alt=\"EBID-Tip\" width=\"293\" height=\"408\" srcset=\"https:\/\/nanoss.de\/wp-content\/uploads\/2015\/01\/EBID-Tip.jpg 471w, https:\/\/nanoss.de\/wp-content\/uploads\/2015\/01\/EBID-Tip-215x300.jpg 215w, https:\/\/nanoss.de\/wp-content\/uploads\/2015\/01\/EBID-Tip-108x150.jpg 108w\" sizes=\"(max-width: 293px) 100vw, 293px\" \/><\/a><p id=\"caption-attachment-2658\" class=\"wp-caption-text\">Sensor aus nanokristallinem Material (Nanocomposite) mittels nano3DSense hergestellt<\/p><\/div>\n<p>&nbsp;<\/p>\n<h3>Das neue nano3DSense Sensorprinzip f\u00fcr h\u00f6chstm\u00f6gliche Pr\u00e4zision<\/h3>\n<p>Die\u00a0<strong>mechanische Verbiegung<\/strong> einer mikrofabrizierten MEMS Materialunterlage, wie eine <strong>Druckmembran<\/strong> oder der <strong>Kraftaufnehmer<\/strong> (Hebelarm bzw. Cantilever) auf einem Chip (siehe Grafik unten), kann auf vielerlei Weise hervorgerufen werden: z.B. durch winzigen mechanischen Druck oder molekulare bzw. andere Kr\u00e4fte, die auf die Unterlage einwirken. Dabei kann sich eine vielseitige und komplizierte Verteilung von Kr\u00e4ften \u00fcberall auf dem Substrat einstellen.<\/p>\n<p>Dank <a title=\"nano3DSense auf einen Blick: Branchen \u00fcbergreifende Technologieplattform\" href=\"\/de\/nano3sense-endecken\/\">nano3DSense<\/a> lassen sich diese Kr\u00e4fte <strong>an jedem Ort<\/strong> exakt erfassen. Denn der Sensor wird im 3D-Nanodruck nur dort aufgebracht, wo mechanische St\u00f6rungen tats\u00e4chlich gemessen werden m\u00fcssen. <strong>Nanometergenau<\/strong> an jedem Ort und auf nahezu <strong>allen Materialien<\/strong>, die f\u00fcr medizinische Zwecke vorgesehen sind. Das Messprinzip ist dabei revolution\u00e4r einfach und flexibel mittels Standardmesstechnik in jede medizinische Applikation integrierbar.<\/p>\n\n\t\t<!-- MasterSlider -->\n\t\t<div id=\"P_MS69d4541b76cda\" class=\"master-slider-parent msl ms-parent-id-48\" style=\"max-width:800px;\">\n\n\t\t\t\n\t\t\t<!-- MasterSlider Main -->\n\t\t\t<div id=\"MS69d4541b76cda\" class=\"master-slider ms-skin-light-3\" >\n\t\t\t\t \t\t\t\t \n\t\t\t\t<div  class=\"ms-slide\" data-delay=\"15\" data-fill-mode=\"fit\"  >\n\t\t\t\t\t<img src=\"https:\/\/nanoss.de\/wp-content\/plugins\/master-slider\/public\/assets\/css\/blank.gif\" alt=\"\" title=\"\" data-src=\"https:\/\/nanoss.de\/wp-content\/uploads\/2015\/01\/Working-Principle.jpg\" \/>\n\n\t\t\t\t\t<div class=\"ms-info\"><h2 style=\"text-align: center;\"><strong>Das Messprinzip mit nano3DSense auf einem Transducer (\"MEMS\"-Cantilever Kraftarm):<br \/><\/strong><\/h2><p style=\"text-align: center;\"><strong>Kr\u00e4fte werden exakt dort gemessen, wo sie entstehen (hier Zentrum Biegekante)<\/strong><\/p><\/div>\n\n\n\t<img class=\"ms-thumb\" src=\"https:\/\/nanoss.de\/wp-content\/uploads\/2015\/01\/Working-Principle-100x80.jpg\" alt=\"\" \/>\n\t<div class=\"ms-thumb\" ><div class=\"ms-tab-context\"><div class=&quot;ms-tab-context&quot;><\/div><\/div>\n<\/div>\n\t\t\t\t<\/div>\n\t\t\t\t<div  class=\"ms-slide\" data-delay=\"10\" data-fill-mode=\"fit\"  >\n\t\t\t\t\t<img src=\"https:\/\/nanoss.de\/wp-content\/plugins\/master-slider\/public\/assets\/css\/blank.gif\" alt=\"\" title=\"\" data-src=\"https:\/\/nanoss.de\/wp-content\/uploads\/2015\/01\/Deflection-Curve_Engl.jpg\" \/>\n\n\t\t\t\t\t<div class=\"ms-info\"><h2 style=\"text-align: center;\"><strong>Mechanische Biegekurve:<\/strong><\/h2><p style=\"text-align: center;\"><strong>Hochaufl\u00f6sendes Messignal (nano3DSense) w\u00e4hrend eines Biegezykluses (mittels Standardelektronik ausgelesen)<br \/><\/strong><\/p><h3 style=\"text-align: center;\"><strong>\u00a0<\/strong><\/h3><\/div>\n\n\n\t<img class=\"ms-thumb\" src=\"https:\/\/nanoss.de\/wp-content\/uploads\/2015\/01\/Deflection-Curve_Engl-100x80.jpg\" alt=\"\" \/>\n\t<div class=\"ms-thumb\" ><div class=\"ms-tab-context\"><div class=&quot;ms-tab-context&quot;><\/div><\/div>\n<\/div>\n\t\t\t\t<\/div>\n\t\t\t\t<div  class=\"ms-slide\" data-delay=\"10\" data-fill-mode=\"fit\"  >\n\t\t\t\t\t<img src=\"https:\/\/nanoss.de\/wp-content\/plugins\/master-slider\/public\/assets\/css\/blank.gif\" alt=\"\" title=\"\" data-src=\"https:\/\/nanoss.de\/wp-content\/uploads\/2015\/01\/Demo-IU-Kurve.jpg\" \/>\n\n\t\t\t\t\t<div class=\"ms-info\"><h2 style=\"text-align: center;\"><strong>Strom-Spannungs (I\/U)-Kurve (nano3DSense)<\/strong><\/h2><p style=\"text-align: center;\"><strong>Perfekte Linearit\u00e4t f\u00fcr h\u00f6chste Messanforderungen<br \/><\/strong><\/p><\/div>\n\n\n\t<img class=\"ms-thumb\" src=\"https:\/\/nanoss.de\/wp-content\/uploads\/2015\/01\/Demo-IU-Kurve-100x80.jpg\" alt=\"\" \/>\n\t<div class=\"ms-thumb\" ><div class=\"ms-tab-context\"><div class=&quot;ms-tab-context&quot;><\/div><\/div>\n<\/div>\n\t\t\t\t<\/div>\n\t\t\t\t<div  class=\"ms-slide\" data-delay=\"10\" data-fill-mode=\"fit\"  >\n\t\t\t\t\t<img src=\"https:\/\/nanoss.de\/wp-content\/plugins\/master-slider\/public\/assets\/css\/blank.gif\" alt=\"\" title=\"\" data-src=\"https:\/\/nanoss.de\/wp-content\/uploads\/2015\/01\/Demo-Reproduzierbarkeit.jpg\" \/>\n\n\t\t\t\t\t<div class=\"ms-info\"><h2 style=\"text-align: center;\"><strong>nano3DSense Reproduzierbarkeit<br \/><\/strong><\/h2><p style=\"text-align: center;\"><strong>(I\/U)-Kurve von vier identisch hergestellten nano3DSense-Sensoren<\/strong><\/p><\/div>\n\n\n\t<img class=\"ms-thumb\" src=\"https:\/\/nanoss.de\/wp-content\/uploads\/2015\/01\/Demo-Reproduzierbarkeit-100x80.jpg\" alt=\"\" \/>\n\t<div class=\"ms-thumb\" ><div class=\"ms-tab-context\"><div class=&quot;ms-tab-context&quot;><\/div><\/div>\n<\/div>\n\t\t\t\t<\/div>\n\t\t\t\t<div  class=\"ms-slide\" data-delay=\"10\" data-fill-mode=\"fit\"  >\n\t\t\t\t\t<img src=\"https:\/\/nanoss.de\/wp-content\/plugins\/master-slider\/public\/assets\/css\/blank.gif\" alt=\"\" title=\"\" data-src=\"https:\/\/nanoss.de\/wp-content\/uploads\/2015\/01\/Demo-Stabilit\u00e4t.jpg\" \/>\n\n\t\t\t\t\t<div class=\"ms-info\"><br \/><h2 style=\"text-align: center;\"><strong>nano3DSense Signal-Stabilit\u00e4t<br \/><\/strong><\/h2><p style=\"text-align: center;\"><strong>Messsignal-Satbilit\u00e4t (Widerstand) zeitaufgel\u00f6st<br \/><\/strong><\/p><\/div>\n\n\n\t<img class=\"ms-thumb\" src=\"https:\/\/nanoss.de\/wp-content\/uploads\/2015\/01\/Demo-Stabilit\u00e4t-100x80.jpg\" alt=\"\" \/>\n\t<div class=\"ms-thumb\" ><div class=\"ms-tab-context\"><div class=&quot;ms-tab-context&quot;><\/div><\/div>\n<\/div>\n\t\t\t\t<\/div>\n\n\t\t\t<\/div>\n\t\t\t<!-- END MasterSlider Main -->\n\n\t\t\t \n\t\t<\/div>\n\t\t<!-- END MasterSlider -->\n\n\t\t<script>\n\t\t(function ( $ ) {\n\t\t\t\"use strict\";\n\n\t\t\t$(function () {\n\t\t\t\tvar masterslider_6cda = new MasterSlider();\n\n\t\t\t\t\/\/ slider controls\n\t\t\t\tmasterslider_6cda.control('arrows'     ,{ autohide:true, overVideo:true  });\n\t\t\t\tmasterslider_6cda.control('thumblist'  ,{ autohide:true, overVideo:true, dir:'h', speed:17, inset:false, arrows:false, hover:false, customClass:'', align:'bottom',type:'thumbs', margin:10, width:100, height:80, space:5, fillMode:'center'  });\n\t\t\t\tmasterslider_6cda.control('slideinfo'  ,{ autohide:false, overVideo:true, dir:'h', align:'top',inset:false , margin:1   });\n\t\t\t\t\/\/ slider setup\n\t\t\t\tmasterslider_6cda.setup(\"MS69d4541b76cda\", {\n\t\t\t\t\t\twidth           : 800,\n\t\t\t\t\t\theight          : 480,\n\t\t\t\t\t\tminHeight       : 0,\n\t\t\t\t\t\tspace           : 0,\n\t\t\t\t\t\tstart           : 1,\n\t\t\t\t\t\tgrabCursor      : true,\n\t\t\t\t\t\tswipe           : true,\n\t\t\t\t\t\tmouse           : true,\n\t\t\t\t\t\tlayout          : \"boxed\",\n\t\t\t\t\t\twheel           : false,\n\t\t\t\t\t\tautoplay        : true,\n\t\t\t\t\t\tinstantStartLayers:false,\n\t\t\t\t\t\tloop            : true,\n\t\t\t\t\t\tshuffle         : false,\n\t\t\t\t\t\tpreload         : 0,\n\t\t\t\t\t\theightLimit     : true,\n\t\t\t\t\t\tautoHeight      : false,\n\t\t\t\t\t\tsmoothHeight    : true,\n\t\t\t\t\t\tendPause        : false,\n\t\t\t\t\t\toverPause       : true,\n\t\t\t\t\t\tfillMode        : \"fill\",\n\t\t\t\t\t\tcenterControls  : true,\n\t\t\t\t\t\tstartOnAppear   : false,\n\t\t\t\t\t\tlayersMode      : \"center\",\n\t\t\t\t\t\thideLayers      : false,\n\t\t\t\t\t\tfullscreenMargin: 0,\n\t\t\t\t\t\tspeed           : 5,\n\t\t\t\t\t\tdir             : \"h\",\n\t\t\t\t\t\tparallaxMode    : 'swipe',\n\t\t\t\t\t\tview            : \"fade\"\n\t\t\t\t});\n\n\t\t\t\t\n\t\t\t\twindow.masterslider_instances = window.masterslider_instances || [];\n\t\t\t\twindow.masterslider_instances.push( masterslider_6cda );\n\t\t\t });\n\n\t\t})(jQuery);\n\t\t<\/script>\n\n\n<p>&nbsp;<\/p>\n<h3>Hervorragendes in Bewegung setzen<\/h3>\n<p>Die Materialunterlage (z. B. Druck- oder Kraftaufnehmer) ist dank des flexiblen 3D-Drucks in ihrer Beschaffenheit und Form (3D) nahezu v\u00f6llig frei w\u00e4hlbar. Neben Silizium lassen sich z.B.\u00a0m\u00fchelos auch Materialien aus <strong>Stahl (z. B. biokompatibles Titan), Glas, Oxide oder Kunststoffe, wie\u00a0Polyimide<\/strong> problemlos f\u00fcr ausgefeilte Messaufgaben in der Medizintechnik einsetzen. Selbst Unterlagen mit kleinsten Abmessungen <strong>unterhalb 100\u00a0\u00b5m (Mikrometer)<\/strong> f\u00fcr den minimalinvasiven Einsatz von <strong>Kathetern<\/strong> oder <strong>medizinischen Implantaten<\/strong> k\u00f6nnen m\u00fchelos mit leistungsf\u00e4higer Sensorfunktionalit\u00e4t ausgestattet werden. Auch die geometrische Form der Unterlage spielt kaum eine Rolle.<\/p>\n<p>Dank der geringen Sensorgr\u00f6\u00dfen k\u00f6nnen wir f\u00fcr unsere Sensoren <strong>extrem niedrige Leistungsaufnahme<\/strong> <strong>und h\u00f6chste Effizienz<\/strong> garantieren. So l\u00e4sst sich die <strong>gew\u00fcnschte Sensorfunktionalit\u00e4t<\/strong> f\u00fcr Ihre medizinische Anwendung <strong>schnell und exakt in jeder Messsituation<\/strong> umsetzen.<\/p>\n<p>&nbsp;<\/p>\n<p>&nbsp;<\/p>\n<p>&nbsp;<\/p>\n<h3>Lesen Sie weiter:<\/h3>\n<p>&nbsp;<\/p>\n<h4 class=\"entry-title\"><a title=\"Nanos3DSense\u2122 auf einen Blick: Branchen \u00fcbergreifende Technologieplattform\" href=\"\/de\/nano3sense-endecken\/\"><span style=\"color: #808080;\">nano3DSense auf einen Blick<\/span><\/a><\/h4>\n<h4><span style=\"color: #808080;\"><a style=\"color: #808080;\" title=\"Top Down vs. Bottom Up\" href=\"\/de\/nano3sense-endeckentop-down-vs-bottom-up\/\">Top Down vs. Bottom-Up<\/a><\/span><\/h4>\n<h4><span style=\"color: #808080;\"><a style=\"color: #808080;\" title=\"Nanos3DSense\u2122: Der erste 3D-Drucker mit Nanometer-Pr\u00e4zision\" href=\"\/de\/nanos3dsense-additiver-3d-nanoprinter-fuer-druckbare-sensoren\/\">3D-Nanodrucker<\/a><\/span><\/h4>\n<h4><span style=\"color: #808080;\"><a style=\"color: #808080;\" title=\"Nanos3DSense\u2122-Sensorprinzip\" href=\"\/de\/a-new-leaf-das-nanos3dsense-sensorprinzip\/\">nano3DSense-Sensorprinzip<\/a><\/span><\/h4>\n<h4><a title=\"Spezifikationen\" href=\"\/de\/spezifikationen\/\">\u00a0\u00a0\u00a0\u00a0 <strong>&gt; Spezifikationen<\/strong><\/a><\/h4>\n<h4><span style=\"color: #808080;\"><a style=\"color: #808080;\" title=\"FAQ: Nanos3DSense\u2122\" href=\"\/de\/faq-nanos3dsense\/\">FAQ: nano3DSense<\/a><\/span><\/h4>\n<p>&nbsp;<\/p>","protected":false},"excerpt":{"rendered":"<p>Ein neues Kapitel in der medizinischen Sensorik Bei\u00a0nano3DSense kommt als Weltneuheit f\u00fcr Ihre medizinischen Anwendungen ein radikal erneuertes Sensorprinzip mit stark verbesserten Eigenschaften gegen\u00fcber konventionellen Verfahren zum Einsatz. Erstmals werden zur Messung von mechanischen Grundgr\u00f6\u00dfen, wie Kraft, Druck oder Dehnung ultra-kompakte Sensoren aus nanokristallinen Verbundmaterialien, sogenannte Nanocomposites, eingesetzt. Neben verbesserten \u2026<\/p>\n<p class=\"continue-reading-button\"> <a class=\"continue-reading-link\" href=\"https:\/\/nanoss.de\/de\/nano3dsense-sensorprinzip\/\">Continue reading<i class=\"crycon-right-dir\"><\/i><\/a><\/p>\n","protected":false},"author":1,"featured_media":0,"parent":0,"menu_order":0,"comment_status":"closed","ping_status":"closed","template":"","meta":[],"_links":{"self":[{"href":"https:\/\/nanoss.de\/de\/wp-json\/wp\/v2\/pages\/54"}],"collection":[{"href":"https:\/\/nanoss.de\/de\/wp-json\/wp\/v2\/pages"}],"about":[{"href":"https:\/\/nanoss.de\/de\/wp-json\/wp\/v2\/types\/page"}],"author":[{"embeddable":true,"href":"https:\/\/nanoss.de\/de\/wp-json\/wp\/v2\/users\/1"}],"replies":[{"embeddable":true,"href":"https:\/\/nanoss.de\/de\/wp-json\/wp\/v2\/comments?post=54"}],"version-history":[{"count":337,"href":"https:\/\/nanoss.de\/de\/wp-json\/wp\/v2\/pages\/54\/revisions"}],"predecessor-version":[{"id":4701,"href":"https:\/\/nanoss.de\/de\/wp-json\/wp\/v2\/pages\/54\/revisions\/4701"}],"wp:attachment":[{"href":"https:\/\/nanoss.de\/de\/wp-json\/wp\/v2\/media?parent=54"}],"curies":[{"name":"wp","href":"https:\/\/api.w.org\/{rel}","templated":true}]}}