{"id":59,"date":"2014-10-13T11:23:06","date_gmt":"2014-10-13T11:23:06","guid":{"rendered":"http:\/\/nanoss.apps-1and1.net\/?page_id=59"},"modified":"2017-06-20T12:16:13","modified_gmt":"2017-06-20T10:16:13","slug":"spezifikationen","status":"publish","type":"page","link":"https:\/\/nanoss.de\/de\/spezifikationen\/","title":{"rendered":"Spezifikationen f\u00fcr hohe Standards"},"content":{"rendered":"<p><\/p>\n<h2>\u00a0nano3DSense<\/h2>\n<h3>Entdecken Sie konkurrenzlose Sensorfunktionalit\u00e4t f\u00fcr Ihre medizinischen Anwendungen<a href=\"\/wp-content\/uploads\/2015\/01\/Molekuel.jpg\" rel=\"lightbox[59]\"><img loading=\"lazy\" class=\"alignright wp-image-2578\" src=\"\/wp-content\/uploads\/2015\/01\/Molekuel.jpg\" alt=\"Molekuel\" width=\"232\" height=\"174\" srcset=\"https:\/\/nanoss.de\/wp-content\/uploads\/2015\/01\/Molekuel.jpg 531w, https:\/\/nanoss.de\/wp-content\/uploads\/2015\/01\/Molekuel-300x225.jpg 300w, https:\/\/nanoss.de\/wp-content\/uploads\/2015\/01\/Molekuel-200x150.jpg 200w, https:\/\/nanoss.de\/wp-content\/uploads\/2015\/01\/Molekuel-150x113.jpg 150w\" sizes=\"(max-width: 232px) 100vw, 232px\" \/><\/a><\/h3>\n<p>&nbsp;<\/p>\n<p><a title=\"nano3DSense auf einen Blick: Branchen \u00fcbergreifende Technologieplattform\" href=\"\/de\/nano3sense-endecken\/\">nano3DSense<\/a> ist eine <strong>universell einsetzbare Plattform<\/strong> <strong>f\u00fcr medizinische Sensoren<\/strong> auf Basis einzigartiger 3D-Nanodruck-Technologie. F\u00fcr <strong>herausfordernde ma\u00dfgeschneiderte Messaufgaben<\/strong> mit vielf\u00e4ltigen Einsatzm\u00f6glichkeiten in Medizintechnik, Life Sciences und Analytik.<\/p>\n<p>Ob z.B. f\u00fcr anspruchsvolle <strong>Kraft-, Druck- oder Dehnungssensorik<\/strong>, entdecken Sie die <strong>weltweit einmaligen Vorz\u00fcge<\/strong> und Leistungsf\u00e4higkeit von\u00a0<a title=\"nano3DSense auf einen Blick: Branchen \u00fcbergreifende Technologieplattform\" href=\"nano3sense-endecken\/\">nano3DSense<\/a> f\u00fcr Ihre eigenen medizinischen Applikationen mit einem <strong>bahnbrechend<\/strong> neuen Vorsto\u00df:<\/p>\n<ul>\n<li>Erster und exclusiv verf\u00fcgbarer <strong>3D-Druck<\/strong>\u00a0mit <strong>echter Nanometer-Pr\u00e4zision<\/strong> f\u00fcr die ma\u00dfgeschneiderte Herstellung von medizinischen Sensoren auf <strong>mikrogefertigten kundenspezifischen Unterlagen<\/strong> (Druckmembrane, Kraftwandler etc.)<\/li>\n<li><strong>Hochminiaturisierbare Sensoren<\/strong> mit einer Effektivgr\u00f6\u00dfe bis <strong>unterhalb 10 Nanometern<\/strong> auf kundenspezifischen Unterlagen mit bis zu <strong>einigen hundert Mikrometern<\/strong> Gesamtgr\u00f6\u00dfe<\/li>\n<li><strong>Hohe Positioniergenauigkeit<\/strong> von Sensoren auf kundenspezifischen Unterlagen bis <strong>&lt; 2 Nanometer<\/strong><\/li>\n<li>Einfaches Messkonzept durch elektrisches Auslesesignal mit bis zu<strong> 500 fach h\u00f6herer Signalst\u00e4rke<\/strong> gegen\u00fcber herk\u00f6mlichen Piezoresistoren<\/li>\n<li>Ausgezeichnetes Linearit\u00e4tsverhalten bei <strong>hoher Langzeitstabilit\u00e4t und\u00a0Lebensdauer<\/strong><\/li>\n<li><strong>Niedrige Leistungsdaten<\/strong> bei extrem geringem Energieverbrauch und kleinen Arbeitswiderst\u00e4nden<\/li>\n<li>Flexible Integration der Sensoren durch 3D-Druck <strong>nanometergenau<\/strong> auf kundenspezifischen Unterlagen, z. B. auf <strong>Stahl, Metalle, Kunststoffe, Polymere, Glas, Keramiken,\u00a0Silizium, Silizium-Nitrid<\/strong> u.v.m.<\/li>\n<li>Direkte Messung von <strong>mechanischen Gr\u00f6\u00dfen<\/strong>, wie <strong>Kraft, Druck, Dehnung, Beschleunigung, Vibration<\/strong> etc. auf kundenspezifischen Unterlagen ohne aufwendige und die Messung verf\u00e4lschende Zwischenschritte, wie Klebe- und F\u00fcgetechniken<\/li>\n<li>Bestens geeignet f\u00fcr den Einsatz auf kundenspezifischen <strong>biokompatiblen Unterlagen<\/strong>, die ein <strong>H\u00f6chstma\u00df an Minimalinvasivit\u00e4t<\/strong> erfordern<\/li>\n<li>M\u00fcheloser Einsatz auch in <strong>schwieriger oder rauer Messumgebung, z.B. Zell- und Blutgewebe<\/strong>, aggressiven L\u00f6sungen, hohen Temperaturen (&gt; 500\u00b0C) sowie an <strong>schwer zug\u00e4nglichen Stellen<\/strong> des Messortes<\/li>\n<li>Patentiertes maskenloses Herstellungsverfahren ohne kostspielige Reinraumtechnik, f\u00fcr <strong>ma\u00dfgeschneidertes Rapid-Prototyping oder flexibel anpassbare Serienfertigung<\/strong><\/li>\n<\/ul>\n<p><a href=\"\/wp-content\/uploads\/2014\/11\/Wafer.jpg\" rel=\"lightbox[59]\"><img loading=\"lazy\" class=\"alignright size-full wp-image-537\" src=\"\/wp-content\/uploads\/2014\/11\/Wafer.jpg\" alt=\"Wafer\" width=\"251\" height=\"200\" srcset=\"https:\/\/nanoss.de\/wp-content\/uploads\/2014\/11\/Wafer.jpg 251w, https:\/\/nanoss.de\/wp-content\/uploads\/2014\/11\/Wafer-188x150.jpg 188w, https:\/\/nanoss.de\/wp-content\/uploads\/2014\/11\/Wafer-150x119.jpg 150w\" sizes=\"(max-width: 251px) 100vw, 251px\" \/><\/a><\/p>\n<p>&nbsp;<\/p>\n<p>&nbsp;<\/p>\n<h3><\/h3>\n<h3>Lesen Sie weiter:<\/h3>\n<p>&nbsp;<\/p>\n<h4 class=\"entry-title\"><a title=\"Nanos3DSense\u2122 auf einen Blick: Branchen \u00fcbergreifende Technologieplattform\" href=\"\/de\/nano3sense-endecken\/\"><span style=\"color: #808080;\">nano3DSense auf einen Blick<\/span><\/a><\/h4>\n<h4><span style=\"color: #808080;\"><a style=\"color: #808080;\" title=\"Top Down vs. Bottom Up\" href=\"\/de\/nano3sense-endeckentop-down-vs-bottom-up\/\">Top Down vs. Bottom-Up<\/a><\/span><\/h4>\n<h4><span style=\"color: #808080;\"><a style=\"color: #808080;\" title=\"Nanos3DSense\u2122: Der erste 3D-Drucker mit Nanometer-Pr\u00e4zision\" href=\"\/de\/nanos3dsense-additiver-3d-nanoprinter-fuer-druckbare-sensoren\/\">3D-Nanodrucker<\/a><\/span><\/h4>\n<h4><span style=\"color: #808080;\"><a style=\"color: #808080;\" title=\"Nanos3DSense\u2122-Sensorprinzip\" href=\"\/de\/a-new-leaf-das-nanos3dsense-sensorprinzip\/\">nano3DSense-Sensorprinzip<\/a><\/span><\/h4>\n<h4><span style=\"color: #808080;\"><a style=\"color: #808080;\" title=\"Spezifikationen\" href=\"\/de\/spezifikationen\/\">Spezifikationen<\/a><\/span><\/h4>\n<h4><a title=\"FAQ: Nanos3DSense\u2122\" href=\"\/de\/faq-nanos3dsense\/\">\u00a0\u00a0\u00a0\u00a0 <strong>&gt; FAQ: nano3DSense<\/strong><\/a><\/h4>\n<h4><\/h4>\n<div id=\"balloon_parent_div_ab\" class=\"kisb\" style=\"visibility: hidden; position: absolute; left: 459px; top: 163px;\">\n<div class=\"kl_abmenu\">Zu Anti-Banner hinzuf\u00fcgen<\/div>\n<\/div>\n<p><\/p>","protected":false},"excerpt":{"rendered":"<p>\u00a0nano3DSense Entdecken Sie konkurrenzlose Sensorfunktionalit\u00e4t f\u00fcr Ihre medizinischen Anwendungen &nbsp; nano3DSense ist eine universell einsetzbare Plattform f\u00fcr medizinische Sensoren auf Basis einzigartiger 3D-Nanodruck-Technologie. F\u00fcr herausfordernde ma\u00dfgeschneiderte Messaufgaben mit vielf\u00e4ltigen Einsatzm\u00f6glichkeiten in Medizintechnik, Life Sciences und Analytik. Ob z.B. f\u00fcr anspruchsvolle Kraft-, Druck- oder Dehnungssensorik, entdecken Sie die weltweit einmaligen Vorz\u00fcge \u2026<\/p>\n<p class=\"continue-reading-button\"> <a class=\"continue-reading-link\" href=\"https:\/\/nanoss.de\/de\/spezifikationen\/\">Continue reading<i class=\"crycon-right-dir\"><\/i><\/a><\/p>\n","protected":false},"author":1,"featured_media":0,"parent":0,"menu_order":0,"comment_status":"closed","ping_status":"closed","template":"","meta":[],"_links":{"self":[{"href":"https:\/\/nanoss.de\/de\/wp-json\/wp\/v2\/pages\/59"}],"collection":[{"href":"https:\/\/nanoss.de\/de\/wp-json\/wp\/v2\/pages"}],"about":[{"href":"https:\/\/nanoss.de\/de\/wp-json\/wp\/v2\/types\/page"}],"author":[{"embeddable":true,"href":"https:\/\/nanoss.de\/de\/wp-json\/wp\/v2\/users\/1"}],"replies":[{"embeddable":true,"href":"https:\/\/nanoss.de\/de\/wp-json\/wp\/v2\/comments?post=59"}],"version-history":[{"count":179,"href":"https:\/\/nanoss.de\/de\/wp-json\/wp\/v2\/pages\/59\/revisions"}],"predecessor-version":[{"id":4713,"href":"https:\/\/nanoss.de\/de\/wp-json\/wp\/v2\/pages\/59\/revisions\/4713"}],"wp:attachment":[{"href":"https:\/\/nanoss.de\/de\/wp-json\/wp\/v2\/media?parent=59"}],"curies":[{"name":"wp","href":"https:\/\/api.w.org\/{rel}","templated":true}]}}