{"id":68,"date":"2014-10-13T11:31:42","date_gmt":"2014-10-13T11:31:42","guid":{"rendered":"http:\/\/nanoss.apps-1and1.net\/?page_id=68"},"modified":"2017-06-20T12:15:10","modified_gmt":"2017-06-20T10:15:10","slug":"ultraschnelle-rasterkraftmikroskopie-afm","status":"publish","type":"page","link":"https:\/\/nanoss.de\/de\/rasterkraftmikroskopie-afm\/","title":{"rendered":"Ultra-kompakte Kraftsensoren f\u00fcr die Rasterkraftmikroskopie (AFM)"},"content":{"rendered":"<p>&nbsp;<\/p>\n<h3>Wie erreicht man ultraschnelle und kompakte Rasterkraftmikroskopie?<\/h3>\n<div id=\"attachment_3236\" style=\"width: 443px\" class=\"wp-caption alignright\"><a href=\"\/wp-content\/uploads\/2015\/01\/AFM-Cantilever.jpg\" rel=\"lightbox[68]\"><img aria-describedby=\"caption-attachment-3236\" loading=\"lazy\" class=\"wp-image-3236\" src=\"\/wp-content\/uploads\/2015\/01\/AFM-Cantilever.jpg\" alt=\"AFM-Cantilever\" width=\"433\" height=\"531\" \/><\/a><p id=\"caption-attachment-3236\" class=\"wp-caption-text\">AFM-Cantilever: Herzst\u00fcck eines jeden AFMs (courtesy: FP7-Project ALBICAN \/ FALCON)<\/p><\/div>\n<p>Die Bildwiedergabe-Geschwindigkeit von Rasterkraftmikroskopen (AFM) nimmt mit der Resonanzfrequenz des Cantilevers\u00a0in der Regel zu. Die Resonanzfrequenz l\u00e4sst sich, z.B. durch kleinere Cantilever und Wahl geeigneter Materialien, gezielt beeinflussen. Au\u00dferdem verbessern sich dabei insgesamt das Signal-Rausch-Verhalten (SNR) und die Bildqualit\u00e4t sp\u00fcrbar.<\/p>\n<p>Mit selbst-auslesenden <a title=\"nano3DSense auf einen Blick: Branchen \u00fcbergreifende Technologieplattform\" href=\"\/de\/nano3sense-endecken\/\">nano3DSense<\/a> Cantilevern l\u00e4sst sich ein weiterer Geschwindigkeitsschub erzielen, der sich sofort in der Leistung bemerkbar macht:\u00a0Durch die Integration der Ausleseeinheit auf dem Cantilever wird keine komplizierte oder starre Laser-Optik mehr ben\u00f6tigt, um das AFM zu betreiben. Statt den tr\u00e4gen Probentisch zu bewegen, wird nur noch der dynamischere Messkopf \u00fcber die Probe gef\u00fchrt. Dabei wird die Architektur von AFM grundlegend vereinfacht und raumsparend neu aufgeteilt. Neben der reduzierten Ger\u00e4tegr\u00f6\u00dfe entf\u00e4llt auch der bei optischen AFM st\u00f6rende Kalibrieraufwand.<\/p>\n<p>Ob z.B. vorteilhaft bei der platzsparenden Integration von AFM in mikroskopische Instrumente, wie dem Elektronenmikroskop (SEM), der leistungshungrigen Untersuchung von biologischen Proben mit Videoraten in F&amp;E, in der hochaufl\u00f6senden Kraftspektroskopie z.B. an Zellen oder Molek\u00fclen oder f\u00fcr die schnelle Wafer- und Masken-Inspektion in der Halbleiterindustrie: mit selbst-auslesenden Cantilevern f\u00fcr AFM auf Basis der <a title=\"nano3DSense auf einen Blick: Branchen \u00fcbergreifende Technologieplattform\" href=\"\/de\/nano3sense-endecken\/\">nano3DSense<\/a> &#8211; Technologie gehen Sie dort auf Nummer sicher, wo traditionelle Verfahren wie Laser und\u00a0Piezoresistoren versagen.<\/p>\n<p>&nbsp;<\/p>\n<h3>Pionierarbeit f\u00fcr Industrie und Forschung durch\u00a0selbst-auslesende Cantilever mit nano3DSense<\/h3>\n<p><a title=\"nano3DSense auf einen Blick: Branchen \u00fcbergreifende Technologieplattform\" href=\"\/de\/nano3sense-endecken\/\">nano3DSense<\/a> erlaubt es, selbst unter schwierigen Bedingungen an den Cantilever und die Messumgebung, eine leistungsf\u00e4hige und dedizierte Kraftmesstechnik bereitzustellen. Bei Bedarf k\u00f6nnen sogar\u00a0ultrakompakte AFM-Cantilever mit\u00a0konkurrenzlos kleinen Abmessungen von unterhalb 1 Mikrometer (\u00b5m) mit integrierter Kraftsensorik in Vollbr\u00fccke ausgestattet werden.<\/p>\n<p>Dabei spielt es keine Rolle mehr, aus welchem Material der Cantilever aufgebaut ist.\u00a0Verglichen mit herk\u00f6mmlichen piezoresistiven AFM Cantilevern besitzen die neuen Cantilever mit\u00a0<a title=\"nano3DSense auf einen Blick: Branchen \u00fcbergreifende Technologieplattform\" href=\"\/de\/nano3sense-endecken\/\">nano3DSense<\/a> den Vorteil der Materialunabh\u00e4ngigkeit: das Material des Cantilever kann v\u00f6llig frei den tats\u00e4chlichen Anforderungen angepasst werden. Neben Silizium (Si) stehen z.B. auch SiN, SU8, Stahl und viele andere Werkstoffe zur Verf\u00fcgung, um flexibel und ma\u00dfgeschneidert f\u00fcr jeden Anwendungszweck in Industrie und Forschung den richtigen Weg einzuschlagen. Mit\u00a0<a title=\"nano3DSense auf einen Blick: Branchen \u00fcbergreifende Technologieplattform\" href=\"\/de\/nano3sense-endecken\/\">nano3DSense<\/a> passt sich der Cantilever, Herzst\u00fcck eines jeden AFM,\u00a0stets perfekt der Messumgebung an &#8211; und nicht umgekehrt!<\/p>\n<p>&nbsp;<\/p>\n<p><a href=\"\/wp-content\/uploads\/2015\/01\/AFM-Cantilever-Nano3DSense.jpg\" rel=\"lightbox[68]\"><img loading=\"lazy\" class=\"alignleft wp-image-2760\" src=\"\/wp-content\/uploads\/2015\/01\/AFM-Cantilever-Nano3DSense.jpg\" alt=\"AFM-Cantilever-Nano3DSense\" width=\"301\" height=\"387\" \/><\/a><\/p>\n<p>&nbsp;<\/p>\n<p><a href=\"\/wp-content\/uploads\/2015\/01\/Collagen.jpg\" rel=\"lightbox[68]\"><img loading=\"lazy\" class=\"alignright wp-image-2759\" src=\"\/wp-content\/uploads\/2015\/01\/Collagen.jpg\" alt=\"Collagen\" width=\"466\" height=\"351\" \/><\/a><\/p>\n<p>&nbsp;<\/p>\n<p>&nbsp;<\/p>\n<p>&nbsp;<\/p>\n<p>&nbsp;<\/p>\n<p>&nbsp;<\/p>\n<p>&nbsp;<\/p>\n<p>&nbsp;<\/p>\n<p>Bild: Links: Selbst-auslesender AFM-Cantilever mit integriertem\u00a0<a title=\"nano3DSense auf einen Blick: Branchen \u00fcbergreifende Technologieplattform\" href=\"\/de\/nano3sense-endecken\/\">nano3DSense<sup>&#8211;<\/sup><\/a>Kraftsensor als Vollbr\u00fccke. Rechts: AFM-Bild einer Collagen-Faser aus dem Schwanz einer Ratte <em>(Courtesy: FP7-Project ALBICAN \/ Falcon)<\/em><\/p>\n<p>\u00dcberzeugen Sie sich selbst von den Vorteilen der neuen AFM-Plattform mit der bestm\u00f6glichen Flexibilit\u00e4t f\u00fcr Ihre AFM-Sonden.<\/p>\n\n\t\t<!-- MasterSlider -->\n\t\t<div id=\"P_MS69d43eef772a2\" class=\"master-slider-parent msl ms-parent-id-46\" style=\"max-width:800px;\">\n\n\t\t\t\n\t\t\t<!-- MasterSlider Main -->\n\t\t\t<div id=\"MS69d43eef772a2\" class=\"master-slider ms-skin-light-3\" >\n\t\t\t\t \t\t\t\t \n\t\t\t\t<div  class=\"ms-slide\" data-delay=\"5\" data-fill-mode=\"fit\"  >\n\t\t\t\t\t<img src=\"https:\/\/nanoss.de\/wp-content\/plugins\/master-slider\/public\/assets\/css\/blank.gif\" alt=\"\" title=\"\" data-src=\"https:\/\/nanoss.de\/wp-content\/uploads\/2015\/07\/AFM_1.jpg\" \/>\n\n\t\t\t\t\t<div class=\"ms-info\"><h2 style=\"text-align: center;\"><em>\u00a0<\/em><\/h2><\/div>\n\n\n\t<img class=\"ms-thumb\" src=\"https:\/\/nanoss.de\/wp-content\/uploads\/2015\/07\/AFM_1-100x80.jpg\" alt=\"\" \/>\n\t<div class=\"ms-thumb\" ><div class=\"ms-tab-context\"><div class=&quot;ms-tab-context&quot;><\/div><\/div>\n<\/div>\n\t\t\t\t<\/div>\n\t\t\t\t<div  class=\"ms-slide\" data-delay=\"10\" data-fill-mode=\"fit\"  >\n\t\t\t\t\t<img src=\"https:\/\/nanoss.de\/wp-content\/plugins\/master-slider\/public\/assets\/css\/blank.gif\" alt=\"\" title=\"\" data-src=\"https:\/\/nanoss.de\/wp-content\/uploads\/2015\/07\/AFM_2.jpg\" \/>\n\n\t\t\t\t\t<div class=\"ms-info ms-info-empty\">&nbsp;<\/div>\n\n\n\t<img class=\"ms-thumb\" src=\"https:\/\/nanoss.de\/wp-content\/uploads\/2015\/07\/AFM_2-100x80.jpg\" alt=\"\" \/>\n\t<div class=\"ms-thumb\" ><div class=\"ms-tab-context\"><div class=&quot;ms-tab-context&quot;><\/div><\/div>\n<\/div>\n\t\t\t\t<\/div>\n\t\t\t\t<div  class=\"ms-slide\" data-delay=\"3\" data-fill-mode=\"fit\"  >\n\t\t\t\t\t<img src=\"https:\/\/nanoss.de\/wp-content\/plugins\/master-slider\/public\/assets\/css\/blank.gif\" alt=\"\" title=\"\" data-src=\"https:\/\/nanoss.de\/wp-content\/uploads\/2015\/07\/AFM_3.jpg\" \/>\n\n\t\t\t\t\t<div class=\"ms-info\"><h2 style=\"text-align: center;\"><em>\u00a0<\/em><\/h2><\/div>\n\n\n\t<img class=\"ms-thumb\" src=\"https:\/\/nanoss.de\/wp-content\/uploads\/2015\/07\/AFM_3-100x80.jpg\" alt=\"\" \/>\n\t<div class=\"ms-thumb\" ><div class=\"ms-tab-context\"><div class=&quot;ms-tab-context&quot;><\/div><\/div>\n<\/div>\n\t\t\t\t<\/div>\n\t\t\t\t<div  class=\"ms-slide\" data-delay=\"3\" data-fill-mode=\"fit\"  >\n\t\t\t\t\t<img src=\"https:\/\/nanoss.de\/wp-content\/plugins\/master-slider\/public\/assets\/css\/blank.gif\" alt=\"\" title=\"\" data-src=\"https:\/\/nanoss.de\/wp-content\/uploads\/2016\/10\/AFM-Vivo-Images-Rat-Tail-and-E.-Coli2.jpg\" \/>\n\n\t\t\t\t\t<div class=\"ms-info\"><h2 style=\"text-align: center;\"><em>\u00a0<\/em><\/h2><\/div>\n\n\n\t<img class=\"ms-thumb\" src=\"https:\/\/nanoss.de\/wp-content\/uploads\/2016\/10\/AFM-Vivo-Images-Rat-Tail-and-E.-Coli2-100x80.jpg\" alt=\"\" \/>\n\t<div class=\"ms-thumb\" ><div class=\"ms-tab-context\"><div class=&quot;ms-tab-context&quot;><\/div><\/div>\n<\/div>\n\t\t\t\t<\/div>\n\t\t\t\t<div  class=\"ms-slide\" data-delay=\"3\" data-fill-mode=\"fit\"  >\n\t\t\t\t\t<img src=\"https:\/\/nanoss.de\/wp-content\/plugins\/master-slider\/public\/assets\/css\/blank.gif\" alt=\"\" title=\"\" data-src=\"https:\/\/nanoss.de\/wp-content\/uploads\/2016\/10\/AFM-Vivo-Images-E.-Coli1.jpg\" \/>\n\n\t\t\t\t\t<div class=\"ms-info\"><h2 style=\"text-align: center;\"><em>\u00a0<\/em><\/h2><\/div>\n\n\n\t<img class=\"ms-thumb\" src=\"https:\/\/nanoss.de\/wp-content\/uploads\/2016\/10\/AFM-Vivo-Images-E.-Coli1-100x80.jpg\" alt=\"\" \/>\n\t<div class=\"ms-thumb\" ><div class=\"ms-tab-context\"><div class=&quot;ms-tab-context&quot;><\/div><\/div>\n<\/div>\n\t\t\t\t<\/div>\n\n\t\t\t<\/div>\n\t\t\t<!-- END MasterSlider Main -->\n\n\t\t\t \n\t\t<\/div>\n\t\t<!-- END MasterSlider -->\n\n\t\t<script>\n\t\t(function ( $ ) {\n\t\t\t\"use strict\";\n\n\t\t\t$(function () {\n\t\t\t\tvar masterslider_72a2 = new MasterSlider();\n\n\t\t\t\t\/\/ slider controls\n\t\t\t\tmasterslider_72a2.control('arrows'     ,{ autohide:true, overVideo:true  });\n\t\t\t\tmasterslider_72a2.control('thumblist'  ,{ autohide:true, overVideo:true, dir:'h', speed:17, inset:false, arrows:false, hover:false, customClass:'', align:'bottom',type:'thumbs', margin:10, width:100, height:80, space:5, fillMode:'center'  });\n\t\t\t\tmasterslider_72a2.control('slideinfo'  ,{ autohide:false, overVideo:true, dir:'h', align:'top',inset:false , margin:1   });\n\t\t\t\t\/\/ slider setup\n\t\t\t\tmasterslider_72a2.setup(\"MS69d43eef772a2\", {\n\t\t\t\t\t\twidth           : 800,\n\t\t\t\t\t\theight          : 480,\n\t\t\t\t\t\tminHeight       : 0,\n\t\t\t\t\t\tspace           : 0,\n\t\t\t\t\t\tstart           : 1,\n\t\t\t\t\t\tgrabCursor      : true,\n\t\t\t\t\t\tswipe           : true,\n\t\t\t\t\t\tmouse           : true,\n\t\t\t\t\t\tlayout          : \"boxed\",\n\t\t\t\t\t\twheel           : false,\n\t\t\t\t\t\tautoplay        : true,\n\t\t\t\t\t\tinstantStartLayers:false,\n\t\t\t\t\t\tloop            : true,\n\t\t\t\t\t\tshuffle         : false,\n\t\t\t\t\t\tpreload         : 0,\n\t\t\t\t\t\theightLimit     : true,\n\t\t\t\t\t\tautoHeight      : false,\n\t\t\t\t\t\tsmoothHeight    : true,\n\t\t\t\t\t\tendPause        : false,\n\t\t\t\t\t\toverPause       : true,\n\t\t\t\t\t\tfillMode        : \"fill\",\n\t\t\t\t\t\tcenterControls  : true,\n\t\t\t\t\t\tstartOnAppear   : false,\n\t\t\t\t\t\tlayersMode      : \"center\",\n\t\t\t\t\t\thideLayers      : false,\n\t\t\t\t\t\tfullscreenMargin: 0,\n\t\t\t\t\t\tspeed           : 5,\n\t\t\t\t\t\tdir             : \"h\",\n\t\t\t\t\t\tparallaxMode    : 'swipe',\n\t\t\t\t\t\tview            : \"fade\"\n\t\t\t\t});\n\n\t\t\t\t\n\t\t\t\twindow.masterslider_instances = window.masterslider_instances || [];\n\t\t\t\twindow.masterslider_instances.push( masterslider_72a2 );\n\t\t\t });\n\n\t\t})(jQuery);\n\t\t<\/script>\n\n\n<p>&nbsp;<\/p>\n<h3>Der Vorteil durch den Wegfall Laser optischer Systeme<\/h3>\n<p>Mit selbst-auslesenden (\u201eself-sensing\u201c) Cantilevern f\u00fcr die Rasterkraftmikroskopie (AFM) ersetzen wir beispielsweise die aufwendigen laseroptischen Komponenten von AFM durch eine einfache elektronische Ausleseeinheit, die praktisch auf dem Cantilever integriert ist. Die Architektur von AFM und anderen Instrumenten mit Laser-Optik wird dadurch entscheidend vereinfacht, da z.B., neben Wegfall der Laser-Kalibrierung, auch deutlich kompaktere Bauformen m\u00f6glich sind.<\/p>\n<p>Durch die optikfreie Architektur wird die Integration von AFM-Funktionalit\u00e4t, z.B. in Elektronenmikroskope (SEM) oder optische Mikroskope, sp\u00fcrbar erleichtert. Au\u00dferdem k\u00f6nnen viele weitere AFM-Anwendungen, wie z.B. in der Zell-Analytik und Kraftspektroskopie, vorteilhaft ohne Laser-Optik realisiert werden.<\/p>\n<p>Die Nanoss GmbH hat hier Pionierarbeit geleistet, um selbst unter extremen Anforderungen an die Probenumgebung optimale L\u00f6sungen anzubieten.<\/p>\n<p>&nbsp;<\/p>\n<h3>Alle Vorteile auf einen Blick<\/h3>\n<p>\u00dcberzeugen Sie sich von der Leistungsf\u00e4higkeit und den vielseitigen M\u00f6glichkeiten der <a title=\"nano3DSense auf einen Blick: Branchen \u00fcbergreifende Technologieplattform\" href=\"\/de\/nano3sense-endecken\/\">nano3DSense<\/a> -Plattform f\u00fcr Ihre eigenen AFM-Ideen:<\/p>\n<ul>\n<li>Selbst-auslesende Cantilever ohne Laser- und Kalibrieraufwand f\u00fcr kompakte und schnelle Rasterkraftmikroskopie<\/li>\n<li>Beste Leistungseigenschaften in Linearit\u00e4tsverhalten und Langzeitstabilit\u00e4t f\u00fcr hochpr\u00e4zises AFM-Imaging<\/li>\n<li>Freie Wahl des Cantilever-Materials, z.B. aus Silizium, Silizium-Nitrid, SU8 etc. f\u00fcr flexible Einsatzm\u00f6glichkeiten in unterschiedlichen Messumgebungen (&#8222;soft&#8220; oder &#8222;hard&#8220;), wie biologische Proben in Fl\u00fcssigkeiten oder im Ultrahochvakuum (UHV)<\/li>\n<li>Hohe erreichbare Resonanzfrequenzen durch Einsatz von passenden Materialien und Cantilevern mit ultrakompakten Abmessungen bis &lt; 1 \u00b5m<\/li>\n<li>Viele weitere einzigartige Vorz\u00fcge, z.B. echte 3D-Kraftsensorik mit stark vereinfachtem Aufbau ohne Laser-Optik<\/li>\n<\/ul>\n<p>Wir arbeiten eng mit Entwicklern und Herstellern von AFM zusammen, um neuen Herausforderungen mit Pionierarbeit zu begegnen.<\/p>\n<p>&nbsp;<\/p>\n<h4><a title=\"Kontakt\" href=\"\/de\/kontakt\/\"><strong>Kontaktieren Sie uns:<\/strong> Und entdecken Sie die vielf\u00e4ltigen Einsatzm\u00f6glichkeiten der nano3DSense -Technologie f\u00fcr Ihre eigene Ideen.<\/a><\/h4>\n<h4><strong><a title=\"Proben anfordern\" href=\"\/de\/testmuster-bestellen\/\">Oder fordern Sie gleich einen Demonstrator an und testen Sie nano3DSense<sup>TM\u00a0 <\/sup> auf Herz und Nieren.<\/a><\/strong><\/h4>\n<h4><\/h4>\n<p>&nbsp;<\/p>\n<h3>Lesen Sie weiter:<\/h3>\n<h4><\/h4>\n<h4><span style=\"color: #808080;\"><a style=\"color: #808080;\" title=\"Was wir f\u00fcr Sie tun k\u00f6nnen\" href=\"\/de\/was-wir-fuer-sie-tun-koennen\/\">Was wir f\u00fcr Sie tun k\u00f6nnen<\/a><\/span><\/h4>\n<h4><span style=\"color: #808080;\"><a style=\"color: #808080;\" title=\"Ma\u00dfgeschneiderten Kundenl\u00f6sungen\" href=\"\/de\/massgeschneiderten-kundenloesungen\/\">Ma\u00dfgeschneiderte Kundenl\u00f6sungen im Dienste der Medizin<\/a><\/span><\/h4>\n<h4><span style=\"color: #808080;\"><a style=\"color: #808080;\" title=\"Medizintechnik\" href=\"\/de\/enabling-technology-fuer-drucksensoren-in-der-medizintechnik\/\">Medizinische Sensoren f\u00fcr Implantate und Katheter<\/a><\/span><\/h4>\n<h4><span style=\"color: #808080;\"><a style=\"color: #808080;\" title=\"Antik\u00f6rpernachweis\" href=\"\/de\/label-freier-antikoerpernachweis-in-echtzeit\/\">Biosensoren und &#8222;Point of Care POC&#8220;<\/a><\/span><\/h4>\n<h4><span style=\"color: #808080;\"><a style=\"color: #808080;\" title=\"Ma\u00dfgeschneiderte Kraft- und Dehnungssensoren f\u00fcr MEMS\/NEMS\" href=\"net\/ultrakompakte-kraftsensoren-fuer-memsnems\/\">MEMS\/NEMS-Sensoren<\/a><\/span><\/h4>\n<h4><span style=\"color: #808080;\"><a style=\"color: #808080;\" title=\"Rasterkraftmikroskopie (AFM)\" href=\"\/de\/ultraschnelle-rasterkraftmikroskopie-afm\/\">Ultrakompakte Kraftsensoren<\/a><\/span><\/h4>\n<h4><span style=\"color: #808080;\"><a style=\"color: #808080;\" title=\"Rapid Prototyping f\u00fcr Mikroelektronik\" href=\"\/de\/rapid-prototyping-fuer-mikroelektronik\/\">\u00a0\u00a0\u00a0 <span style=\"color: #3366ff;\"><strong>&gt; Rapid Prototyping (Prototypenentwicklung)<\/strong><\/span><\/a><\/span><\/h4>\n<h4><\/h4>\n<p>&nbsp;<\/p>\n<p>&nbsp;<\/p>","protected":false},"excerpt":{"rendered":"<p>&nbsp; Wie erreicht man ultraschnelle und kompakte Rasterkraftmikroskopie? Die Bildwiedergabe-Geschwindigkeit von Rasterkraftmikroskopen (AFM) nimmt mit der Resonanzfrequenz des Cantilevers\u00a0in der Regel zu. Die Resonanzfrequenz l\u00e4sst sich, z.B. durch kleinere Cantilever und Wahl geeigneter Materialien, gezielt beeinflussen. Au\u00dferdem verbessern sich dabei insgesamt das Signal-Rausch-Verhalten (SNR) und die Bildqualit\u00e4t sp\u00fcrbar. Mit selbst-auslesenden \u2026<\/p>\n<p class=\"continue-reading-button\"> <a class=\"continue-reading-link\" href=\"https:\/\/nanoss.de\/de\/rasterkraftmikroskopie-afm\/\">Continue reading<i class=\"crycon-right-dir\"><\/i><\/a><\/p>\n","protected":false},"author":1,"featured_media":0,"parent":0,"menu_order":0,"comment_status":"closed","ping_status":"closed","template":"","meta":[],"_links":{"self":[{"href":"https:\/\/nanoss.de\/de\/wp-json\/wp\/v2\/pages\/68"}],"collection":[{"href":"https:\/\/nanoss.de\/de\/wp-json\/wp\/v2\/pages"}],"about":[{"href":"https:\/\/nanoss.de\/de\/wp-json\/wp\/v2\/types\/page"}],"author":[{"embeddable":true,"href":"https:\/\/nanoss.de\/de\/wp-json\/wp\/v2\/users\/1"}],"replies":[{"embeddable":true,"href":"https:\/\/nanoss.de\/de\/wp-json\/wp\/v2\/comments?post=68"}],"version-history":[{"count":440,"href":"https:\/\/nanoss.de\/de\/wp-json\/wp\/v2\/pages\/68\/revisions"}],"predecessor-version":[{"id":4712,"href":"https:\/\/nanoss.de\/de\/wp-json\/wp\/v2\/pages\/68\/revisions\/4712"}],"wp:attachment":[{"href":"https:\/\/nanoss.de\/de\/wp-json\/wp\/v2\/media?parent=68"}],"curies":[{"name":"wp","href":"https:\/\/api.w.org\/{rel}","templated":true}]}}