{"id":689,"date":"2014-12-04T13:12:45","date_gmt":"2014-12-04T12:12:45","guid":{"rendered":"http:\/\/nanoss.apps-1and1.net\/?page_id=689"},"modified":"2017-06-20T12:03:03","modified_gmt":"2017-06-20T10:03:03","slug":"testmuster-bestellen","status":"publish","type":"page","link":"https:\/\/nanoss.de\/de\/demonstrator-anfordern\/","title":{"rendered":"Demonstrator anfordern"},"content":{"rendered":"<p><\/p>\n<h3>Sie m\u00f6chten\u00a0nano3DSense gerne auf Herz und Nieren testen oder eine neue Sensoridee weiterentwickeln?<\/h3>\n<p>Wir bieten Ihnen streng vertraulich, z.B. f\u00fcr Ihre Forschungsarbeit oder die Weiterentwicklung einer neuen Sensorik-Idee, die M\u00f6glichkeit Ihre eigenen Messungen, wie Messkurven f\u00fcr Widerstand, Biegemessungen etc. an mit\u00a0<a title=\"nano3DSense auf einen Blick: Branchen \u00fcbergreifende Technologieplattform\" href=\"\/de\/nano3sense-endecken\/\">nano3DSense<\/a> gefertigten Proben durchzuf\u00fchren. Gerne gehen wir dabei individuell auf Ihre W\u00fcnsche ein und beraten Sie bei der Anpassung von <a title=\"nano3DSense auf einen Blick: Branchen \u00fcbergreifende Technologieplattform\" href=\"\/de\/nano3sense-endecken\/\">nano3DSense <\/a>auf Ihre speziellen Anforderungen, wenn es z.B. um eine erste Konzepterstellung f\u00fcr Ihre Produktidee oder Forschungsarbeit\u00a0 geht.<\/p>\n\n\t\t<!-- MasterSlider -->\n\t\t<div id=\"P_MS69d62bf88415a\" class=\"master-slider-parent msl ms-parent-id-33\" style=\"max-width:800px;\">\n\n\t\t\t\n\t\t\t<!-- MasterSlider Main -->\n\t\t\t<div id=\"MS69d62bf88415a\" class=\"master-slider ms-skin-light-3\" >\n\t\t\t\t \t\t\t\t \n\t\t\t\t<div  class=\"ms-slide\" data-delay=\"5\" data-fill-mode=\"fit\"  >\n\t\t\t\t\t<img src=\"https:\/\/nanoss.de\/wp-content\/plugins\/master-slider\/public\/assets\/css\/blank.gif\" alt=\"\" title=\"\" data-src=\"https:\/\/nanoss.de\/wp-content\/uploads\/2015\/01\/Demonstrator.jpg\" \/>\n\n\t\t\t\t\t<div class=\"ms-info\"><h2 style=\"text-align: center;\"><em>Draufsicht des Demonstrators<\/em><\/h2><\/div>\n\n\n\t<img class=\"ms-thumb\" src=\"https:\/\/nanoss.de\/wp-content\/uploads\/2015\/01\/Demonstrator-100x80.jpg\" alt=\"\" \/>\n\t<div class=\"ms-thumb\" ><div class=\"ms-tab-context\"><div class=&quot;ms-tab-context&quot;><\/div><\/div>\n<\/div>\n\t\t\t\t<\/div>\n\t\t\t\t<div  class=\"ms-slide\" data-delay=\"10\" data-fill-mode=\"fit\"  >\n\t\t\t\t\t<img src=\"https:\/\/nanoss.de\/wp-content\/plugins\/master-slider\/public\/assets\/css\/blank.gif\" alt=\"\" title=\"\" data-src=\"https:\/\/nanoss.de\/wp-content\/uploads\/2015\/01\/Demo-Biegekurve.jpg\" \/>\n\n\t\t\t\t\t<div class=\"ms-info\"><h2 style=\"text-align: center;\"><em>Biegekurven<\/em><\/h2><p><em>\u00a0<\/em><\/p><\/div>\n\n\n\t<img class=\"ms-thumb\" src=\"https:\/\/nanoss.de\/wp-content\/uploads\/2015\/01\/Demo-Biegekurve-100x80.jpg\" alt=\"\" \/>\n\t<div class=\"ms-thumb\" ><div class=\"ms-tab-context\"><div class=&quot;ms-tab-context&quot;><\/div><\/div>\n<\/div>\n\t\t\t\t<\/div>\n\t\t\t\t<div  class=\"ms-slide\" data-delay=\"3\" data-fill-mode=\"fit\"  >\n\t\t\t\t\t<img src=\"https:\/\/nanoss.de\/wp-content\/plugins\/master-slider\/public\/assets\/css\/blank.gif\" alt=\"\" title=\"\" data-src=\"https:\/\/nanoss.de\/wp-content\/uploads\/2015\/01\/Demo-IU-Kurve.jpg\" \/>\n\n\t\t\t\t\t<div class=\"ms-info\"><h2 style=\"text-align: center;\"><em>Strom-Spannung (I\/U)-Kurven<\/em><\/h2><\/div>\n\n\n\t<img class=\"ms-thumb\" src=\"https:\/\/nanoss.de\/wp-content\/uploads\/2015\/01\/Demo-IU-Kurve-100x80.jpg\" alt=\"\" \/>\n\t<div class=\"ms-thumb\" ><div class=\"ms-tab-context\"><div class=&quot;ms-tab-context&quot;><\/div><\/div>\n<\/div>\n\t\t\t\t<\/div>\n\t\t\t\t<div  class=\"ms-slide\" data-delay=\"3\" data-fill-mode=\"fit\"  >\n\t\t\t\t\t<img src=\"https:\/\/nanoss.de\/wp-content\/plugins\/master-slider\/public\/assets\/css\/blank.gif\" alt=\"\" title=\"\" data-src=\"https:\/\/nanoss.de\/wp-content\/uploads\/2015\/01\/Demo-Reproduzierbarkeit.jpg\" \/>\n\n\t\t\t\t\t<div class=\"ms-info\"><h2 style=\"text-align: center;\"><em>Reproduzierbarkeitsmessungen<\/em><\/h2><\/div>\n\n\n\t<img class=\"ms-thumb\" src=\"https:\/\/nanoss.de\/wp-content\/uploads\/2015\/01\/Demo-Reproduzierbarkeit-100x80.jpg\" alt=\"\" \/>\n\t<div class=\"ms-thumb\" ><div class=\"ms-tab-context\"><div class=&quot;ms-tab-context&quot;><\/div><\/div>\n<\/div>\n\t\t\t\t<\/div>\n\t\t\t\t<div  class=\"ms-slide\" data-delay=\"3\" data-fill-mode=\"fit\"  >\n\t\t\t\t\t<img src=\"https:\/\/nanoss.de\/wp-content\/plugins\/master-slider\/public\/assets\/css\/blank.gif\" alt=\"\" title=\"\" data-src=\"https:\/\/nanoss.de\/wp-content\/uploads\/2015\/01\/Demo-Stabilit\u00e4t.jpg\" \/>\n\n\t\t\t\t\t<div class=\"ms-info\"><h2 style=\"text-align: center;\"><em>Stabilit\u00e4tsmessungen des Widerstandes<\/em><\/h2><\/div>\n\n\n\t<img class=\"ms-thumb\" src=\"https:\/\/nanoss.de\/wp-content\/uploads\/2015\/01\/Demo-Stabilit\u00e4t-100x80.jpg\" alt=\"\" \/>\n\t<div class=\"ms-thumb\" ><div class=\"ms-tab-context\"><div class=&quot;ms-tab-context&quot;><\/div><\/div>\n<\/div>\n\t\t\t\t<\/div>\n\t\t\t\t<div  class=\"ms-slide\" data-delay=\"3\" data-fill-mode=\"fit\"  >\n\t\t\t\t\t<img src=\"https:\/\/nanoss.de\/wp-content\/plugins\/master-slider\/public\/assets\/css\/blank.gif\" alt=\"\" title=\"\" data-src=\"https:\/\/nanoss.de\/wp-content\/uploads\/2015\/01\/Demo-Langzeit-Stabilit\u00e4t.jpg\" \/>\n\n\t\t\t\t\t<div class=\"ms-info\"><h2 style=\"text-align: center;\"><em>Langzeitstabilit\u00e4t des elektrischen Widerstand <\/em><\/h2><\/div>\n\n\n\t<img class=\"ms-thumb\" src=\"https:\/\/nanoss.de\/wp-content\/uploads\/2015\/01\/Demo-Langzeit-Stabilit\u00e4t-100x80.jpg\" alt=\"\" \/>\n\t<div class=\"ms-thumb\" ><div class=\"ms-tab-context\"><div class=&quot;ms-tab-context&quot;><\/div><\/div>\n<\/div>\n\t\t\t\t<\/div>\n\n\t\t\t<\/div>\n\t\t\t<!-- END MasterSlider Main -->\n\n\t\t\t \n\t\t<\/div>\n\t\t<!-- END MasterSlider -->\n\n\t\t<script>\n\t\t(function ( $ ) {\n\t\t\t\"use strict\";\n\n\t\t\t$(function () {\n\t\t\t\tvar masterslider_415a = new MasterSlider();\n\n\t\t\t\t\/\/ slider controls\n\t\t\t\tmasterslider_415a.control('arrows'     ,{ autohide:true, overVideo:true  });\n\t\t\t\tmasterslider_415a.control('thumblist'  ,{ autohide:true, overVideo:true, dir:'h', speed:17, inset:false, arrows:false, hover:false, customClass:'', align:'bottom',type:'thumbs', margin:10, width:100, height:80, space:5, fillMode:'center'  });\n\t\t\t\tmasterslider_415a.control('slideinfo'  ,{ autohide:false, overVideo:true, dir:'h', align:'top',inset:false , margin:1   });\n\t\t\t\t\/\/ slider setup\n\t\t\t\tmasterslider_415a.setup(\"MS69d62bf88415a\", {\n\t\t\t\t\t\twidth           : 800,\n\t\t\t\t\t\theight          : 480,\n\t\t\t\t\t\tminHeight       : 0,\n\t\t\t\t\t\tspace           : 0,\n\t\t\t\t\t\tstart           : 1,\n\t\t\t\t\t\tgrabCursor      : true,\n\t\t\t\t\t\tswipe           : true,\n\t\t\t\t\t\tmouse           : true,\n\t\t\t\t\t\tlayout          : \"boxed\",\n\t\t\t\t\t\twheel           : false,\n\t\t\t\t\t\tautoplay        : true,\n\t\t\t\t\t\tinstantStartLayers:false,\n\t\t\t\t\t\tloop            : true,\n\t\t\t\t\t\tshuffle         : false,\n\t\t\t\t\t\tpreload         : 0,\n\t\t\t\t\t\theightLimit     : true,\n\t\t\t\t\t\tautoHeight      : false,\n\t\t\t\t\t\tsmoothHeight    : true,\n\t\t\t\t\t\tendPause        : false,\n\t\t\t\t\t\toverPause       : true,\n\t\t\t\t\t\tfillMode        : \"fill\",\n\t\t\t\t\t\tcenterControls  : true,\n\t\t\t\t\t\tstartOnAppear   : false,\n\t\t\t\t\t\tlayersMode      : \"center\",\n\t\t\t\t\t\thideLayers      : false,\n\t\t\t\t\t\tfullscreenMargin: 0,\n\t\t\t\t\t\tspeed           : 5,\n\t\t\t\t\t\tdir             : \"h\",\n\t\t\t\t\t\tparallaxMode    : 'swipe',\n\t\t\t\t\t\tview            : \"fade\"\n\t\t\t\t});\n\n\t\t\t\t\n\t\t\t\twindow.masterslider_instances = window.masterslider_instances || [];\n\t\t\t\twindow.masterslider_instances.push( masterslider_415a );\n\t\t\t });\n\n\t\t})(jQuery);\n\t\t<\/script>\n\n\n<p>&nbsp;<\/p>\n<p>Dabei bieten wir zwei unterschiedliche Varianten, mit denen Sie <a title=\"nano3DSense auf einen Blick: Branchen \u00fcbergreifende Technologieplattform\" href=\"\/de\/nano3sense-endecken\/\">nano3DSense<\/a> ausgiebig testen k\u00f6nnen:<\/p>\n<ol>\n<li><a href=\"\/wp-content\/uploads\/2015\/01\/Demo-Nadel.jpg\" rel=\"lightbox[689]\"><img loading=\"lazy\" class=\"alignright wp-image-2878\" src=\"\/wp-content\/uploads\/2015\/01\/Demo-Nadel.jpg\" alt=\"Demo-Nadel\" width=\"498\" height=\"475\" \/><\/a><strong>Variante 1:<\/strong> Wir liefern Ihnen ein von uns gefertigtes Substrat aus Silizium (Abmessungen ca. 100-400 \u03bcm) mit elektrischen Kontakten (gebondet) auf einem Standard-Stecker sowie eine detaillierte Bedienungsanleitung. Sie ben\u00f6tigen zum Charakterisieren der Proben einen Spitzenmessplatz (z.B. Nanointender, AFM etc.) sowie einen Messplatz f\u00fcr elektrische Messungen.<\/li>\n<li><strong>Variante 2:<\/strong> Schicken Sie uns einfach ein von Ihnen vorgefertigtes Substrat aus dem Material Ihrer Wahl (mit geeigneten elektrischen Kontakten). Wir drucken Ihnen den Sensor an der gew\u00fcnschten Stelle\u00a0auf das Substrat zur sofortigen Charakterisierung. Die Charakterisierung f\u00fchren wir gerne auch in Ihrem Auftrag durch. Auf Wunsch behandeln wir Ihr Anliegen streng vertraulich und vereinbaren ein schriftliches Abkommen mit Ihnen.<\/li>\n<\/ol>\n<p>\n\n<!-- Fast Secure Contact Form plugin 4.0.52 - begin - FastSecureContactForm.com -->\r\n<div style=\"clear:both;\"><\/div>\n<p>\r\nBitte f\u00fcllen Sie das Kontaktformular aus und vereinbaren Sie ein Beratungsgespr\u00e4ch mit uns.<\/p>\r\n<div id=\"FSContact1\" style=\"width:99%; max-width:840px;\">\r\n<form action=\"\/de\/wp-json\/wp\/v2\/pages\/689#FSContact1\" id=\"fscf_form1\" method=\"post\">\r\n\n<div id=\"fscf_required1\">\n  <span style=\"text-align:left;\">*<\/span> <span style=\"text-align:left;\">Hinweis: Fields ( * ) m\u00fcssen ausgef\u00fcllt werden.<\/span>\n<\/div>\n\n\n<div id=\"fscf_div_clear1_6\" style=\"clear:both;\">\n  <div id=\"fscf_div_field1_6\" style=\"clear:left; float:left; width:99%; max-width:840px; margin-right:10px;\">\n\n    <div style=\"clear:both;\"><\/div>\n<br \/>Ich interessiere mich f\u00fcr eine Probe:\n\n    <div  id=\"fscf_label1_6\" style=\"text-align:left; padding-top:5px;\">\n    <\/div>\n    <div style=\"text-align:left;\">\n      <span><input type=\"checkbox\" style=\"width:13px;\" id=\"fscf_field1_6\" name=\"variante-1\" value=\"1\" \/> <label style=\"display:inline;\" for=\"fscf_field1_6\">Der Variante 1: Proben auf einem von Ihnen vorgefertigten Standard-Substrat<\/label><\/span>\n    <\/div>\n  <\/div>\n<\/div>\n\n<div id=\"fscf_div_clear1_7\" style=\"clear:both;\">\n  <div id=\"fscf_div_field1_7\" style=\"clear:left; float:left; width:99%; max-width:840px; margin-right:10px;\">\n    <div  id=\"fscf_label1_7\" style=\"text-align:left; padding-top:5px;\">\n    <\/div>\n    <div style=\"text-align:left;\">\n      <span><input type=\"checkbox\" style=\"width:13px;\" id=\"fscf_field1_7\" name=\"variante-2\" value=\"1\" \/> <label style=\"display:inline;\" for=\"fscf_field1_7\">Der Variante 2: Proben auf einem von mir vorpr\u00e4parierten Substrat meiner Wahl<\/label><\/span>\n    <\/div>\n\n    <div style=\"clear:both;\"><\/div>\n<br \/>\n\n  <\/div>\n<\/div>\n\n<div id=\"fscf_div_clear1_0\" style=\"clear:both;\">\n  <div id=\"fscf_div_field1_0\" style=\"clear:left; float:left; width:99%; max-width:840px; margin-right:10px;\">\r\n    <div style=\"text-align:left; padding-top:5px;\">\n      <label style=\"text-align:left;\" for=\"fscf_name1\">Name:<span style=\"text-align:left;\">*<\/span><\/label>\n    <\/div>\r\n    <div style=\"text-align:left;\">\r\n      <input style=\"text-align:left; margin:0; width:99%; max-width:450px;\" type=\"text\" id=\"fscf_name1\" name=\"full_name\" value=\"\"  \/>\r\n    <\/div>\r\n  <\/div>\n<\/div>\n\n<div id=\"fscf_div_clear1_11\" style=\"clear:both;\">\n  <div id=\"fscf_div_field1_11\" style=\"clear:left; float:left; width:99%; max-width:840px; margin-right:10px;\">\n    <div  id=\"fscf_label1_11\" style=\"text-align:left; padding-top:5px;\">\r\n      <label style=\"text-align:left;\" for=\"fscf_field1_11\">Titel:<\/label>\n    <\/div>\n    <div style=\"text-align:left;\">\n      <input style=\"text-align:left; margin:0; width:99%; max-width:450px;\" type=\"text\" id=\"fscf_field1_11\" name=\"titel\" value=\"\"  \/>\n    <\/div>\n  <\/div>\n<\/div>\n\n<div id=\"fscf_div_clear1_12\" style=\"clear:both;\">\n  <div id=\"fscf_div_field1_12\" style=\"clear:left; float:left; width:99%; max-width:840px; margin-right:10px;\">\n    <div  id=\"fscf_label1_12\" style=\"text-align:left; padding-top:5px;\">\r\n      <label style=\"text-align:left;\" for=\"fscf_field1_12\">Position:<\/label>\n    <\/div>\n    <div style=\"text-align:left;\">\n      <input style=\"text-align:left; margin:0; width:99%; max-width:450px;\" type=\"text\" id=\"fscf_field1_12\" name=\"position\" value=\"\"  \/>\n    <\/div>\n  <\/div>\n<\/div>\n\n<div id=\"fscf_div_clear1_4\" style=\"clear:both;\">\n  <div id=\"fscf_div_field1_4\" style=\"clear:left; float:left; width:99%; max-width:840px; margin-right:10px;\">\n    <div  id=\"fscf_label1_4\" style=\"text-align:left; padding-top:5px;\">\r\n      <label style=\"text-align:left;\" for=\"fscf_field1_4\">Firma\/Universit\u00e4t\/Institut:<span style=\"text-align:left;\">*<\/span><\/label>\n    <\/div>\n    <div style=\"text-align:left;\">\n      <input style=\"text-align:left; margin:0; width:99%; max-width:450px;\" type=\"text\" id=\"fscf_field1_4\" name=\"firma\" value=\"\"  \/>\n    <\/div>\n  <\/div>\n<\/div>\n\n<div id=\"fscf_div_clear1_8\" style=\"clear:both;\">\n  <div id=\"fscf_div_field1_8\" style=\"clear:left; float:left; width:99%; max-width:840px; margin-right:10px;\">\n    <div  id=\"fscf_label1_8\" style=\"text-align:left; padding-top:5px;\">\r\n      <label style=\"text-align:left;\" for=\"fscf_field1_8\">Branche:<\/label>\n    <\/div>\n    <div style=\"text-align:left;\">\n      <input style=\"text-align:left; margin:0; width:99%; max-width:450px;\" type=\"text\" id=\"fscf_field1_8\" name=\"branche\" value=\"\"  \/>\n    <\/div>\n  <\/div>\n<\/div>\n\n<div id=\"fscf_div_clear1_13\" style=\"clear:both;\">\n  <div id=\"fscf_div_field1_13\" style=\"clear:left; float:left; width:99%; max-width:840px; margin-right:10px;\">\n    <div  id=\"fscf_label1_13\" style=\"text-align:left; padding-top:5px;\">\r\n      <label style=\"text-align:left;\" for=\"fscf_field1_13\">Land:<span style=\"text-align:left;\">*<\/span><\/label>\n    <\/div>\n    <div style=\"text-align:left;\">\n      <input style=\"text-align:left; margin:0; width:99%; max-width:450px;\" type=\"text\" id=\"fscf_field1_13\" name=\"land\" value=\"\"  \/>\n    <\/div>\n  <\/div>\n<\/div>\n\n<div id=\"fscf_div_clear1_9\" style=\"clear:both;\">\n  <div id=\"fscf_div_field1_9\" style=\"clear:left; float:left; width:99%; max-width:840px; margin-right:10px;\">\n    <div  id=\"fscf_label1_9\" style=\"text-align:left; padding-top:5px;\">\r\n      <label style=\"text-align:left;\" for=\"fscf_field1_9\">Telefon:<\/label>\n    <\/div>\n    <div style=\"text-align:left;\">\n      <input style=\"text-align:left; margin:0; width:99%; max-width:450px;\" type=\"text\" id=\"fscf_field1_9\" name=\"telefon\" value=\"\"  \/>\n    <\/div>\n  <\/div>\n<\/div>\n\n<div id=\"fscf_div_clear1_1\" style=\"clear:both;\">\n  <div id=\"fscf_div_field1_1\" style=\"clear:left; float:left; width:99%; max-width:840px; margin-right:10px;\">\n    <div style=\"text-align:left; padding-top:5px;\">\n      <label style=\"text-align:left;\" for=\"fscf_email1\">E-Mail<span style=\"text-align:left;\">*<\/span><\/label>\n    <\/div>\n    <div style=\"text-align:left;\">\n      <input style=\"text-align:left; margin:0; width:99%; max-width:450px;\" type=\"text\" id=\"fscf_email1\" name=\"email\" value=\"\"  \/>\n    <\/div>\n  <\/div>\n<\/div>\n\n<div id=\"fscf_div_clear1_3\" style=\"clear:both;\">\n  <div id=\"fscf_div_field1_3\" style=\"clear:left; float:left; width:99%; max-width:840px; margin-right:10px;\">\n    <div style=\"text-align:left; padding-top:5px;\">\n      <label style=\"text-align:left;\" for=\"fscf_field1_3\">Nachricht:<span style=\"text-align:left;\">*<\/span><\/label>\n    <\/div>\n    <div style=\"text-align:left;\">\n      <textarea style=\"text-align:left; margin:0; width:99%; max-width:450px; height:120px;\" id=\"fscf_field1_3\" name=\"message\" cols=\"30\" rows=\"10\" ><\/textarea>\n    <\/div>\n  <\/div>\n<\/div>\n\n<div id=\"fscf_div_clear1_14\" style=\"clear:both;\">\n  <div id=\"fscf_div_field1_14\" style=\"clear:left; float:left; width:99%; max-width:840px; margin-right:10px;\">\n    <div  id=\"fscf_label1_14\" style=\"text-align:left; padding-top:5px;\">\n    <\/div>\n    <div style=\"text-align:left;\">\n      <span><input type=\"checkbox\" style=\"width:13px;\" id=\"fscf_field1_14\" name=\"Ich-habe-die-Datenschutzerklarung-zur-Ke\" value=\"1\" \/> <label style=\"display:inline;\" for=\"fscf_field1_14\">Ich stimme zu, dass meine Angaben aus dem Kontaktformular zur Beantwortung meiner Anfrage erhoben und verarbeitet werden. Die Daten werden nach abgeschlossener Bearbeitung Ihrer Anfrage gel\u00f6scht. Hinweis: Sie k\u00f6nnen Ihre Einwilligung jederzeit f\u00fcr die Zukunft widerrufen.<span style=\"text-align:left;\">*<\/span><\/label><\/span>\n    <\/div>\n\n    <div style=\"clear:both;\"><\/div>\n<li><a href=\"https:\/\/nanoss.de\/de\/haftungsausschluss\/\" target=\"_blank\">Hinweis: Detaillierte Informationen zum Umgang mit Nutzerdaten finden Sie in unserer\r\nDatenschutzerkl\u00e4rung<\/a> <\/li>\n\n  <\/div>\n<\/div>\r\n<div style=\"clear:both;\"><\/div>\n\n<div style=\"text-align:left; padding-top:5px;\">\n<\/div>\n<div id=\"fscf_recaptcha1\"><\/div>\n\n<div id=\"fscf_submit_div1\" style=\"text-align:left; clear:both; padding-top:15px;\">\r\n\t\t<input type=\"submit\" id=\"fscf_submit1\" style=\"cursor:pointer; margin:0; width:150px;\" value=\"Absenden\"  onclick=\"this.disabled=true; this.value='Ihre Anfrage wird gesendet ...'; this.form.submit();\" \/> \n<\/div>\n\n<input type=\"hidden\" name=\"fscf_submitted\" value=\"0\" \/>\n<input type=\"hidden\" name=\"fs_postonce_1\" value=\"52efbfe5031f195551018fbd56f82c8f,1775643640\" \/>\n<input type=\"hidden\" name=\"si_contact_action\" value=\"send\" \/>\n<input type=\"hidden\" name=\"form_id\" value=\"1\" \/>\n<input type=\"hidden\" name=\"mailto_id\" value=\"1\" \/>\n\n<\/form>\n<\/div>\r\n<div style=\"clear:both;\"><\/div>\n\n<!-- Fast Secure Contact Form plugin 4.0.52 - end - FastSecureContactForm.com -->\n<\/p>","protected":false},"excerpt":{"rendered":"<p>Sie m\u00f6chten\u00a0nano3DSense gerne auf Herz und Nieren testen oder eine neue Sensoridee weiterentwickeln? Wir bieten Ihnen streng vertraulich, z.B. f\u00fcr Ihre Forschungsarbeit oder die Weiterentwicklung einer neuen Sensorik-Idee, die M\u00f6glichkeit Ihre eigenen Messungen, wie Messkurven f\u00fcr Widerstand, Biegemessungen etc. an mit\u00a0nano3DSense gefertigten Proben durchzuf\u00fchren. Gerne gehen wir dabei individuell auf \u2026<\/p>\n<p class=\"continue-reading-button\"> <a class=\"continue-reading-link\" href=\"https:\/\/nanoss.de\/de\/demonstrator-anfordern\/\">Continue reading<i class=\"crycon-right-dir\"><\/i><\/a><\/p>\n","protected":false},"author":1,"featured_media":0,"parent":0,"menu_order":0,"comment_status":"closed","ping_status":"closed","template":"","meta":[],"_links":{"self":[{"href":"https:\/\/nanoss.de\/de\/wp-json\/wp\/v2\/pages\/689"}],"collection":[{"href":"https:\/\/nanoss.de\/de\/wp-json\/wp\/v2\/pages"}],"about":[{"href":"https:\/\/nanoss.de\/de\/wp-json\/wp\/v2\/types\/page"}],"author":[{"embeddable":true,"href":"https:\/\/nanoss.de\/de\/wp-json\/wp\/v2\/users\/1"}],"replies":[{"embeddable":true,"href":"https:\/\/nanoss.de\/de\/wp-json\/wp\/v2\/comments?post=689"}],"version-history":[{"count":118,"href":"https:\/\/nanoss.de\/de\/wp-json\/wp\/v2\/pages\/689\/revisions"}],"predecessor-version":[{"id":4705,"href":"https:\/\/nanoss.de\/de\/wp-json\/wp\/v2\/pages\/689\/revisions\/4705"}],"wp:attachment":[{"href":"https:\/\/nanoss.de\/de\/wp-json\/wp\/v2\/media?parent=689"}],"curies":[{"name":"wp","href":"https:\/\/api.w.org\/{rel}","templated":true}]}}