{"id":72,"date":"2014-10-13T11:35:18","date_gmt":"2014-10-13T11:35:18","guid":{"rendered":"http:\/\/nanoss.apps-1and1.net\/?page_id=72"},"modified":"2017-06-20T12:13:12","modified_gmt":"2017-06-20T10:13:12","slug":"enabling-technology-fuer-drucksensoren-in-der-medizintechnik","status":"publish","type":"page","link":"https:\/\/nanoss.de\/de\/medizintechnik\/","title":{"rendered":"Medizinische Sensoren f\u00fcr Implantate und Katheter"},"content":{"rendered":"<p><\/p>\n<h3>Konkurrenzlose Pr\u00e4zision auf der Nanometer-Skala: Unschlagbar klein und flexibel in der Medizintechnik<\/h3>\n<p>Der Einsatz von Kraft- und Drucksensoren ist in der Medizintechnik heute nicht mehr wegzudenken. Miniaturisierung und biokompatiblen Materialien kommt eine besondere Bedeutung zu, wenn minimal-invasiver Eingriff und gr\u00f6\u00dftm\u00f6gliche K\u00f6rpervertr\u00e4glichkeit, z.B. bei Kathetern und Langzeit-Implantaten, an h\u00f6chster Stelle stehen. Um dem Patienten die bestm\u00f6gliche Therapie zu erm\u00f6glichen, werden daher gr\u00f6\u00dfte Anforderungen an schonende sowie Gewebe vertr\u00e4gliche medizinische Ger\u00e4te gelegt. Die Voraussetzungen an Zuverl\u00e4ssigkeit, Pr\u00e4zision, Langlebigkeit und ein ausgeglichenes Preis-\/Leistungsverh\u00e4ltnis sind in den vergangen Jahren stetig gestiegen und werden weiter zunehmen.<\/p>\n<p>&nbsp;<\/p>\n\n\t\t<!-- MasterSlider -->\n\t\t<div id=\"P_MS69d43ccf4d35c\" class=\"master-slider-parent msl ms-parent-id-30\" style=\"max-width:800px;\">\n\n\t\t\t\n\t\t\t<!-- MasterSlider Main -->\n\t\t\t<div id=\"MS69d43ccf4d35c\" class=\"master-slider ms-skin-light-3\" >\n\t\t\t\t \t\t\t\t \n\t\t\t\t<div  class=\"ms-slide\" data-delay=\"5\" data-fill-mode=\"fit\"  >\n\t\t\t\t\t<img src=\"https:\/\/nanoss.de\/wp-content\/plugins\/master-slider\/public\/assets\/css\/blank.gif\" alt=\"\" title=\"\" data-src=\"https:\/\/nanoss.de\/wp-content\/uploads\/2015\/01\/Medizin-Katheter.jpg\" \/>\n\n\t\t\t\t\t<div class=\"ms-info\"><h2 style=\"text-align: center;\"><em>Vielf\u00e4ltige Einsatzm\u00f6glichkeiten in der Medizintechnik<br \/><\/em><\/h2><h2 style=\"text-align: center;\"><em>\u00a0<\/em><\/h2><\/div>\n\n\n\t<img class=\"ms-thumb\" src=\"https:\/\/nanoss.de\/wp-content\/uploads\/2015\/01\/Medizin-Katheter-100x80.jpg\" alt=\"\" \/>\n\t<div class=\"ms-thumb\" ><div class=\"ms-tab-context\"><div class=&quot;ms-tab-context&quot;><\/div><\/div>\n<\/div>\n\t\t\t\t<\/div>\n\t\t\t\t<div  class=\"ms-slide\" data-delay=\"10\" data-fill-mode=\"fit\"  >\n\t\t\t\t\t<img src=\"https:\/\/nanoss.de\/wp-content\/plugins\/master-slider\/public\/assets\/css\/blank.gif\" alt=\"\" title=\"\" data-src=\"https:\/\/nanoss.de\/wp-content\/uploads\/2015\/01\/Medizin-X-Ray.jpg\" \/>\n\n\t\t\t\t\t<div class=\"ms-info\"><h2 style=\"text-align: center;\"><em>Implantate, z.B. f\u00fcr das Monitoring von Blutdruck am Herzen oder Glukose (CGM)<br \/><\/em><\/h2><p><em>\u00a0<\/em><\/p><\/div>\n\n\n\t<img class=\"ms-thumb\" src=\"https:\/\/nanoss.de\/wp-content\/uploads\/2015\/01\/Medizin-X-Ray-100x80.jpg\" alt=\"\" \/>\n\t<div class=\"ms-thumb\" ><div class=\"ms-tab-context\"><div class=&quot;ms-tab-context&quot;><\/div><\/div>\n<\/div>\n\t\t\t\t<\/div>\n\t\t\t\t<div  class=\"ms-slide\" data-delay=\"3\" data-fill-mode=\"fit\"  >\n\t\t\t\t\t<img src=\"https:\/\/nanoss.de\/wp-content\/plugins\/master-slider\/public\/assets\/css\/blank.gif\" alt=\"\" title=\"\" data-src=\"https:\/\/nanoss.de\/wp-content\/uploads\/2015\/01\/Medizin-Herzkatheter.jpg\" \/>\n\n\t\t\t\t\t<div class=\"ms-info\"><h2 style=\"text-align: center;\"><em>Minimalinvasive Katheter mit integrierter Sensorik f\u00fcr Blutdruck und Kraftmessung<br \/><\/em><\/h2><\/div>\n\n\n\t<img class=\"ms-thumb\" src=\"https:\/\/nanoss.de\/wp-content\/uploads\/2015\/01\/Medizin-Herzkatheter-100x80.jpg\" alt=\"\" \/>\n\t<div class=\"ms-thumb\" ><div class=\"ms-tab-context\"><div class=&quot;ms-tab-context&quot;><\/div><\/div>\n<\/div>\n\t\t\t\t<\/div>\n\t\t\t\t<div  class=\"ms-slide\" data-delay=\"3\" data-fill-mode=\"fit\"  >\n\t\t\t\t\t<img src=\"https:\/\/nanoss.de\/wp-content\/plugins\/master-slider\/public\/assets\/css\/blank.gif\" alt=\"\" title=\"\" data-src=\"https:\/\/nanoss.de\/wp-content\/uploads\/2015\/01\/Meidzin-Implantate.jpg\" \/>\n\n\t\t\t\t\t<div class=\"ms-info\"><h2 style=\"text-align: center;\"><em>Echte 3D-Kraftsensorik, mit Nanometerpr\u00e4zision direkt auf biokompatible Implantate gedruckt, z.B. auf Stahl, Polymere, Kunststoff, Keramik etc.<\/em><\/h2><\/div>\n\n\n\t<img class=\"ms-thumb\" src=\"https:\/\/nanoss.de\/wp-content\/uploads\/2015\/01\/Meidzin-Implantate-100x80.jpg\" alt=\"\" \/>\n\t<div class=\"ms-thumb\" ><div class=\"ms-tab-context\"><div class=&quot;ms-tab-context&quot;><\/div><\/div>\n<\/div>\n\t\t\t\t<\/div>\n\t\t\t\t<div  class=\"ms-slide\" data-delay=\"3\" data-fill-mode=\"fit\"  >\n\t\t\t\t\t<img src=\"https:\/\/nanoss.de\/wp-content\/plugins\/master-slider\/public\/assets\/css\/blank.gif\" alt=\"\" title=\"\" data-src=\"https:\/\/nanoss.de\/wp-content\/uploads\/2015\/01\/Meidzin-Implantate2.jpg\" \/>\n\n\t\t\t\t\t<div class=\"ms-info\"><h2 style=\"text-align: center;\"><em>Mit nano3DSense passt sich im 3D-Nanodruck der Sensor jedem Implantat oder jeder Unterlage nahtlos und pr\u00e4zise an<\/em><\/h2><\/div>\n\n\n\t<img class=\"ms-thumb\" src=\"https:\/\/nanoss.de\/wp-content\/uploads\/2015\/01\/Meidzin-Implantate2-100x80.jpg\" alt=\"\" \/>\n\t<div class=\"ms-thumb\" ><div class=\"ms-tab-context\"><div class=&quot;ms-tab-context&quot;><\/div><\/div>\n<\/div>\n\t\t\t\t<\/div>\n\n\t\t\t<\/div>\n\t\t\t<!-- END MasterSlider Main -->\n\n\t\t\t \n\t\t<\/div>\n\t\t<!-- END MasterSlider -->\n\n\t\t<script>\n\t\t(function ( $ ) {\n\t\t\t\"use strict\";\n\n\t\t\t$(function () {\n\t\t\t\tvar masterslider_d35c = new MasterSlider();\n\n\t\t\t\t\/\/ slider controls\n\t\t\t\tmasterslider_d35c.control('arrows'     ,{ autohide:true, overVideo:true  });\n\t\t\t\tmasterslider_d35c.control('thumblist'  ,{ autohide:true, overVideo:true, dir:'h', speed:17, inset:false, arrows:false, hover:false, customClass:'', align:'bottom',type:'thumbs', margin:10, width:100, height:80, space:5, fillMode:'center'  });\n\t\t\t\tmasterslider_d35c.control('slideinfo'  ,{ autohide:false, overVideo:true, dir:'h', align:'top',inset:false , margin:1   });\n\t\t\t\t\/\/ slider setup\n\t\t\t\tmasterslider_d35c.setup(\"MS69d43ccf4d35c\", {\n\t\t\t\t\t\twidth           : 800,\n\t\t\t\t\t\theight          : 480,\n\t\t\t\t\t\tminHeight       : 0,\n\t\t\t\t\t\tspace           : 0,\n\t\t\t\t\t\tstart           : 1,\n\t\t\t\t\t\tgrabCursor      : true,\n\t\t\t\t\t\tswipe           : true,\n\t\t\t\t\t\tmouse           : true,\n\t\t\t\t\t\tlayout          : \"boxed\",\n\t\t\t\t\t\twheel           : false,\n\t\t\t\t\t\tautoplay        : true,\n\t\t\t\t\t\tinstantStartLayers:false,\n\t\t\t\t\t\tloop            : true,\n\t\t\t\t\t\tshuffle         : false,\n\t\t\t\t\t\tpreload         : 0,\n\t\t\t\t\t\theightLimit     : true,\n\t\t\t\t\t\tautoHeight      : false,\n\t\t\t\t\t\tsmoothHeight    : true,\n\t\t\t\t\t\tendPause        : false,\n\t\t\t\t\t\toverPause       : true,\n\t\t\t\t\t\tfillMode        : \"fill\",\n\t\t\t\t\t\tcenterControls  : true,\n\t\t\t\t\t\tstartOnAppear   : false,\n\t\t\t\t\t\tlayersMode      : \"center\",\n\t\t\t\t\t\thideLayers      : false,\n\t\t\t\t\t\tfullscreenMargin: 0,\n\t\t\t\t\t\tspeed           : 5,\n\t\t\t\t\t\tdir             : \"h\",\n\t\t\t\t\t\tparallaxMode    : 'swipe',\n\t\t\t\t\t\tview            : \"fade\"\n\t\t\t\t});\n\n\t\t\t\t\n\t\t\t\twindow.masterslider_instances = window.masterslider_instances || [];\n\t\t\t\twindow.masterslider_instances.push( masterslider_d35c );\n\t\t\t });\n\n\t\t})(jQuery);\n\t\t<\/script>\n\n\n<h3><\/h3>\n<p>&nbsp;<\/p>\n<h3>Druckmembran f\u00fcr Ihre medizinischen Anwendungen<\/h3>\n<p>Grundlage einer jeden Druckmessung im K\u00f6rper ist die Membran, z.B. zur intravaskul\u00e4ren, intrakardialen oder neurovaskul\u00e4ren Kurzeit- oder Langzeit-Blutdruckmessung. Ihre minimale Gr\u00f6\u00dfe und die Material-Beschaffenheit bestimmen im Wesentlichen den tats\u00e4chlichen Nutzen und die Einsatzm\u00f6glichkeiten, z.B. als diagnostische Implantate oder Katheter bei der Behandlung von Bluthochdruck, Herzinsuffizienz und in der minimalinvasiven Chirugie. Druckmembrane spielen \u00fcberdies eine wichtige Rolle beim Monitoring vieler anderer K\u00f6rperorgane, z.B. Implantate f\u00fcr Augeninnendruck (Engl. Intraocular Pressure (IOP)) bei der Diagnose von Glaukom, Hirndruck, Blasendruck, Magendruck und sogar bei der \u00dcberwachung von Glukose (CGM).<\/p>\n<p>&nbsp;<\/p>\n<div id=\"attachment_183\" style=\"width: 310px\" class=\"wp-caption aligncenter\"><img aria-describedby=\"caption-attachment-183\" loading=\"lazy\" class=\"wp-image-183 size-medium\" src=\"\/wp-content\/uploads\/2014\/10\/Enabling-Technology-f\u00fcr-Drucksensoren-in-der-Medizintechnik-03-300x244.jpg\" alt=\"Enabling-Technology-f\u00fcr-Drucksensoren-in-der-Medizintechnik-03\" width=\"300\" height=\"244\" srcset=\"https:\/\/nanoss.de\/wp-content\/uploads\/2014\/10\/Enabling-Technology-f\u00fcr-Drucksensoren-in-der-Medizintechnik-03-300x244.jpg 300w, https:\/\/nanoss.de\/wp-content\/uploads\/2014\/10\/Enabling-Technology-f\u00fcr-Drucksensoren-in-der-Medizintechnik-03-184x150.jpg 184w, https:\/\/nanoss.de\/wp-content\/uploads\/2014\/10\/Enabling-Technology-f\u00fcr-Drucksensoren-in-der-Medizintechnik-03-150x122.jpg 150w, https:\/\/nanoss.de\/wp-content\/uploads\/2014\/10\/Enabling-Technology-f\u00fcr-Drucksensoren-in-der-Medizintechnik-03.jpg 460w\" sizes=\"(max-width: 300px) 100vw, 300px\" \/><p id=\"caption-attachment-183\" class=\"wp-caption-text\">Die Membran ist die Grundlage f\u00fcr die Druckmessung im K\u00f6rper<\/p><\/div>\n<p>Die Nanoss GmbH hat mit der neuen nano3DSense-Technologie eine grundlegend neue Sensorikplattform geschaffen, die, gegen\u00fcber kapazitiven, piezoresistiven oder faseroptischen (Fabry-Perot Interferometern) Verfahren, entscheidende Vorteile bietet. Neben einem 10fach h\u00f6heren Miniaturisierungsgrad als konventionelle Druck- oder Kraftsensoren, und damit besserem minimalinvasiven Formfaktor, erm\u00f6glicht die Sensorherstellung mittels des patentierten 3D-Nanodrucks eine deutliche Vereinfachung des Sensordesigns, da der Sensor direkt auf das medizinische Ger\u00e4t (z. B. Katheter oder Implantat) aufgedruckt wird. Damit sind nicht nur Biokompatibilit\u00e4t und Minimalinvasivit\u00e4t nahezu unbegrenzt flexibel einstellbar, sondern der Sensoraufbau und die Messelektronik werden auch auf das absolut erforderliche Mindestma\u00df vereinfacht.<\/p>\n\n\t\t<!-- MasterSlider -->\n\t\t<div id=\"P_MS69d43ccf4db41\" class=\"master-slider-parent msl ms-parent-id-31\" style=\"max-width:800px;\">\n\n\t\t\t\n\t\t\t<!-- MasterSlider Main -->\n\t\t\t<div id=\"MS69d43ccf4db41\" class=\"master-slider ms-skin-light-3\" >\n\t\t\t\t \t\t\t\t \n\t\t\t\t<div  class=\"ms-slide\" data-delay=\"5\" data-fill-mode=\"fit\"  >\n\t\t\t\t\t<img src=\"https:\/\/nanoss.de\/wp-content\/plugins\/master-slider\/public\/assets\/css\/blank.gif\" alt=\"\" title=\"\" data-src=\"https:\/\/nanoss.de\/wp-content\/uploads\/2015\/01\/Medizin-Druckmembran.jpg\" \/>\n\n\t\t\t\t\t<div class=\"ms-info\"><h2 style=\"text-align: center;\"><em>nano3DSense erlaubt es bei Druckmessungen im K\u00f6rper das Membranmaterial nach individuellen Kriterien (z.B. Biokompatibilit\u00e4t oder Kompaktheit) auszuw\u00e4hlen<\/em><\/h2><\/div>\n\n\n\t<img class=\"ms-thumb\" src=\"https:\/\/nanoss.de\/wp-content\/uploads\/2015\/01\/Medizin-Druckmembran-100x80.jpg\" alt=\"\" \/>\n\t<div class=\"ms-thumb\" ><div class=\"ms-tab-context\"><div class=&quot;ms-tab-context&quot;><\/div><\/div>\n<\/div>\n\t\t\t\t<\/div>\n\t\t\t\t<div  class=\"ms-slide\" data-delay=\"10\" data-fill-mode=\"fit\"  >\n\t\t\t\t\t<img src=\"https:\/\/nanoss.de\/wp-content\/plugins\/master-slider\/public\/assets\/css\/blank.gif\" alt=\"\" title=\"\" data-src=\"https:\/\/nanoss.de\/wp-content\/uploads\/2015\/01\/Medizin-Titanmembran1.jpg\" \/>\n\n\t\t\t\t\t<div class=\"ms-info\"><h2 style=\"text-align: center;\"><em>Titan ist z.B. Bio kompatibel und erste Wahl bei Langzeit-implantaten zur Blutdruckmessung im Herzen<\/em><\/h2><p><em>\u00a0<\/em><\/p><\/div>\n\n\n\t<img class=\"ms-thumb\" src=\"https:\/\/nanoss.de\/wp-content\/uploads\/2015\/01\/Medizin-Titanmembran1-100x80.jpg\" alt=\"\" \/>\n\t<div class=\"ms-thumb\" ><div class=\"ms-tab-context\"><div class=&quot;ms-tab-context&quot;><\/div><\/div>\n<\/div>\n\t\t\t\t<\/div>\n\t\t\t\t<div  class=\"ms-slide\" data-delay=\"3\" data-fill-mode=\"fit\"  >\n\t\t\t\t\t<img src=\"https:\/\/nanoss.de\/wp-content\/plugins\/master-slider\/public\/assets\/css\/blank.gif\" alt=\"\" title=\"\" data-src=\"https:\/\/nanoss.de\/wp-content\/uploads\/2015\/01\/Medizin-Simulation.jpg\" \/>\n\n\t\t\t\t\t<div class=\"ms-info\"><h2 style=\"text-align: center;\"><em>Simulation der Druckmembran unter Belastung<\/em><\/h2><\/div>\n\n\n\t<img class=\"ms-thumb\" src=\"https:\/\/nanoss.de\/wp-content\/uploads\/2015\/01\/Medizin-Simulation-100x80.jpg\" alt=\"\" \/>\n\t<div class=\"ms-thumb\" ><div class=\"ms-tab-context\"><div class=&quot;ms-tab-context&quot;><\/div><\/div>\n<\/div>\n\t\t\t\t<\/div>\n\n\t\t\t<\/div>\n\t\t\t<!-- END MasterSlider Main -->\n\n\t\t\t \n\t\t<\/div>\n\t\t<!-- END MasterSlider -->\n\n\t\t<script>\n\t\t(function ( $ ) {\n\t\t\t\"use strict\";\n\n\t\t\t$(function () {\n\t\t\t\tvar masterslider_db41 = new MasterSlider();\n\n\t\t\t\t\/\/ slider controls\n\t\t\t\tmasterslider_db41.control('arrows'     ,{ autohide:true, overVideo:true  });\n\t\t\t\tmasterslider_db41.control('thumblist'  ,{ autohide:true, overVideo:true, dir:'h', speed:17, inset:false, arrows:false, hover:false, customClass:'', align:'bottom',type:'thumbs', margin:10, width:100, height:80, space:5, fillMode:'center'  });\n\t\t\t\tmasterslider_db41.control('slideinfo'  ,{ autohide:false, overVideo:true, dir:'h', align:'top',inset:false , margin:1   });\n\t\t\t\t\/\/ slider setup\n\t\t\t\tmasterslider_db41.setup(\"MS69d43ccf4db41\", {\n\t\t\t\t\t\twidth           : 800,\n\t\t\t\t\t\theight          : 480,\n\t\t\t\t\t\tminHeight       : 0,\n\t\t\t\t\t\tspace           : 0,\n\t\t\t\t\t\tstart           : 1,\n\t\t\t\t\t\tgrabCursor      : true,\n\t\t\t\t\t\tswipe           : true,\n\t\t\t\t\t\tmouse           : true,\n\t\t\t\t\t\tlayout          : \"boxed\",\n\t\t\t\t\t\twheel           : false,\n\t\t\t\t\t\tautoplay        : true,\n\t\t\t\t\t\tinstantStartLayers:false,\n\t\t\t\t\t\tloop            : true,\n\t\t\t\t\t\tshuffle         : false,\n\t\t\t\t\t\tpreload         : 0,\n\t\t\t\t\t\theightLimit     : true,\n\t\t\t\t\t\tautoHeight      : false,\n\t\t\t\t\t\tsmoothHeight    : true,\n\t\t\t\t\t\tendPause        : false,\n\t\t\t\t\t\toverPause       : true,\n\t\t\t\t\t\tfillMode        : \"fill\",\n\t\t\t\t\t\tcenterControls  : true,\n\t\t\t\t\t\tstartOnAppear   : false,\n\t\t\t\t\t\tlayersMode      : \"center\",\n\t\t\t\t\t\thideLayers      : false,\n\t\t\t\t\t\tfullscreenMargin: 0,\n\t\t\t\t\t\tspeed           : 5,\n\t\t\t\t\t\tdir             : \"h\",\n\t\t\t\t\t\tparallaxMode    : 'swipe',\n\t\t\t\t\t\tview            : \"fade\"\n\t\t\t\t});\n\n\t\t\t\t\n\t\t\t\twindow.masterslider_instances = window.masterslider_instances || [];\n\t\t\t\twindow.masterslider_instances.push( masterslider_db41 );\n\t\t\t });\n\n\t\t})(jQuery);\n\t\t<\/script>\n\n\n<p>&nbsp;<\/p>\n<p>&nbsp;<\/p>\n<h3>Die eigenen Erwartungen \u00fcbertreffen: Der Vorteil f\u00fcr Ihre Anwendungen in Industrie und Forschung (F&amp;E)<\/h3>\n<p>Wir arbeiten eng mit Entwicklern und Herstellern von medizinischen Ger\u00e4ten zusammen, um heutigen und zuk\u00fcnftigen Herausforderungen in der Medizintechnik mit Pionierarbeit zu begegnen. Die ultrakompakten Sensoren der Nanoss GmbH setzen dabei neue Ma\u00dfst\u00e4be, wenn es bei Kathetern oder Implantaten f\u00fcr Kraft- und Druckmessungen um minimale Invasivit\u00e4t, Biokompatibilit\u00e4t sowie gr\u00f6\u00dftm\u00f6gliche Flexibilit\u00e4t und Sorgfalt im medizinischen Einsatz geht:<\/p>\n<ul>\n<li>Echte <strong>Schl\u00fcsseltechnologie<\/strong> f\u00fcr herausragende Problemstellungen beim Design neuer medizinischer Sensoren und Implantate, z.B. f\u00fcr:\n<ul>\n<li>Implantate oder Katheter f\u00fcr intravaskul\u00e4ren, intrakardialen oder neurovaskul\u00e4ren Blutdruck<\/li>\n<li>Druck in anderen K\u00f6rperorganen: Implantate f\u00fcr Augeninnendruck (Engl. Intraocular Pressure (IOP)) sowie Hirn-, Blasen- und Magendruck<\/li>\n<li>Echte 3D-Kraftsensorik, die direkt auf biokompatible Implantate, Katheter und andere medizinische Instrumente appliziert werden kann<\/li>\n<li>Implantate Blutzuckersensoren f\u00fcr kontinuierliches Glukose-Monitoring (CGM)<\/li>\n<\/ul>\n<\/li>\n<\/ul>\n<ul>\n<li>Minimalinvasive Abmessungen des Transducers \u00a0(z.B. Druckmembran), bis &lt;\u00a0100\u00a0\u00b5m im Durchmesser<\/li>\n<li>Vorteilhafter und vielseitiger Einsatz von\u00a0 biokompatiblen Transducer-Materialien, wie Stahl, Polymere oder Keramiken, z.B. f\u00fcr Langzeit implantierbare Drucksensoren oder Katheter<\/li>\n<li>Dank des flexiblen 3D-Druckverfahrens lassen sich medizinische Messsonden auch an komplizierten Zonen einfach mit leistungsf\u00e4higer Sensorfunktionalit\u00e4t ausstatten, z.B. f\u00fcr die ausgefeilte 3D-Kraftsensorik mit schwierigen Randbedingungen<\/li>\n<\/ul>\n<ul>\n<li>Bestes Linearit\u00e4tsverhalten, niedriger Energieverbrauch und Langzeitstabilit\u00e4t f\u00fcr hochpr\u00e4zise Messdaten<\/li>\n<\/ul>\n<p>&nbsp;<\/p>\n<p>Sind Sie ein Entwickler oder Hersteller von medizinischen Kathetern, Implantaten oder anderen Ger\u00e4ten und m\u00f6chten mehr \u00fcber <a title=\"nano3DSense auf einen Blick: Branchen \u00fcbergreifende Technologieplattform\" href=\"\/de\/nano3sense-endecken\/\">nano3DSense<\/a> erfahren?<\/p>\n<h4><a title=\"Kontakt\" href=\"\/de\/kontakt\/\"><strong>Kontaktieren Sie uns:<\/strong> Wir beraten Sie gezielt \u00fcber Einsatzm\u00f6glichkeiten von\u00a0nano3DSense f\u00fcr Ihre eigenen medizinischen Anwendungen.<\/a><\/h4>\n<h4><strong><a title=\"Proben anfordern\" href=\"\/de\/testmuster-bestellen\/\">Oder fordern Sie gleich einen Demonstrator an und testen Sie nano3DSense<sup>\u00a0 <\/sup> auf Herz und Nieren.<\/a><\/strong><\/h4>\n<h3><\/h3>\n<p>&nbsp;<\/p>\n<h3>Lesen Sie weiter:<\/h3>\n<p>&nbsp;<\/p>\n<h4><span style=\"color: #808080;\"><a style=\"color: #808080;\" title=\"Was wir f\u00fcr Sie tun k\u00f6nnen\" href=\"\/de\/was-wir-fuer-sie-tun-koennen\/\">Was wir f\u00fcr Sie tun k\u00f6nnen<\/a><\/span><\/h4>\n<h4><span style=\"color: #808080;\"><a style=\"color: #808080;\" title=\"Ma\u00dfgeschneiderten Kundenl\u00f6sungen\" href=\"\/de\/massgeschneiderten-kundenloesungen\/\">Ma\u00dfgeschneiderte Kundenl\u00f6sungen im Dienste der Medizin<\/a><\/span><\/h4>\n<h4><span style=\"color: #808080;\"><a style=\"color: #808080;\" title=\"Medizintechnik\" href=\"\/de\/enabling-technology-fuer-drucksensoren-in-der-medizintechnik\/\">Medizinische Sensoren f\u00fcr Implantate und Katheter<\/a><\/span><\/h4>\n<h4><strong><a title=\"Antik\u00f6rpernachweis\" href=\"\/de\/label-freier-antikoerpernachweis-in-echtzeit\/\">\u00a0\u00a0\u00a0\u00a0 <span style=\"color: #3366ff;\">&gt; Biosensoren und &#8222;Point of Care PO<\/span>C&#8220;<\/a><\/strong><\/h4>\n<h4><span style=\"color: #808080;\"><a style=\"color: #808080;\" title=\"Ma\u00dfgeschneiderte Kraft- und Dehnungssensoren f\u00fcr MEMS\/NEMS\" href=\"net\/ultrakompakte-kraftsensoren-fuer-memsnems\/\">MEMS\/NEMS-Sensoren<\/a><\/span><\/h4>\n<h4><span style=\"color: #808080;\"><a style=\"color: #808080;\" title=\"Rasterkraftmikroskopie (AFM)\" href=\"\/de\/ultraschnelle-rasterkraftmikroskopie-afm\/\">Ultrakompakte Kraftsensoren<\/a><\/span><\/h4>\n<h4><span style=\"color: #808080;\"><a style=\"color: #808080;\" title=\"Rapid Prototyping f\u00fcr Mikroelektronik\" href=\"\/de\/rapid-prototyping-fuer-mikroelektronik\/\">Rapid Prototyping (Prototypenentwicklung)<\/a><\/span><\/h4>\n<h4><\/h4>\n<p>&nbsp;<\/p>","protected":false},"excerpt":{"rendered":"<p>Konkurrenzlose Pr\u00e4zision auf der Nanometer-Skala: Unschlagbar klein und flexibel in der Medizintechnik Der Einsatz von Kraft- und Drucksensoren ist in der Medizintechnik heute nicht mehr wegzudenken. Miniaturisierung und biokompatiblen Materialien kommt eine besondere Bedeutung zu, wenn minimal-invasiver Eingriff und gr\u00f6\u00dftm\u00f6gliche K\u00f6rpervertr\u00e4glichkeit, z.B. bei Kathetern und Langzeit-Implantaten, an h\u00f6chster Stelle stehen. \u2026<\/p>\n<p class=\"continue-reading-button\"> <a class=\"continue-reading-link\" href=\"https:\/\/nanoss.de\/de\/medizintechnik\/\">Continue reading<i class=\"crycon-right-dir\"><\/i><\/a><\/p>\n","protected":false},"author":1,"featured_media":0,"parent":0,"menu_order":0,"comment_status":"closed","ping_status":"closed","template":"","meta":[],"_links":{"self":[{"href":"https:\/\/nanoss.de\/de\/wp-json\/wp\/v2\/pages\/72"}],"collection":[{"href":"https:\/\/nanoss.de\/de\/wp-json\/wp\/v2\/pages"}],"about":[{"href":"https:\/\/nanoss.de\/de\/wp-json\/wp\/v2\/types\/page"}],"author":[{"embeddable":true,"href":"https:\/\/nanoss.de\/de\/wp-json\/wp\/v2\/users\/1"}],"replies":[{"embeddable":true,"href":"https:\/\/nanoss.de\/de\/wp-json\/wp\/v2\/comments?post=72"}],"version-history":[{"count":238,"href":"https:\/\/nanoss.de\/de\/wp-json\/wp\/v2\/pages\/72\/revisions"}],"predecessor-version":[{"id":4711,"href":"https:\/\/nanoss.de\/de\/wp-json\/wp\/v2\/pages\/72\/revisions\/4711"}],"wp:attachment":[{"href":"https:\/\/nanoss.de\/de\/wp-json\/wp\/v2\/media?parent=72"}],"curies":[{"name":"wp","href":"https:\/\/api.w.org\/{rel}","templated":true}]}}