{"id":74,"date":"2014-10-13T11:38:21","date_gmt":"2014-10-13T09:38:21","guid":{"rendered":"http:\/\/nanoss.apps-1and1.net\/?page_id=74"},"modified":"2017-06-20T12:11:45","modified_gmt":"2017-06-20T10:11:45","slug":"label-freier-antikoerpernachweis-in-echtzeit","status":"publish","type":"page","link":"https:\/\/nanoss.de\/de\/antikoerpernachweis\/","title":{"rendered":"Biosensoren f\u00fcr schnelle \u201ePoint of Care (POC)\u201c Diagnostik"},"content":{"rendered":"<p><\/p>\n<h3>Die gravierenden Nachteile heutiger Standardverfahren<\/h3>\n<p>ELISA (Enzyme Linked Immunosorbent Assay) Immun-Assay stellt heute das Standardverfahren f\u00fcr diagnostische Tests dar, um krankheitsspezifische Proteine zu bestimmen. Da es sich hierbei um ein \u201eLabel basiertes\u201c Testsystem mit Fluoreszenz-Markern handelt, sind oft lange Wartezeiten sowie eine aufwendige mikroskopische Auswertung verbunden. In bestimmten F\u00e4llen k\u00f6nnen sich diese Nachteile bei der schnellen Therapie von Krankheitsbildern als gravierendes Problem erweisen, z.B. in der Notfallmedizin oder Intensivpflege. Gleichzeitig stellt das \u201eLabelling\u201c an sich einen hohen Zeit- und Kostenaufwand dar.<\/p>\n<p>&nbsp;<\/p>\n<div id=\"attachment_2854\" style=\"width: 291px\" class=\"wp-caption aligncenter\"><a href=\"\/wp-content\/uploads\/2015\/01\/IgG.jpg\" rel=\"lightbox[74]\"><img aria-describedby=\"caption-attachment-2854\" loading=\"lazy\" class=\"wp-image-2854\" src=\"\/wp-content\/uploads\/2015\/01\/IgG.jpg\" alt=\"IgG\" width=\"281\" height=\"312\" \/><\/a><p id=\"caption-attachment-2854\" class=\"wp-caption-text\">Menschliches Immunglobulin (IgG)<\/p><\/div>\n<p>&nbsp;<\/p>\n<p>&nbsp;<\/p>\n<h3>Antik\u00f6rpernachweis in Echtzeit: Konkurrenzlos und Label frei mit nano3DSense<\/h3>\n<p>Mikro- und nanofabrizierte Biegebalken-Sensoren (sogenannte MEMS-Cantilever) mit nano3DSense auf einen Blick: Branchen \u00fcbergreifende Technologieplattform<\/p>\n<p>nano3DSense bestreiten einen v\u00f6llig neuen und vorteilhaften Weg beim Nachweis von Antik\u00f6rpern und Antigenen, um Fehldiagnosen bestm\u00f6glich auszuschlie\u00dfen: Label-frei und in hoher Geschwindigkeit.<\/p>\n<p>Das zuverl\u00e4ssige Schl\u00fcssel-Schloss-Prinzip gew\u00e4hrleistet dabei, neben deutlich verbesserter Selektivit\u00e4t, auch konkurrenzlose pr\u00e4zise Messergebnisse, die heutige Standardtests nicht liefern k\u00f6nnen.<\/p>\n<p>&nbsp;<\/p>\n\n\t\t<!-- MasterSlider -->\n\t\t<div id=\"P_MS69d43cceb39b4\" class=\"master-slider-parent msl ms-parent-id-41\" style=\"max-width:800px;\">\n\n\t\t\t\n\t\t\t<!-- MasterSlider Main -->\n\t\t\t<div id=\"MS69d43cceb39b4\" class=\"master-slider ms-skin-light-3\" >\n\t\t\t\t \t\t\t\t \n\t\t\t\t<div  class=\"ms-slide\" data-delay=\"5\" data-fill-mode=\"fit\"  >\n\t\t\t\t\t<img src=\"https:\/\/nanoss.de\/wp-content\/plugins\/master-slider\/public\/assets\/css\/blank.gif\" alt=\"\" title=\"\" data-src=\"https:\/\/nanoss.de\/wp-content\/uploads\/2015\/01\/ELISA.jpg\" \/>\n\n\t\t\t\t\t<div class=\"ms-info\"><h2 style=\"text-align: center;\">ELISA has been the gold standard for immunoassay for more than 4 decades. However it is label based and not convenient for fast and easy \"Point of Care (POC)\" diagnosis<\/h2><\/div>\n\n\n\t<img class=\"ms-thumb\" src=\"https:\/\/nanoss.de\/wp-content\/uploads\/2015\/01\/ELISA-100x80.jpg\" alt=\"\" \/>\n\t<div class=\"ms-thumb\" ><div class=\"ms-tab-context\"><div class=&quot;ms-tab-context&quot;><\/div><\/div>\n<\/div>\n\t\t\t\t<\/div>\n\t\t\t\t<div  class=\"ms-slide\" data-delay=\"3\" data-fill-mode=\"fit\"  >\n\t\t\t\t\t<img src=\"https:\/\/nanoss.de\/wp-content\/plugins\/master-slider\/public\/assets\/css\/blank.gif\" alt=\"\" title=\"\" data-src=\"https:\/\/nanoss.de\/wp-content\/uploads\/2016\/07\/ELISA-vs-Nano3DSense.jpg\" \/>\n\n\t\t\t\t\t<div class=\"ms-info\"><h3 style=\"text-align: center;\">nano3DSense : Getting quick test results within minutes after the key reaction starts\u2026<\/h3><\/div>\n\n\n\t<img class=\"ms-thumb\" src=\"https:\/\/nanoss.de\/wp-content\/uploads\/2016\/07\/ELISA-vs-Nano3DSense-100x80.jpg\" alt=\"\" \/>\n\t<div class=\"ms-thumb\" ><div class=\"ms-tab-context\"><div class=&quot;ms-tab-context&quot;><\/div><\/div>\n<\/div>\n\t\t\t\t<\/div>\n\t\t\t\t<div  class=\"ms-slide\" data-delay=\"10\" data-fill-mode=\"fit\"  >\n\t\t\t\t\t<img src=\"https:\/\/nanoss.de\/wp-content\/plugins\/master-slider\/public\/assets\/css\/blank.gif\" alt=\"\" title=\"\" data-src=\"https:\/\/nanoss.de\/wp-content\/uploads\/2015\/01\/Antibody-MEMS.jpg\" \/>\n\n\t\t\t\t\t<div class=\"ms-info\"><h4 style=\"text-align: center;\"><em><strong>nano3DSense is a radically new approach to label-free immunoassays:<\/strong><br \/><br \/><strong>How it works:<\/strong> <\/em>Micromechanical beams (cantilevers) that are surface-functionalized are highly specific and sensitive to the target analyte. The nano3DSense-Technology allows to detect precisely and instantaneously any mechanical movement of the cantilever caused by molecular interactions between the target and the surface. Antibodies and other biomarkers can be detected and quantified in real time with highest possible accuracy.<em> <br \/><\/em><\/h4><p><em>\u00a0<\/em><\/p><\/div>\n\n\n\t<img class=\"ms-thumb\" src=\"https:\/\/nanoss.de\/wp-content\/uploads\/2015\/01\/Antibody-MEMS-100x80.jpg\" alt=\"\" \/>\n\t<div class=\"ms-thumb\" ><div class=\"ms-tab-context\"><div class=&quot;ms-tab-context&quot;><\/div><\/div>\n<\/div>\n\t\t\t\t<\/div>\n\t\t\t\t<div  class=\"ms-slide\" data-delay=\"3\" data-fill-mode=\"fit\"  >\n\t\t\t\t\t<img src=\"https:\/\/nanoss.de\/wp-content\/plugins\/master-slider\/public\/assets\/css\/blank.gif\" alt=\"\" title=\"\" data-src=\"https:\/\/nanoss.de\/wp-content\/uploads\/2015\/01\/Antibody-MEMS-SiN.jpg\" \/>\n\n\t\t\t\t\t<div class=\"ms-info\"><h2 style=\"text-align: center;\"><em>The nano3DSense sensor at the edge of the cantilevers (a few micons in size only) is able to detect mechanical forces in the piconewton (pN) regime.<br \/><\/em><\/h2><\/div>\n\n\n\t<img class=\"ms-thumb\" src=\"https:\/\/nanoss.de\/wp-content\/uploads\/2015\/01\/Antibody-MEMS-SiN-100x80.jpg\" alt=\"\" \/>\n\t<div class=\"ms-thumb\" ><div class=\"ms-tab-context\"><div class=&quot;ms-tab-context&quot;><\/div><\/div>\n<\/div>\n\t\t\t\t<\/div>\n\t\t\t\t<div  class=\"ms-slide\" data-delay=\"3\" data-fill-mode=\"fit\"  >\n\t\t\t\t\t<img src=\"https:\/\/nanoss.de\/wp-content\/plugins\/master-slider\/public\/assets\/css\/blank.gif\" alt=\"\" title=\"\" data-src=\"https:\/\/nanoss.de\/wp-content\/uploads\/2015\/01\/Cantilever_Bending_Engl.jpg\" \/>\n\n\t\t\t\t\t<div class=\"ms-info\"><h2 style=\"text-align: center;\"><em>Molecular interactions between target analyte and the <\/em><em>functionalized surface can be measured with nano3DSense with ultra-high precision and in real-time.<br \/><\/em><\/h2><\/div>\n\n\n\t<img class=\"ms-thumb\" src=\"https:\/\/nanoss.de\/wp-content\/uploads\/2015\/01\/Cantilever_Bending_Engl-100x80.jpg\" alt=\"\" \/>\n\t<div class=\"ms-thumb\" ><div class=\"ms-tab-context\"><div class=&quot;ms-tab-context&quot;><\/div><\/div>\n<\/div>\n\t\t\t\t<\/div>\n\t\t\t\t<div  class=\"ms-slide\" data-delay=\"3\" data-fill-mode=\"fit\"  >\n\t\t\t\t\t<img src=\"https:\/\/nanoss.de\/wp-content\/plugins\/master-slider\/public\/assets\/css\/blank.gif\" alt=\"\" title=\"\" data-src=\"https:\/\/nanoss.de\/wp-content\/uploads\/2015\/01\/Antibody-MEMS-Topview.jpg\" \/>\n\n\t\t\t\t\t<div class=\"ms-info\"><h2 style=\"text-align: center;\"><em><strong>Lab on a chip<\/strong>: nano3DSense is the ideal platform for \"Point of Care (POC)\" diagnosis (Top view of the entire detector) <\/em><\/h2><\/div>\n\n\n\t<img class=\"ms-thumb\" src=\"https:\/\/nanoss.de\/wp-content\/uploads\/2015\/01\/Antibody-MEMS-Topview-100x80.jpg\" alt=\"\" \/>\n\t<div class=\"ms-thumb\" ><div class=\"ms-tab-context\"><div class=&quot;ms-tab-context&quot;><\/div><\/div>\n<\/div>\n\t\t\t\t<\/div>\n\n\t\t\t<\/div>\n\t\t\t<!-- END MasterSlider Main -->\n\n\t\t\t \n\t\t<\/div>\n\t\t<!-- END MasterSlider -->\n\n\t\t<script>\n\t\t(function ( $ ) {\n\t\t\t\"use strict\";\n\n\t\t\t$(function () {\n\t\t\t\tvar masterslider_39b4 = new MasterSlider();\n\n\t\t\t\t\/\/ slider controls\n\t\t\t\tmasterslider_39b4.control('arrows'     ,{ autohide:true, overVideo:true  });\n\t\t\t\tmasterslider_39b4.control('thumblist'  ,{ autohide:true, overVideo:true, dir:'h', speed:17, inset:false, arrows:false, hover:false, customClass:'', align:'bottom',type:'thumbs', margin:10, width:100, height:80, space:5, fillMode:'center'  });\n\t\t\t\tmasterslider_39b4.control('slideinfo'  ,{ autohide:false, overVideo:true, dir:'h', align:'top',inset:false , margin:1   });\n\t\t\t\t\/\/ slider setup\n\t\t\t\tmasterslider_39b4.setup(\"MS69d43cceb39b4\", {\n\t\t\t\t\t\twidth           : 800,\n\t\t\t\t\t\theight          : 480,\n\t\t\t\t\t\tminHeight       : 0,\n\t\t\t\t\t\tspace           : 0,\n\t\t\t\t\t\tstart           : 1,\n\t\t\t\t\t\tgrabCursor      : true,\n\t\t\t\t\t\tswipe           : true,\n\t\t\t\t\t\tmouse           : true,\n\t\t\t\t\t\tlayout          : \"boxed\",\n\t\t\t\t\t\twheel           : false,\n\t\t\t\t\t\tautoplay        : true,\n\t\t\t\t\t\tinstantStartLayers:false,\n\t\t\t\t\t\tloop            : true,\n\t\t\t\t\t\tshuffle         : false,\n\t\t\t\t\t\tpreload         : 0,\n\t\t\t\t\t\theightLimit     : true,\n\t\t\t\t\t\tautoHeight      : false,\n\t\t\t\t\t\tsmoothHeight    : true,\n\t\t\t\t\t\tendPause        : false,\n\t\t\t\t\t\toverPause       : true,\n\t\t\t\t\t\tfillMode        : \"fill\",\n\t\t\t\t\t\tcenterControls  : true,\n\t\t\t\t\t\tstartOnAppear   : false,\n\t\t\t\t\t\tlayersMode      : \"center\",\n\t\t\t\t\t\thideLayers      : false,\n\t\t\t\t\t\tfullscreenMargin: 0,\n\t\t\t\t\t\tspeed           : 5,\n\t\t\t\t\t\tdir             : \"h\",\n\t\t\t\t\t\tparallaxMode    : 'swipe',\n\t\t\t\t\t\tview            : \"fade\"\n\t\t\t\t});\n\n\t\t\t\t\n\t\t\t\twindow.masterslider_instances = window.masterslider_instances || [];\n\t\t\t\twindow.masterslider_instances.push( masterslider_39b4 );\n\t\t\t });\n\n\t\t})(jQuery);\n\t\t<\/script>\n\n\n<p>&nbsp;<\/p>\n<h3><strong>Vorsprung durch Einfachheit<\/strong><\/h3>\n<p>F\u00fcr diagnostische Tests bietet nano3DSense weitere entscheidende Vorteile: mittels Multiplex-Arrays kann eine gro\u00dfe Anzahl von Analyten, wie z.B. Proteine, DNA oder RNA, auf einen einzigen Mikro-Chip simultan verarbeitet werden. Im Hochdurchsatz, preisg\u00fcnstig und ohne optische Ger\u00e4te. Gleichzeitig wird nur noch ein sehr geringes Volumen des Analyten (z.B. Blutprobe) ben\u00f6tigt, um Ressourcen schonende Messungen zu erm\u00f6glichen.<\/p>\n<h4><strong>Die Vorteile der nano3DSense Diagostik-Plattfor auf einen Blick:<\/strong><\/h4>\n<ul>\n<li>Label freier und pr\u00e4ziser Nachweis von Antik\u00f6rpern ohne Fluoreszenz- oder radioaktive Marker durch rein mikromechanisches Messprinzip<\/li>\n<li>Schnellste Messergebnisse in Echtzeit mit hoher Genauigkeit und Spezifizit\u00e4t auf Basis des bew\u00e4hrten &#8222;Schloss-Schl\u00fcssel-Prinzips&#8220;<\/li>\n<li>Hohe Skalierbarkeit f\u00fcr die Hochdurchsatz-Analyse mit MEMS-Array basierten Multiplex-Chips<\/li>\n<li>Ressourcen schonendes Verfahren erfordert nur geringes Probenvolumen von wenigen \u00b5l (Mikrolitern)<\/li>\n<\/ul>\n<p>Mit vielf\u00e4ltige Einsatzm\u00f6glichkeiten f\u00fcr &#8222;Point of Care (POC)&#8220; sowie in Industrie und Forschung:<\/p>\n<ul>\n<li>Fr\u00fchdiagnose f\u00fcr krankheitsspezifische Biomarker, z.B.:\n<ul>\n<li>Diabetes Mellitus (Typ 2 Diabetes): z.B. Proinsulin, Glukose, Adiponectin, HbA1c<\/li>\n<li>Krebs, z.B. PSA, AFP Antigen, p53 Antik\u00f6rper<\/li>\n<li>Herzkreislauferkrankungen, wie akuter Herzinfarkt (Acute Myocardial Infarction, AMI), z.B. Myoglobin, Troponin, Creatin Kinase und C-reactive Protein CRP) oder Herzinsuffizienz (z.B. BNP (B-Typ Natriuretisches Peptid oder Brain Natriuretic Peptide)<\/li>\n<\/ul>\n<\/li>\n<li>Molekulardiagnostik:\n<ul>\n<li>Hybridisierung und Analyse von ssDNA, RNA, Aptameren oder Oligonukleotiden<\/li>\n<li>DNA Analyse und Nachweis von &#8222;Single Nucleotide Polymorphisms (SNPs)&#8220;<\/li>\n<li>Schneller Nachweis von multiresistenten Bakterien\u00a0 (\u201esuperbugs\u201c) (MRSA, VRE, E. Coli)<\/li>\n<li>Keinze zeitaufwendige\u00a0 PCR-Amplikication (Polymerase Chain Reaction) oder bakterielle Replikation (Petrieschale) erforderlich<\/li>\n<\/ul>\n<\/li>\n<\/ul>\n<ul>\n<li>Serologie von Infektionskrankheiten (Immunoassays z.B. HIV, Hepatitis, Ebola, Masern, R\u00f6teln)<\/li>\n<li>&#8222;Inline- and Online&#8220; Bioprozess-Analyse f\u00fcr die industrielle Herstellung von monoklonalen Antik\u00f6rpern (mAb) im Upstream\/Downstream<\/li>\n<\/ul>\n<p>Wir arbeiten eng mit Entwicklern und Herstellern aus Pharma und Chemie zusammen, um neuen Herausforderungen mit Pionierarbeit zu begegnen.<\/p>\n<h4><a title=\"Kontakt\" href=\"\/de\/kontakt\/\"><strong>Kontaktieren Sie uns:<\/strong> Wir beraten Sie gezielt \u00fcber Einsatzm\u00f6glichkeiten von\u00a0nano3DSense f\u00fcr Ihre eigenen medizinischen Anwendungen.<\/a><\/h4>\n<h4><strong><a title=\"Proben anfordern\" href=\"\/de\/testmuster-bestellen\/\">Oder fordern Sie gleich einen Demonstrator an und testen Sie nano3DSense<sup>\u00a0 <\/sup> auf Herz und Nieren.<\/a><\/strong><\/h4>\n<h3><\/h3>\n<h3>Lesen Sie weiter:<\/h3>\n<h4><span style=\"color: #808080;\"><a style=\"color: #808080;\" title=\"Was wir f\u00fcr Sie tun k\u00f6nnen\" href=\"\/de\/was-wir-fuer-sie-tun-koennen\/\">Was wir f\u00fcr Sie tun k\u00f6nnen<\/a><\/span><\/h4>\n<h4><span style=\"color: #808080;\"><a style=\"color: #808080;\" title=\"Ma\u00dfgeschneiderten Kundenl\u00f6sungen\" href=\"\/de\/massgeschneiderten-kundenloesungen\/\">Ma\u00dfgeschneiderte Kundenl\u00f6sungen im Dienste der Medizin<\/a><\/span><\/h4>\n<h4><span style=\"color: #808080;\"><a style=\"color: #808080;\" title=\"Medizintechnik\" href=\"\/de\/enabling-technology-fuer-drucksensoren-in-der-medizintechnik\/\">Medizinische Sensoren f\u00fcr Implantate und Katheter<\/a><\/span><\/h4>\n<h4><span style=\"color: #808080;\"><a style=\"color: #808080;\" title=\"Antik\u00f6rpernachweis\" href=\"\/de\/label-freier-antikoerpernachweis-in-echtzeit\/\">Biosensoren und &#8222;Point of Care POC&#8220;<\/a><\/span><\/h4>\n<h4><span style=\"color: #808080;\"><a style=\"color: #808080;\" title=\"Ma\u00dfgeschneiderte Kraft- und Dehnungssensoren f\u00fcr MEMS\/NEMS\" href=\"net\/ultrakompakte-kraftsensoren-fuer-memsnems\/\">\u00a0\u00a0\u00a0 <span style=\"color: #3366ff;\"><strong>&gt; MEMS\/NEMS-Sensoren<\/strong><\/span><\/a><\/span><\/h4>\n<h4><span style=\"color: #808080;\"><a style=\"color: #808080;\" title=\"Rasterkraftmikroskopie (AFM)\" href=\"\/de\/ultraschnelle-rasterkraftmikroskopie-afm\/\">Ultrakompakte Kraftsensoren<\/a><\/span><\/h4>\n<h4><span style=\"color: #808080;\"><a style=\"color: #808080;\" title=\"Rapid Prototyping f\u00fcr Mikroelektronik\" href=\"\/de\/rapid-prototyping-fuer-mikroelektronik\/\">Rapid Prototyping (Prototypenentwicklung)<\/a><\/span><\/h4>\n<h4><\/h4>\n<h4><\/h4>\n<h4><\/h4>\n<h4><\/h4>\n<h4><\/h4>\n<h4><\/h4>\n<p>&nbsp;<\/p>\n<p>&nbsp;<\/p>","protected":false},"excerpt":{"rendered":"<p>Die gravierenden Nachteile heutiger Standardverfahren ELISA (Enzyme Linked Immunosorbent Assay) Immun-Assay stellt heute das Standardverfahren f\u00fcr diagnostische Tests dar, um krankheitsspezifische Proteine zu bestimmen. Da es sich hierbei um ein \u201eLabel basiertes\u201c Testsystem mit Fluoreszenz-Markern handelt, sind oft lange Wartezeiten sowie eine aufwendige mikroskopische Auswertung verbunden. In bestimmten F\u00e4llen k\u00f6nnen \u2026<\/p>\n<p class=\"continue-reading-button\"> <a class=\"continue-reading-link\" href=\"https:\/\/nanoss.de\/de\/antikoerpernachweis\/\">Continue reading<i class=\"crycon-right-dir\"><\/i><\/a><\/p>\n","protected":false},"author":1,"featured_media":0,"parent":0,"menu_order":0,"comment_status":"closed","ping_status":"closed","template":"","meta":[],"_links":{"self":[{"href":"https:\/\/nanoss.de\/de\/wp-json\/wp\/v2\/pages\/74"}],"collection":[{"href":"https:\/\/nanoss.de\/de\/wp-json\/wp\/v2\/pages"}],"about":[{"href":"https:\/\/nanoss.de\/de\/wp-json\/wp\/v2\/types\/page"}],"author":[{"embeddable":true,"href":"https:\/\/nanoss.de\/de\/wp-json\/wp\/v2\/users\/1"}],"replies":[{"embeddable":true,"href":"https:\/\/nanoss.de\/de\/wp-json\/wp\/v2\/comments?post=74"}],"version-history":[{"count":214,"href":"https:\/\/nanoss.de\/de\/wp-json\/wp\/v2\/pages\/74\/revisions"}],"predecessor-version":[{"id":4710,"href":"https:\/\/nanoss.de\/de\/wp-json\/wp\/v2\/pages\/74\/revisions\/4710"}],"wp:attachment":[{"href":"https:\/\/nanoss.de\/de\/wp-json\/wp\/v2\/media?parent=74"}],"curies":[{"name":"wp","href":"https:\/\/api.w.org\/{rel}","templated":true}]}}