{"id":76,"date":"2014-10-13T11:39:59","date_gmt":"2014-10-13T11:39:59","guid":{"rendered":"http:\/\/nanoss.apps-1and1.net\/?page_id=76"},"modified":"2026-04-27T07:43:43","modified_gmt":"2026-04-27T05:43:43","slug":"ultrakompakte-kraftsensoren-fuer-memsnems","status":"publish","type":"page","link":"https:\/\/nanoss.de\/de\/massgeschneiderte-kraft-und-dehnungssensoren-fuer-memsnems\/","title":{"rendered":"Ma\u00dfgeschneiderte Sensoren f\u00fcr MEMS\/NEMS"},"content":{"rendered":"<p><\/p>\n<h3>nano3DSense\u00a0schmiegt sich ihrer Messumgebung an \u2013 nahtlos und im 3D-Nanodruck!<\/h3>\n<p>MEMS <em>(Mikro-Elektro-Mechanische Systeme) <\/em>transformieren mechanische in elektrische<a href=\"\/wp-content\/uploads\/2015\/01\/MEMS-3DForce.jpg\" rel=\"lightbox[76]\"><img loading=\"lazy\" class=\"alignright wp-image-2746\" src=\"\/wp-content\/uploads\/2015\/01\/MEMS-3DForce.jpg\" alt=\"MEMS-3DForce\" width=\"259\" height=\"275\" \/><\/a> Energie und umgekehrt. Sie bestehen in der Regel aus einer kleinen biegbaren Kraftunterlage <em> \u2013<\/em>\u00a0z.B.\u00a0 die <em>Druckmembran oder der Krafthebel (Cantilever) \u2013<\/em>\u00a0sowie einem Transducer als Messvorrichtung. Mit zunehmender Miniaturisierung steigen die Anforderungen an die Messtechnik erheblich. Verkleinert man derartige Vorrichtungen auf Nanometerniveau von nur wenigen hundert Nanometern (nm), spricht man von extrem kompakten NEMS <em>(Nano-Elektro-Mechanische Systeme)<\/em>.<\/p>\n<h3><\/h3>\n<h3><\/h3>\n<p>&nbsp;<\/p>\n<h3>Die Grenzen konventioneller Messtechnik in Industrie und Forschung<\/h3>\n<p>Konventionelle Vorrichtungen zur Kr\u00e4fte- oder Druckmessung, wie z.B. Laser, Piezoresistoren oder Kapazit\u00e4tssensoren sto\u00dfen bei stark verkleinerten MEMS\/NEMS-Anwendungen schnell an ihre physikalischen Grenzen, oft bereits bei Abmessungen unterhalb 20 Mikrometer (\u00b5m) (1 \u00b5m = 1000 Nanometer).<\/p>\n<p>Bei laseroptischen Methoden beispielsweise stellt die Beugungsgrenze des Lasers, die nicht kleiner als 1,4 \u00b5m (HWFM, \u201eHalf Width at the Full Maximum\u201c) werden kann, bereits eine nat\u00fcrliche und un\u00fcberwindbare Barriere f\u00fcr die weitere Miniaturisierung dar.<\/p>\n<p>\u00c4hnlich sieht es mit anderen Kraftsensoren, wie z. B. Piezoresistoren, aus. Da diese komplizierte Reinraum- und Dotierungsprozesse erfordern, ist das Miniaturisierungspotential hier meist schon mit Abmessungen von\u00a020\u00a0&#8211; 50\u00a0\u00b5m ausgesch\u00f6pft. Au\u00dferdem sind diese traditionellen Sensorans\u00e4tze meist strikt an das Material Silizium gebunden. Kr\u00e4fte an anderen Materialien, wie Stahl oder Kunststoffen, k\u00f6nnen daher nur \u00fcber Umwege, wie Klebe- und F\u00fcgetechniken, erfasst werden. Bei der Druckmessung mit einer Membran m\u00fcssen sogar komplizierte und fehleranf\u00e4llige Zwischenschritte, wie \u00d6l gef\u00fcllte Kammern zur Kr\u00e4fte\u00fcbertragung, konstruiert werden.<\/p>\n<p>Mit der neuen patentierten <a title=\"nano3DSense auf einen Blick: Branchen \u00fcbergreifende Technologieplattform\" href=\"\/de\/nano3sense-endecken\/\">nano3DSense<sup>TM\u00a0 <\/sup><\/a>&#8211; Technologie entfallen diese l\u00e4stige Zwischenschritte: Dank des innovativen 3D-Nanodruckverfahrens vereinfacht sich der Sensoraufbau ernorm und Sensoren k\u00f6nnen &#8211;\u00a0sofort einsatzbereit &#8211; mit Nanometer &#8211; Pr\u00e4zision und ohne Umwege auf jede MEMS\/NEMS-Kraftunterlage direkt appliziert werden.<\/p>\n<h3>Druckbare Sensoren f\u00fcr MEMS\/NEMS mit echter Nanometerpr\u00e4zision<\/h3>\n<p>Sensoren werden mit <a title=\"nano3DSense auf einen Blick: Branchen \u00fcbergreifende Technologieplattform\" href=\"\/de\/nano3sense-endecken\/\">nano3DSense<sup>TM<\/sup><\/a> erstmals im 3D-Verfahren nanometergenau aufgedruckt, wo sie\u00a0in der\u00a0MEMS\/NEMS-Anwendung sofort f\u00fcr leistungsf\u00e4hige Messaufgaben zur Verf\u00fcgung stehen. Gleichg\u00fcltig auf welchen Materialunterlagen oder Oberfl\u00e4chen. Geeignet sind z.B. alle Materialien aus Silizium, Oxiden, Kunststoff, Polymere, Stahl, Keramiken, u.v.a.<\/p>\n<p><a title=\"nano3DSense auf einen Blick: Branchen \u00fcbergreifende Technologieplattform\" href=\"\/de\/nano3sense-endecken\/\">nano3DSense<sup>TM<\/sup><\/a> passt sich nahtlos und optimal jeder MEMS\/NEMS-Umgebung an und bietet eine Positionier-Genauigkeit\u00a0auf der Unterlage von unterhalb 5 Nanometern, bei Sensorabmessungen, die im Bedarfsfall sogar bis 10 Nanometern reichen. Dies ist Weltrekord! So wird der Sensor exakt dort aufgebracht, wo Kr\u00e4fte und andere Messgr\u00f6\u00dfen tats\u00e4chlich entstehen oder zuverl\u00e4ssig gemessen werden m\u00fcssen. Und dies \u2013 im Unterschied\u00a0z.B. zu Piezoresistoren oder Dehnungsmessstreifen (DMS) \u2013 v\u00f6llig ohne die Messung st\u00f6rende Zwischenlagen oder aufwendige Klebe- und F\u00fcgetechniken.<\/p>\n<p>Der 3D-Druck erlaubt es au\u00dferdem flexibel die Geometrierandbedingungen der MEMS\/NEMS-Komponente w\u00e4hrend der Sensorherstellung einzubeziehen. Der Sensor wird dreidimensional (3D) &#8211;\u00a0unter Umgehen von aufwendigen Reinraum- und Maskenprozessen &#8211; auf der MEMS\/NEMS-Oberfl\u00e4che einfach aufgedruckt (siehe Beispielgrafiken oben und unten).<\/p>\n<p>Ob zur Serienfertigung Ihrer Produkte, f\u00fcr Rapid-Prototyping und F&amp;E bei der Neuentwicklung von anspruchsvollen MEMS\/NEMS-Anwendungen oder schnelles Austesten eines neuen Sensor-Designs: im 3-Nanodruck sichern Sie sich stets einen Zeit- und Kostenvorsprung bei der Umsetzung Ihrer Ideen.<\/p>\n<h3>Ein konkurrenzloser Vorsprung bei Miniaturisierung und Adaptivit\u00e4t<\/h3>\n<p><a title=\"nano3DSense auf einen Blick: Branchen \u00fcbergreifende Technologieplattform\" href=\"\/de\/nano3sense-endecken\/\">nano3DSense<sup>TM<\/sup><\/a> ist eine Technologie \u00fcbergreifende Plattform f\u00fcr Industrie und F&amp;E und deckt eine Vielzahl von dedizierten Aufgaben mit Sensorik-Hintergrund ab. Wenn es um h\u00f6chste Anspr\u00fcche bei Miniaturisierung und Adaptivit\u00e4t an die Messumgebung bzw. Materialien geht, erschlie\u00dfen Sie das ganze Einsatzspektrum der Kraft- und Drucksensorik f\u00fcr Ihre MEMS\/NEMS-Anwendungen neu, z.B.<\/p>\n<ul>\n<li>Kraft- und Drucksensoren f\u00fcr medizinische Ger\u00e4te, wie Katheter, Implantate und Protothesen<\/li>\n<li>Analytik: beim Nachweis von Antik\u00f6rpern, DNA, Viren\/Bakterien und Zell-Untersuchung sowie Kraftspektroskopie<\/li>\n<li>Medizinische Diagnostik: beim Nachweis von Krankheiten, wie Tumore<\/li>\n<li>Gasmesstechnik, z.B. f\u00fcr gef\u00e4hrliche Gase und Explosivstoffe im Personenschutz<\/li>\n<li>Kompakte und schnelle Rasterkraftmikroskopie (AFM) ohne Laser optische Vorrichtungen<\/li>\n<li>Drucksensoren f\u00fcr Vakuumdruck und Labortechnik (Gasfluss\/Mischsysteme\/Lecksucher etc.)<\/li>\n<li>bei Kraft- Beschleunigungs-Drehmoment- und Vibrationssensoren im Bereich Robotik, Automobil, Unterhaltungselektronik, Luft- und Raumfahrt sowie vielen weiteren mikromechanischen Aufgabenstellungen<\/li>\n<\/ul>\n<p>Wir arbeiten eng mit Entwicklern und Herstellern von MEMS\/NEMS und allgemeiner Sensorik zusammen, um diesen neuen Herausforderungen mit Pionierarbeit zu begegnen.<\/p>\n<p>&nbsp;<\/p>\n<h4><a title=\"Kontakt\" href=\"\/de\/kontakt\/\"><strong>Kontaktieren Sie uns:<\/strong> Gerne informieren wir Sie \u00fcber alle Vorz\u00fcge der neuen nano3DSense<sup>TM<\/sup> &#8211; Technologie und beraten Sie \u00fcber Anwendungsm\u00f6glichkeiten auf Ihrem Spezialgebiet.<\/a><\/h4>\n<p>&nbsp;<\/p>","protected":false},"excerpt":{"rendered":"<p>nano3DSense\u00a0schmiegt sich ihrer Messumgebung an \u2013 nahtlos und im 3D-Nanodruck! MEMS (Mikro-Elektro-Mechanische Systeme) transformieren mechanische in elektrische Energie und umgekehrt. Sie bestehen in der Regel aus einer kleinen biegbaren Kraftunterlage \u2013\u00a0z.B.\u00a0 die Druckmembran oder der Krafthebel (Cantilever) \u2013\u00a0sowie einem Transducer als Messvorrichtung. Mit zunehmender Miniaturisierung steigen die Anforderungen an die\u2026<\/p>\n<p class=\"continue-reading-button\"> <a class=\"continue-reading-link\" href=\"https:\/\/nanoss.de\/de\/massgeschneiderte-kraft-und-dehnungssensoren-fuer-memsnems\/\">Continue reading<i class=\"crycon-right-dir\"><\/i><\/a><\/p>\n","protected":false},"author":1,"featured_media":0,"parent":0,"menu_order":0,"comment_status":"closed","ping_status":"closed","template":"","meta":[],"_links":{"self":[{"href":"https:\/\/nanoss.de\/de\/wp-json\/wp\/v2\/pages\/76"}],"collection":[{"href":"https:\/\/nanoss.de\/de\/wp-json\/wp\/v2\/pages"}],"about":[{"href":"https:\/\/nanoss.de\/de\/wp-json\/wp\/v2\/types\/page"}],"author":[{"embeddable":true,"href":"https:\/\/nanoss.de\/de\/wp-json\/wp\/v2\/users\/1"}],"replies":[{"embeddable":true,"href":"https:\/\/nanoss.de\/de\/wp-json\/wp\/v2\/comments?post=76"}],"version-history":[{"count":320,"href":"https:\/\/nanoss.de\/de\/wp-json\/wp\/v2\/pages\/76\/revisions"}],"predecessor-version":[{"id":4897,"href":"https:\/\/nanoss.de\/de\/wp-json\/wp\/v2\/pages\/76\/revisions\/4897"}],"wp:attachment":[{"href":"https:\/\/nanoss.de\/de\/wp-json\/wp\/v2\/media?parent=76"}],"curies":[{"name":"wp","href":"https:\/\/api.w.org\/{rel}","templated":true}]}}