{"id":78,"date":"2014-10-13T11:43:18","date_gmt":"2014-10-13T11:43:18","guid":{"rendered":"http:\/\/nanoss.apps-1and1.net\/?page_id=78"},"modified":"2017-06-20T12:10:14","modified_gmt":"2017-06-20T10:10:14","slug":"massgeschneiderten-kundenloesungen","status":"publish","type":"page","link":"https:\/\/nanoss.de\/de\/massgeschneiderten-kundenloesungen\/","title":{"rendered":"Ma\u00dfgeschneiderten Kundenl\u00f6sungen im Dienste der Medizin"},"content":{"rendered":"<p>&nbsp;<\/p>\n<h3>Vorsprung durch Design: Nicht allt\u00e4gliche Fragestellungen sind unsere St\u00e4rke<\/h3>\n<p>Wir beraten Sie bei allt\u00e4glichen und nicht allt\u00e4glichen Fragen rund um alle Aspekte der Sensorik in der Medizintechnik und den Life Sciences. Die patentierte <a href=\"\/wp-content\/uploads\/2015\/01\/Scientist-Masked.jpg\" rel=\"lightbox[78]\"><img loading=\"lazy\" class=\"alignright wp-image-2864\" src=\"\/wp-content\/uploads\/2015\/01\/Scientist-Masked.jpg\" alt=\"Scientist-Masked\" width=\"348\" height=\"273\" \/><\/a><a title=\"nano3DSense auf einen Blick: Branchen \u00fcbergreifende Technologieplattform\" href=\"\/de\/nano3sense-endecken\/\">nano3DSense<\/a> &#8211; Technologie bietet dabei die Flexibilit\u00e4t auch auf \u201eexotische\u201c Kundenw\u00fcnsche individuell und kostenbewusst einzugehen. Wenn es z.B. um Messaufgaben mit schwierigen Randbedingungen an das Material, wie Biokompatibilit\u00e4t, oder stark miniaturisierte Aufgabenstellungen f\u00fcr minimalinvasive L\u00f6sungen geht, die konventionell nicht oder nur m\u00fchsam l\u00f6sbar sind, sind ausgefallene Wege fast immer unumwindbar. Die heutige Mikrosystemtechnik ist auf hohe Produktionsst\u00fcckzahlen optimiert, kann aber auf individuelle und\u00a0komplexe Fragestellungen nur langsam reagieren. Daher kommen dedizierten Fertigungstechniken, wie <a title=\"nano3DSense auf einen Blick: Branchen \u00fcbergreifende Technologieplattform\" href=\"\/de\/nano3sense-endecken\/\">nano3DSense<\/a>, die sowohl bei der schnellen Prototypenentwicklung (Rapid Prototyping) als auch in der adaptiven Serienproduktion profitabel und effektiv arbeiten, eine immer gr\u00f6\u00dfere Bedeutung zu.<\/p>\n<p>&nbsp;<\/p>\n<h3>Innovation und Vorsprung durch Vielseitigkeit<\/h3>\n<p><a title=\"nano3DSense auf einen Blick: Branchen \u00fcbergreifende Technologieplattform\" href=\"\/de\/nano3sense-endecken\/\">nano3DSense<\/a> bietet in Industrie und Forschung den innovativen und einzigartigen Weg, <a href=\"\/wp-content\/uploads\/2015\/01\/MEMS-Cube.jpg\" rel=\"lightbox[78]\"><img loading=\"lazy\" class=\"alignright wp-image-2863\" src=\"\/wp-content\/uploads\/2015\/01\/MEMS-Cube.jpg\" alt=\"MEMS-Cube\" width=\"301\" height=\"288\" \/><\/a>um f\u00fcr Ihre medizinischen Anwendungen kosteng\u00fcnstig und schnell Neues zu generieren:\u00a0 im flexiblen 3D-Nanodruckverfahren erweitern wir alle g\u00e4ngigen Unterlagen und Materialien, wie Si, SiN, Polymere, Stahl, Glas, Keramiken und Kunststoffe, ma\u00dfgeschneidert mit leistungsf\u00e4higer Sensor-Funktionalit\u00e4t, ob zur Kraft-, Druck-, Beschleunigungs- oder Dehnungsmessung, das entscheiden Sie. Drucken Sie Ihre Sensoren vorteilhaft einfach aus wo sie wollen und legen Sie sofort mit der Messung los.<\/p>\n<p>Wir decken dabei selbst winzige Oberfl\u00e4chen von nur wenigen 10\u00a0nm bis einigen 100\u00a0\u00b5m souver\u00e4n ab, die konventionellen Lithographieverfahren nicht mehr zug\u00e4nglich sind. Dank umfangreicher Patenterechte haben Sie sogar Schutz \u00fcberall auf der Welt f\u00fcr Ihre Produkte und Ideen.<\/p>\n<p>Sind Sie ein Entwickler oder Herstellern von Instrumenten und Ger\u00e4ten aus Medizin, Analytik und Messtechnik, z.B. in Medizintechnik, Pharma, Chemie, Rasterkraftmikroskopie (AFM) oder MEMS\/NEMS-Sensorik und suchen nach neuen Wegen Ihren Produkten einen signifikanten Innovationsschub zu geben?<\/p>\n<h4><a title=\"Kontakt\" href=\"\/de\/kontakt\/\"><strong>Kontaktieren Sie uns:<\/strong> Wir beraten Sie gezielt und individuell \u00fcber die Einsatzm\u00f6glichkeiten von\u00a0nano3DSense<sup>TM<\/sup> f\u00fcr Ihre eigenen Anwendungen.<\/a><\/h4>\n<h4><strong><a title=\"Proben anfordern\" href=\"\/de\/testmuster-bestellen\/\">Oder fordern Sie gleich einen Demonstrator an und testen Sie nano3DSense<sup>TM\u00a0 <\/sup> auf Herz und Nieren.<\/a><\/strong><\/h4>\n<h4><\/h4>\n<p>&nbsp;<\/p>\n<h3>Lesen Sie weiter:<\/h3>\n<p>&nbsp;<\/p>\n<h4><span style=\"color: #808080;\"><a style=\"color: #808080;\" title=\"Was wir f\u00fcr Sie tun k\u00f6nnen\" href=\"\/de\/was-wir-fuer-sie-tun-koennen\/\">Was wir f\u00fcr Sie tun k\u00f6nnen<\/a><\/span><\/h4>\n<h4><span style=\"color: #808080;\"><a style=\"color: #808080;\" title=\"Ma\u00dfgeschneiderten Kundenl\u00f6sungen\" href=\"\/de\/massgeschneiderten-kundenloesungen\/\">Ma\u00dfgeschneiderte Kundenl\u00f6sungen im Dienste der Medizin<\/a><\/span><\/h4>\n<h4><span style=\"color: #808080;\"><a style=\"color: #808080;\" title=\"Medizintechnik\" href=\"\/de\/enabling-technology-fuer-drucksensoren-in-der-medizintechnik\/\">\u00a0\u00a0\u00a0 <span style=\"color: #3366ff;\"><strong>&gt; Medizinische Sensoren f\u00fcr Implantate und Katheter<\/strong><\/span><\/a><\/span><\/h4>\n<h4><span style=\"color: #808080;\"><a style=\"color: #808080;\" title=\"Antik\u00f6rpernachweis\" href=\"\/de\/label-freier-antikoerpernachweis-in-echtzeit\/\">Biosensoren und &#8222;Point of Care POC&#8220;<\/a><\/span><\/h4>\n<h4><span style=\"color: #808080;\"><a style=\"color: #808080;\" title=\"Ma\u00dfgeschneiderte Kraft- und Dehnungssensoren f\u00fcr MEMS\/NEMS\" href=\"net\/ultrakompakte-kraftsensoren-fuer-memsnems\/\">MEMS\/NEMS-Sensoren<\/a><\/span><\/h4>\n<h4><span style=\"color: #808080;\"><a style=\"color: #808080;\" title=\"Rasterkraftmikroskopie (AFM)\" href=\"\/de\/ultraschnelle-rasterkraftmikroskopie-afm\/\">Ultrakompakte Kraftsensoren<\/a><\/span><\/h4>\n<h4><span style=\"color: #808080;\"><a style=\"color: #808080;\" title=\"Rapid Prototyping f\u00fcr Mikroelektronik\" href=\"\/de\/rapid-prototyping-fuer-mikroelektronik\/\">Rapid Prototyping (Prototypenentwicklung)<\/a><\/span><\/h4>\n<h4><\/h4>\n<p>&nbsp;<\/p>\n<div id=\"balloon_parent_div_ab\" class=\"kisb\" style=\"visibility: hidden; position: absolute; left: 687px; top: 297px;\">\n<div class=\"kl_abmenu\">Zu Anti-Banner hinzuf\u00fcgen<\/div>\n<\/div>\n<p><\/p>","protected":false},"excerpt":{"rendered":"<p>&nbsp; Vorsprung durch Design: Nicht allt\u00e4gliche Fragestellungen sind unsere St\u00e4rke Wir beraten Sie bei allt\u00e4glichen und nicht allt\u00e4glichen Fragen rund um alle Aspekte der Sensorik in der Medizintechnik und den Life Sciences. Die patentierte nano3DSense &#8211; Technologie bietet dabei die Flexibilit\u00e4t auch auf \u201eexotische\u201c Kundenw\u00fcnsche individuell und kostenbewusst einzugehen. Wenn \u2026<\/p>\n<p class=\"continue-reading-button\"> <a class=\"continue-reading-link\" href=\"https:\/\/nanoss.de\/de\/massgeschneiderten-kundenloesungen\/\">Continue reading<i class=\"crycon-right-dir\"><\/i><\/a><\/p>\n","protected":false},"author":1,"featured_media":0,"parent":0,"menu_order":0,"comment_status":"closed","ping_status":"closed","template":"","meta":[],"_links":{"self":[{"href":"https:\/\/nanoss.de\/de\/wp-json\/wp\/v2\/pages\/78"}],"collection":[{"href":"https:\/\/nanoss.de\/de\/wp-json\/wp\/v2\/pages"}],"about":[{"href":"https:\/\/nanoss.de\/de\/wp-json\/wp\/v2\/types\/page"}],"author":[{"embeddable":true,"href":"https:\/\/nanoss.de\/de\/wp-json\/wp\/v2\/users\/1"}],"replies":[{"embeddable":true,"href":"https:\/\/nanoss.de\/de\/wp-json\/wp\/v2\/comments?post=78"}],"version-history":[{"count":138,"href":"https:\/\/nanoss.de\/de\/wp-json\/wp\/v2\/pages\/78\/revisions"}],"predecessor-version":[{"id":4709,"href":"https:\/\/nanoss.de\/de\/wp-json\/wp\/v2\/pages\/78\/revisions\/4709"}],"wp:attachment":[{"href":"https:\/\/nanoss.de\/de\/wp-json\/wp\/v2\/media?parent=78"}],"curies":[{"name":"wp","href":"https:\/\/api.w.org\/{rel}","templated":true}]}}