{"id":81,"date":"2014-10-13T12:01:44","date_gmt":"2014-10-13T12:01:44","guid":{"rendered":"http:\/\/nanoss.apps-1and1.net\/?page_id=81"},"modified":"2017-06-20T12:09:12","modified_gmt":"2017-06-20T10:09:12","slug":"was-wir-fuer-sie-tun-koennen","status":"publish","type":"page","link":"https:\/\/nanoss.de\/de\/was-wir-fuer-sie-tun-koennen\/","title":{"rendered":"Was wir f\u00fcr Sie tun k\u00f6nnen"},"content":{"rendered":"<p>&nbsp;<\/p>\n<h3>Ihre Ideen im Mittelpunkt<\/h3>\n<p>Die Bedeutung der <strong>Kraftsensorik<\/strong> oder <strong>Drucksensorik<\/strong> in Life Science, Biotechnologie, Medizin, Pharma &amp; Chemie und Materialanalyse nimmt rasant zu. Ob z.B. bei medizinischen Implantaten oder Kathetern, in der mikrobiologischen und chemischen Analytik oder MEMS\/NEMS-Sensorik: Miniaturisierung und Flexibilit\u00e4t bei Materialien stehen an erster Stelle, wenn es um Erschlie\u00dfung von Neuland geht.<\/p>\n<h3>Nutzen Sie die Migrationsm\u00f6glichkeiten auf die patentierte nano3DSense -Plattform<\/h3>\n<p><a href=\"\/wp-content\/uploads\/2015\/01\/Scientist-Wafer.jpg\" rel=\"lightbox[81]\"><img loading=\"lazy\" class=\"alignright wp-image-2862\" src=\"\/wp-content\/uploads\/2015\/01\/Scientist-Wafer.jpg\" alt=\"Scientist-Wafer\" width=\"409\" height=\"320\" \/><\/a>Ob in Forschung &amp; Entwicklung (F&amp;E) oder im industriellen Engineering, wir bieten, z.B. im Rahmen von Kooperationen oder in Ihrem Auftrag, ma\u00dfgeschneiderte L\u00f6sungen, die mit traditionellen Verfahren der Mikrosystemtechnik nicht mehr oder nur umst\u00e4ndlich zu bewerkstelligen sind.<\/p>\n<p>Herstellern und Entwicklern von Instrumenten und Messger\u00e4ten aus den genannten Bereichen bieten wir individuelle Migrations- und Upgradem\u00f6glichkeiten ihrer bestehenden Systeme (z.B. laseroptische, piezoresistive, kapazitive oder piezoelektrische Verfahren) auf die neue\u00a0unabh\u00e4ngige <a title=\"nano3DSense auf einen Blick: Branchen \u00fcbergreifende Technologieplattform\" href=\"\/de\/nano3sense-endecken\/\">nano3DSense<\/a> &#8211; Plattform. Insbesondere bei Systemen, die noch auf optische Auslesemethoden (z.\u00a0B. bei AFM oder ELISA) setzen und eine komplexe Pr\u00e4zisionsmechanik mit hohem Kalibrieraufwand erfordern, kann durch dedizierte Migration auf die neue kompakte\u00a0<a title=\"nano3DSense auf einen Blick: Branchen \u00fcbergreifende Technologieplattform\" href=\"\/de\/nano3sense-endecken\/\">nano3DSense<\/a> &#8211; Plattform ein echter Innovations- und Leistungsschub generiert werden.<\/p>\n<h3>Sprunghafter Mehrwert durch Einfachheit, Leistung und Kostenvorteil<\/h3>\n<p>Neben sp\u00fcrbarer Leistungssteigerung (z.\u00a0B. bei Messaufl\u00f6sung und Geschwindigkeit) wird durch eine stark vereinfachte Architektur, beispielsweise ohne Laseroptik und Piezoresistoren, auch ein sprunghafter Kosten- und Wettbewerbsvorteil f\u00fcr Sie generiert. Ein Vorteil, den sie an Ihre Kunden weitergeben!<\/p>\n<h3>Forschung &amp; Akademie<\/h3>\n<p>Auch in kurz- oder langfristige Vorhaben aus Forschung und Akademia bringen wir uns nahtlos mit unserem ganzen Know-how ein und bieten hierf\u00fcr sowohl individuelle Dienstleistungen f\u00fcr Ihre wissenschaftliche Arbeit, als auch Kooperationsm\u00f6glichkeiten, z.B. in F&amp;E-Projekten.<\/p>\n<p>&nbsp;<\/p>\n<h4><a title=\"Kontakt\" href=\"\/de\/kontakt\/\"><strong>Kontaktieren Sie uns:<\/strong> Wir beraten Sie bei der Analyse Ihrer Migrationsm\u00f6glichkeiten oder Ideen und sagen Ihnen, wie Sie den gr\u00f6\u00dftm\u00f6glichen Nutzen f\u00fcr Ihre Anwendungen erzielen.<\/a><\/h4>\n<h4><strong><a title=\"Proben anfordern\" href=\"\/de\/testmuster-bestellen\/\">Oder fordern Sie gleich einen Demonstrator an und testen Sie nano3DSense<sup>\u00a0 <\/sup> auf Herz und Nieren.<\/a><\/strong><\/h4>\n<p>&nbsp;<\/p>\n<h3>Lesen Sie weiter:<\/h3>\n<p>&nbsp;<\/p>\n<h4><span style=\"color: #808080;\"><a style=\"color: #808080;\" title=\"Was wir f\u00fcr Sie tun k\u00f6nnen\" href=\"\/de\/was-wir-fuer-sie-tun-koennen\/\">Was wir f\u00fcr Sie tun k\u00f6nnen<\/a><\/span><\/h4>\n<h4><span style=\"color: #808080;\"><a style=\"color: #808080;\" title=\"Ma\u00dfgeschneiderten Kundenl\u00f6sungen\" href=\"\/de\/massgeschneiderten-kundenloesungen\/\">\u00a0\u00a0\u00a0 <span style=\"color: #3366ff;\"><strong>&gt; Ma\u00dfgeschneiderte Kundenl\u00f6sungen im Dienste der Medizin<\/strong><\/span><\/a><\/span><\/h4>\n<h4><span style=\"color: #808080;\"><a style=\"color: #808080;\" title=\"Medizintechnik\" href=\"\/de\/enabling-technology-fuer-drucksensoren-in-der-medizintechnik\/\">Medizinische Sensoren f\u00fcr Implantate und Katheter<\/a><\/span><\/h4>\n<h4><span style=\"color: #808080;\"><a style=\"color: #808080;\" title=\"Antik\u00f6rpernachweis\" href=\"\/de\/label-freier-antikoerpernachweis-in-echtzeit\/\">Biosensoren und &#8222;Point of Care POC&#8220;<\/a><\/span><\/h4>\n<h4><span style=\"color: #808080;\"><a style=\"color: #808080;\" title=\"Ma\u00dfgeschneiderte Kraft- und Dehnungssensoren f\u00fcr MEMS\/NEMS\" href=\"net\/ultrakompakte-kraftsensoren-fuer-memsnems\/\">MEMS\/NEMS-Sensoren<\/a><\/span><\/h4>\n<h4><span style=\"color: #808080;\"><a style=\"color: #808080;\" title=\"Rasterkraftmikroskopie (AFM)\" href=\"\/de\/ultraschnelle-rasterkraftmikroskopie-afm\/\">Ultrakompakte Kraftsensoren<\/a><\/span><\/h4>\n<h4><span style=\"color: #808080;\"><a style=\"color: #808080;\" title=\"Rapid Prototyping f\u00fcr Mikroelektronik\" href=\"\/de\/rapid-prototyping-fuer-mikroelektronik\/\">Rapid Prototyping (Prototypenentwicklung)<\/a><\/span><\/h4>\n<h4><\/h4>\n<p><\/p>","protected":false},"excerpt":{"rendered":"<p>&nbsp; Ihre Ideen im Mittelpunkt Die Bedeutung der Kraftsensorik oder Drucksensorik in Life Science, Biotechnologie, Medizin, Pharma &amp; Chemie und Materialanalyse nimmt rasant zu. Ob z.B. bei medizinischen Implantaten oder Kathetern, in der mikrobiologischen und chemischen Analytik oder MEMS\/NEMS-Sensorik: Miniaturisierung und Flexibilit\u00e4t bei Materialien stehen an erster Stelle, wenn es \u2026<\/p>\n<p class=\"continue-reading-button\"> <a class=\"continue-reading-link\" href=\"https:\/\/nanoss.de\/de\/was-wir-fuer-sie-tun-koennen\/\">Continue reading<i class=\"crycon-right-dir\"><\/i><\/a><\/p>\n","protected":false},"author":1,"featured_media":0,"parent":0,"menu_order":0,"comment_status":"closed","ping_status":"closed","template":"","meta":[],"_links":{"self":[{"href":"https:\/\/nanoss.de\/de\/wp-json\/wp\/v2\/pages\/81"}],"collection":[{"href":"https:\/\/nanoss.de\/de\/wp-json\/wp\/v2\/pages"}],"about":[{"href":"https:\/\/nanoss.de\/de\/wp-json\/wp\/v2\/types\/page"}],"author":[{"embeddable":true,"href":"https:\/\/nanoss.de\/de\/wp-json\/wp\/v2\/users\/1"}],"replies":[{"embeddable":true,"href":"https:\/\/nanoss.de\/de\/wp-json\/wp\/v2\/comments?post=81"}],"version-history":[{"count":96,"href":"https:\/\/nanoss.de\/de\/wp-json\/wp\/v2\/pages\/81\/revisions"}],"predecessor-version":[{"id":4708,"href":"https:\/\/nanoss.de\/de\/wp-json\/wp\/v2\/pages\/81\/revisions\/4708"}],"wp:attachment":[{"href":"https:\/\/nanoss.de\/de\/wp-json\/wp\/v2\/media?parent=81"}],"curies":[{"name":"wp","href":"https:\/\/api.w.org\/{rel}","templated":true}]}}